{"id":6199,"date":"2018-03-19T14:25:34","date_gmt":"2018-03-19T13:25:34","guid":{"rendered":"http:\/\/klubmamgdynia.pl\/index.php\/produkt\/jump-force-ultimate-edition-digital\/"},"modified":"2026-04-23T07:48:02","modified_gmt":"2026-04-23T05:48:02","slug":"jump-force-ultimate-edition-digital","status":"publish","type":"product","link":"http:\/\/klubmamgdynia.pl\/index.php\/produkt\/jump-force-ultimate-edition-digital\/","title":{"rendered":"Jump Force Ultimate Edition (Digital)"},"content":{"rendered":"<p>Jump ForceNajwi\u0119ksi bohaterowie i z\u0142oczy\u0144cy wszech czas\u00f3w spotkali si\u0119 aby uczci\u0107 50 lecie najbardziej wp\u0142ywowego na \u015bwiecie magazynu o tematyce manga &#8211; Weekly Sh\u014dnen Jump.Dzi\u0119ki zawarciu w grze najpopularniejszych i najbardziej klasycznych tytu\u0142\u00f3w manga i anime na \u015bwiecie, w tym Dragon Ball Z, One Piece, Naruto i wielu innych, gracze b\u0119d\u0105 mogli stworzy\u0107 sw\u00f3j trzyosobowy zesp\u00f3\u0142 bohater\u00f3w i stan\u0105\u0107 z nim do bitwy na arenach zlokalizowanych na tle najbardziej znanych miejsc na ca\u0142ym \u015bwiecie, takich jak Times Square w Nowym Jorku czy g\u00f3ra Matterhorn w Alpach.Wykorzystuj\u0105c silnik Unreal 4, Jump Force po raz pierwszy przedstawi tych tytan\u00f3w japo\u0144skiej popkultury w niezwykle realistycznych detalach.                            <\/p>\n<p>Pokonaj si\u0142y z\u0142aLinia, kt\u00f3ra oddziela nasz ziemski \u015bwiat od \u015bwiata JUMP uleg\u0142a zatarciu. Si\u0142y z\u0142a przenios\u0142y si\u0119 do realnego \u015bwiata, aby rz\u0105dzi\u0107 ludzko\u015bci\u0105.Najwi\u0119ksi bohaterowie znani z mangi i anime, tacy jak Goku, Luffy, Naruto, a tak\u017ce wielu innych, kt\u00f3rzy jeszcze nie zostali ujawnieni, musz\u0105 po\u0142\u0105czy\u0107 si\u0142y, aby zatriumfowa\u0107 nad si\u0142ami z\u0142a przybywaj\u0105cymi ze \u015bwiata JUMP.<\/p>\n<h2>Jump Force Ultimate Edition (Digital) Namco Bandai<\/h2>\n<p>kolorowanki dla ch\u0142opc\u00f3w do druku, zagadki o zwierz\u0119tach wiejskich, co kupi\u0107 nastolatce na urodziny, pikachu do druku, rodzina cytaty, pieski ma\u0142e dwa tekst, ja\u015bmina imi\u0119, kuku\u0142eczka kuka tekst, quiz o kosmosie dla dzieci, miastodzieci, sentencje o dzieciach, everest psi patrol kolorowanka, zagadki o lesie, opis o dziecku, kuba imi\u0119, prezent dla 7 latka na urodziny, p\u0142onie ognisko w lesie, bajka dla dziewczynek, atrakcje do 30 km od wroc\u0142awia, kotki kolorowanka, quizy dla dzieci z bajek<\/p>\n<p>yyyyy<\/p>\n<p>&nbsp;<\/p>\n","protected":false},"excerpt":{"rendered":"<p>Jump ForceNajwi\u0119ksi bohaterowie i z\u0142oczy\u0144cy wszech czas\u00f3w spotkali si\u0119 aby uczci\u0107 50 lecie najbardziej wp\u0142ywowego na \u015bwiecie magazynu o tematyce manga &#8211; Weekly Sh\u014dnen Jump.Dzi\u0119ki zawarciu w grze najpopularniejszych i najbardziej klasycznych tytu\u0142\u00f3w manga i anime na \u015bwiecie, w tym Dragon Ball Z, One Piece, Naruto i wielu innych, gracze b\u0119d\u0105 mogli stworzy\u0107 sw\u00f3j trzyosobowy [&hellip;]<\/p>\n","protected":false},"featured_media":6200,"comment_status":"closed","ping_status":"open","template":"","meta":[],"product_cat":[352,1438],"product_tag":[700,676,876],"class_list":["post-6199","product","type-product","status-publish","has-post-thumbnail","hentry","product_cat-gry-do-pobrania-na-pc","product_cat-namco-bandai","product_tag-bajki-do-czytania-dla-dzieci","product_tag-bursztynek","product_tag-przyjazn"],"_links":{"self":[{"href":"http:\/\/klubmamgdynia.pl\/index.php\/wp-json\/wp\/v2\/product\/6199","targetHints":{"allow":["GET"]}}],"collection":[{"href":"http:\/\/klubmamgdynia.pl\/index.php\/wp-json\/wp\/v2\/product"}],"about":[{"href":"http:\/\/klubmamgdynia.pl\/index.php\/wp-json\/wp\/v2\/types\/product"}],"replies":[{"embeddable":true,"href":"http:\/\/klubmamgdynia.pl\/index.php\/wp-json\/wp\/v2\/comments?post=6199"}],"wp:featuredmedia":[{"embeddable":true,"href":"http:\/\/klubmamgdynia.pl\/index.php\/wp-json\/wp\/v2\/media\/6200"}],"wp:attachment":[{"href":"http:\/\/klubmamgdynia.pl\/index.php\/wp-json\/wp\/v2\/media?parent=6199"}],"wp:term":[{"taxonomy":"product_cat","embeddable":true,"href":"http:\/\/klubmamgdynia.pl\/index.php\/wp-json\/wp\/v2\/product_cat?post=6199"},{"taxonomy":"product_tag","embeddable":true,"href":"http:\/\/klubmamgdynia.pl\/index.php\/wp-json\/wp\/v2\/product_tag?post=6199"}],"curies":[{"name":"wp","href":"https:\/\/api.w.org\/{rel}","templated":true}]}}