{"id":62,"date":"2013-01-22T23:09:52","date_gmt":"2013-01-22T22:09:52","guid":{"rendered":"http:\/\/klubmamgdynia.pl\/index.php\/produkt\/ramiz-pojazd-quad-atv-desert-czarny\/"},"modified":"2026-04-14T22:57:59","modified_gmt":"2026-04-14T20:57:59","slug":"ramiz-pojazd-quad-atv-desert-czarny","status":"publish","type":"product","link":"http:\/\/klubmamgdynia.pl\/index.php\/produkt\/ramiz-pojazd-quad-atv-desert-czarny\/","title":{"rendered":"Ramiz Pojazd Quad Atv Desert Czarny"},"content":{"rendered":"<p>SpecyfikacjaPojazd Quad ATV DesertSiniki4x45WNap\u0119dZmienny nap\u0119d na 2 lub 4 ko\u0142a (obs\u0142uga za pomoc\u0105 prze\u0142\u0105cznika),Akumulator12V\/10AhPilot 2.4 GHz,3 Pr\u0119dko\u015bci,Przycisk bezpiecze\u0144stwa Stop,Ko\u0142aPiankowe ko\u0142a EVA, 35 x 15 cm,Amortyzatory2 x prz\u00f3d,2 x ty\u0142BiegiWolny Start,2Prz\u00f3d\/Ty\u0142,\u015awiat\u0142a \u015awiat\u0142a LED,Przednie\/tylne,W\u0142\u0105cznik \u015bwiate\u0142,Wyposa\u017ceniePanel AudioMP3,SD, Wgrane melodyjki,AUX,USB, Wska\u017anik Na\u0142adowaniaTak,StartKluczyk,SiedzenieCzarna Wentylowana Ekosk\u00f3ra,31 x 18 cmWymiaryRozmiar PojazduD\u0142ugo\u015b\u0107 113 cm,Szeroko\u015b\u0107 68 cm,Wysoko\u015b\u0107 78 cm,Waga Pojazdu22,9 Kg,Rozmiar Kartonu102 x 64 x 53 cm,Waga Kartonu29Kg,Maksymalne Obci\u0105\u017cenie30 Kg,Prze\u015bwit21 cm,Wyposa\u017cenie DodatkoweInstrukcja + Zestaw Monta\u017cowy,\u0141adowarka 1000mA,Kabel Mini Jack,<\/p>\n<h2>Ramiz Pojazd Quad Atv Desert Czarny Ramiz<\/h2>\n<p>mateusz imi\u0119, nietypowe imiona \u017ce\u0144skie, quiz bo\u017ce narodzenie, nauka pisania literek do wydruku pdf, aurelia, zagadki z odpowiedziami, pomys\u0142y na prezent na roczek, imie pola, konkurs dla dzieci, kolorowanki harry potter, kolorowanka ninjago, prezenty dla nastolatka, kolorowanki lego ninjago, hello kitty kolorowanka<\/p>\n<p>yyyyy<\/p>\n<p>&nbsp;<\/p>\n","protected":false},"excerpt":{"rendered":"<p>SpecyfikacjaPojazd Quad ATV DesertSiniki4x45WNap\u0119dZmienny nap\u0119d na 2 lub 4 ko\u0142a (obs\u0142uga za pomoc\u0105 prze\u0142\u0105cznika),Akumulator12V\/10AhPilot 2.4 GHz,3 Pr\u0119dko\u015bci,Przycisk bezpiecze\u0144stwa Stop,Ko\u0142aPiankowe ko\u0142a EVA, 35 x 15 cm,Amortyzatory2 x prz\u00f3d,2 x ty\u0142BiegiWolny Start,2Prz\u00f3d\/Ty\u0142,\u015awiat\u0142a \u015awiat\u0142a LED,Przednie\/tylne,W\u0142\u0105cznik \u015bwiate\u0142,Wyposa\u017ceniePanel AudioMP3,SD, Wgrane melodyjki,AUX,USB, Wska\u017anik Na\u0142adowaniaTak,StartKluczyk,SiedzenieCzarna Wentylowana Ekosk\u00f3ra,31 x 18 cmWymiaryRozmiar PojazduD\u0142ugo\u015b\u0107 113 cm,Szeroko\u015b\u0107 68 cm,Wysoko\u015b\u0107 78 cm,Waga Pojazdu22,9 Kg,Rozmiar Kartonu102 x 64 [&hellip;]<\/p>\n","protected":false},"featured_media":63,"comment_status":"closed","ping_status":"open","template":"","meta":[],"product_cat":[36,24],"product_tag":[642,646,586,629,840],"class_list":["post-62","product","type-product","status-publish","has-post-thumbnail","hentry","product_cat-ramiz","product_cat-samochody-dla-dzieci","product_tag-mia-imie","product_tag-prezent-na-pierwsze-urodziny","product_tag-smieszne-zagadki","product_tag-smieszne-zagadki-z-odpowiedziami","product_tag-stare-bajki"],"_links":{"self":[{"href":"http:\/\/klubmamgdynia.pl\/index.php\/wp-json\/wp\/v2\/product\/62","targetHints":{"allow":["GET"]}}],"collection":[{"href":"http:\/\/klubmamgdynia.pl\/index.php\/wp-json\/wp\/v2\/product"}],"about":[{"href":"http:\/\/klubmamgdynia.pl\/index.php\/wp-json\/wp\/v2\/types\/product"}],"replies":[{"embeddable":true,"href":"http:\/\/klubmamgdynia.pl\/index.php\/wp-json\/wp\/v2\/comments?post=62"}],"wp:featuredmedia":[{"embeddable":true,"href":"http:\/\/klubmamgdynia.pl\/index.php\/wp-json\/wp\/v2\/media\/63"}],"wp:attachment":[{"href":"http:\/\/klubmamgdynia.pl\/index.php\/wp-json\/wp\/v2\/media?parent=62"}],"wp:term":[{"taxonomy":"product_cat","embeddable":true,"href":"http:\/\/klubmamgdynia.pl\/index.php\/wp-json\/wp\/v2\/product_cat?post=62"},{"taxonomy":"product_tag","embeddable":true,"href":"http:\/\/klubmamgdynia.pl\/index.php\/wp-json\/wp\/v2\/product_tag?post=62"}],"curies":[{"name":"wp","href":"https:\/\/api.w.org\/{rel}","templated":true}]}}