{"id":6203,"date":"2024-05-04T04:10:12","date_gmt":"2024-05-04T02:10:12","guid":{"rendered":"http:\/\/klubmamgdynia.pl\/?post_type=product&#038;p=6203"},"modified":"2026-05-02T14:41:50","modified_gmt":"2026-05-02T12:41:50","slug":"szabloneria-szablony-malarskie-alfabet-litery-arial-34-znaki-wysokosc-znaku-60cm-grubosc-03mm","status":"publish","type":"product","link":"http:\/\/klubmamgdynia.pl\/index.php\/produkt\/szabloneria-szablony-malarskie-alfabet-litery-arial-34-znaki-wysokosc-znaku-60cm-grubosc-03mm\/","title":{"rendered":"Szabloneria Szablony Malarskie Alfabet Litery Arial 34 Znaki Wysoko\u015b\u0107 Znaku 60Cm Grubo\u015b\u0107 0,3Mm"},"content":{"rendered":"<p>Szablony malarskie LITERY wykonane z tworzywa do wielokrotnego wykorzystaniaW zestawie znajduj\u0105 si\u0119 34 szablony: Liter z polskimi znakami Wysoko\u015b\u0107 znaku: 60 cm (rozmiar 11XL), szeroko\u015b\u0107 proporcjonalna do kroju danego znaku,Kr\u00f3j pisma: ARIALKa\u017cda litera na osobnym arkuszu p\u00f3\u0142przezroczystego tworzywa (PP) grubo\u015bci 0,3 mm.Szablony z grubszego tworzywa (1mm) oraz inne wysoko\u015bci znak\u00f3w znajdziesz r\u00f3wnie\u017c w naszym sklepie.Je\u015bli potrzebujesz innych &#8211; wy\u017cszych znak\u00f3w- zapytaj o wycen\u0119.Grubo\u015b\u0107 tworzywa pozwala na mocowanie za pomoc\u0105 kleju w aerozolu, a tak\u017ce na odrysowanie znak\u00f3w po konturach, lub wype\u0142nianie ich bezpo\u015brednio farb\u0105 za pomoc\u0105 p\u0119dzla,Zastosowanie szablon\u00f3w malarskich: do biura i domu,oznakowanie urz\u0105dze\u0144,pojazd\u00f3w,oznaczanie teczek biurowych, karton\u00f3w, urz\u0105dze\u0144, maszyn, pojazd\u00f3w (np taboru kolejowego), budynk\u00f3w, klatek, pi\u0119ter, numer\u00f3w pokoj\u00f3w hotelowych, miejsc parkingowych, oznacze\u0144 na pojemnikach,malowanie dekoracyjnych napis\u00f3w itp. do zastosowa\u0144 przemys\u0142owych,w le\u015bnictwie do oznakowania drzew i drewna,ewidencjonowanie element\u00f3w wyposa\u017cenia podczas inwentaryzacji, Przybory do malowania znajdziesz tu:Czym malowa\u0107? Odpowiednie b\u0119d\u0105 dowolne farby bez zawarto\u015bci rozpuszczalnika nak\u0142adane p\u0119dzlem szablonowym lub g\u0105bk\u0105.Grubo\u015b\u0107 tworzywa pozwala tak\u017ce na obrysowanie konturu lub np. wype\u0142nienie markerem.Do malowania na tkaninach s\u0142u\u017c\u0105 tzw. &#8222;suche&#8221; farby w sztyfcie. Tkaniny mo\u017cna pra\u0107 po utrwaleniu farby \u017celazkiem.Pakowanie: w torebk\u0119 strunow\u0105 z etykiet\u0105 producenta.Kup \u0142atwo bez potrzeby rejestracji ani logowania. Dodaj produkt do koszyka i wype\u0142nij formularz dostawy.<\/p>\n<h2>Szabloneria Szablony Malarskie Alfabet Litery Arial 34 Znaki Wysoko\u015b\u0107 Znaku 60Cm Grubo\u015b\u0107 0,3Mm Szabloneria<\/h2>\n<p>dziwne zagadki, znaczenia imienia alicja, podchwytliwe zagadki dla doros\u0142ych, kolorowanka ksi\u0119\u017cniczka, cookie dough przepis, kiekrz, menu urodzinowe dla dzieci w wieku 8 10 lat, 45 pa\u0144stw europy i ich stolice quiz<\/p>\n<p>yyyyy<\/p>\n<p>&nbsp;<\/p>\n","protected":false},"excerpt":{"rendered":"<p>Szablony malarskie LITERY wykonane z tworzywa do wielokrotnego wykorzystaniaW zestawie znajduj\u0105 si\u0119 34 szablony: Liter z polskimi znakami Wysoko\u015b\u0107 znaku: 60 cm (rozmiar 11XL), szeroko\u015b\u0107 proporcjonalna do kroju danego znaku,Kr\u00f3j pisma: ARIALKa\u017cda litera na osobnym arkuszu p\u00f3\u0142przezroczystego tworzywa (PP) grubo\u015bci 0,3 mm.Szablony z grubszego tworzywa (1mm) oraz inne wysoko\u015bci znak\u00f3w znajdziesz r\u00f3wnie\u017c w naszym sklepie.Je\u015bli [&hellip;]<\/p>\n","protected":false},"featured_media":6204,"comment_status":"closed","ping_status":"open","template":"","meta":[],"product_cat":[1440,1439],"product_tag":[696,785,591,616,592],"class_list":["post-6203","product","type-product","status-publish","has-post-thumbnail","hentry","product_cat-naklejki-i-szablony","product_cat-szabloneria","product_tag-film-rodzinny-o-swietach","product_tag-prezent-dla-nastolatkow","product_tag-quiz-o-minecraft","product_tag-test-mikolajek-25-pytan","product_tag-zagadki-dla-dzieci"],"_links":{"self":[{"href":"http:\/\/klubmamgdynia.pl\/index.php\/wp-json\/wp\/v2\/product\/6203","targetHints":{"allow":["GET"]}}],"collection":[{"href":"http:\/\/klubmamgdynia.pl\/index.php\/wp-json\/wp\/v2\/product"}],"about":[{"href":"http:\/\/klubmamgdynia.pl\/index.php\/wp-json\/wp\/v2\/types\/product"}],"replies":[{"embeddable":true,"href":"http:\/\/klubmamgdynia.pl\/index.php\/wp-json\/wp\/v2\/comments?post=6203"}],"wp:featuredmedia":[{"embeddable":true,"href":"http:\/\/klubmamgdynia.pl\/index.php\/wp-json\/wp\/v2\/media\/6204"}],"wp:attachment":[{"href":"http:\/\/klubmamgdynia.pl\/index.php\/wp-json\/wp\/v2\/media?parent=6203"}],"wp:term":[{"taxonomy":"product_cat","embeddable":true,"href":"http:\/\/klubmamgdynia.pl\/index.php\/wp-json\/wp\/v2\/product_cat?post=6203"},{"taxonomy":"product_tag","embeddable":true,"href":"http:\/\/klubmamgdynia.pl\/index.php\/wp-json\/wp\/v2\/product_tag?post=6203"}],"curies":[{"name":"wp","href":"https:\/\/api.w.org\/{rel}","templated":true}]}}