{"id":6207,"date":"2015-02-12T06:06:38","date_gmt":"2015-02-12T05:06:38","guid":{"rendered":"http:\/\/klubmamgdynia.pl\/index.php\/produkt\/noson-aspirator-do-nosa-dla-dzieci-od-1-dnia-zycia-1szt-wymienne-koncowki-4szt\/"},"modified":"2026-05-17T22:03:38","modified_gmt":"2026-05-17T20:03:38","slug":"noson-aspirator-do-nosa-dla-dzieci-od-1-dnia-zycia-1szt-wymienne-koncowki-4szt","status":"publish","type":"product","link":"http:\/\/klubmamgdynia.pl\/index.php\/produkt\/noson-aspirator-do-nosa-dla-dzieci-od-1-dnia-zycia-1szt-wymienne-koncowki-4szt\/","title":{"rendered":"Noson Aspirator Do Nosa Dla Dzieci Od 1 Dnia \u017bycia 1szt. + Wymienne Ko\u0144c\u00f3wki 4szt."},"content":{"rendered":"<p>Aspirator do nosa NOSON jest wyrobem medycz\u00adnym przeznaczonym do bezpiecznego usuwania wydzieliny z nosa poprzez jej delikatne odsysanie. Ka\u017cdy aspirator wyposa\u017cony jest w ch\u0142onny, higie\u00adniczny filtr zatrzymuj\u0105cy odsysan\u0105 wydzielin\u0119.Zastosowanie: przynosi ulg\u0119 w grypie, przezi\u0119bieniu, zapaleniu zatok oraz innych stanach chorobowych charakteryzuj\u0105cych si\u0119 zwi\u0119kszon\u0105 ilo\u015bci\u0105 wydzie\u00adliny z nosa. Skutecznie odprowadza nadmiar wydzieliny, przynosz\u0105c dziecku ulg\u0119 i u\u0142atwiaj\u0105c mu oddychanie.Spos\u00f3b u\u017cycia: umie\u015bci\u0107 ko\u0144c\u00f3wk\u0119 w przedniej cz\u0119\u015bci aspiratora. Umie\u015bci\u0107 ko\u0144c\u00f3wk\u0119 aplikatora w otworze nosowym. Zasysa\u0107 delikatnie, powoli i r\u00f3wnomiernie, powietrze przez ustnik. Powt\u00f3rzy\u0107 czynno\u015b\u0107 umie\u015bciwszy ko\u0144c\u00f3wk\u0119 w drugim otworze nosowym. Usun\u0105\u0107 wymienn\u0105 ko\u0144c\u00f3wk\u0119 zawieraj\u0105c\u0105 wydzielin\u0119. Nie u\u017cywa\u0107 ponownie. Je\u015bli wymienna ko\u0144c\u00f3wka zawiera wydzielin\u0119 przed uko\u0144czeniem udra\u017cniania obydwu otwor\u00f3w nosowych, usun\u0105\u0107 ko\u0144c\u00f3wk\u0119 i zastosowa\u0107 now\u0105. Ko\u0144c\u00f3wk\u0119 zawieraj\u0105c\u0105 wydzielin\u0119 nale\u017cy usun\u0105\u0107 i nie u\u017cywa\u0107 jej ponownie, by nie dopu\u015bci\u0107 do ponownej infekcji.Wa\u017cne wskaz\u00f3wki:Aspirator do nosa NOSON przeznaczony jest do u\u017cytku wy\u0142\u0105cznie z wymiennymi ko\u0144c\u00f3wkami NOSON.Dystrybutor:Oleofarm Sp. z o.o.,ul. Mokronoska 852-407 Wroc\u0142aw.<\/p>\n<h2>Noson Aspirator Do Nosa Dla Dzieci Od 1 Dnia \u017bycia 1szt. + Wymienne Ko\u0144c\u00f3wki 4szt. Oleofarm<\/h2>\n<p>traktor z przyczep\u0105 kolorowanka, bajki do czytania online, domki z rolek po papierze toaletowym, kontynenty do druku, pomys\u0142 na prezent dla nastolatka, papuga kolorowanka, wierszyk o wakacjach, ozdoby choinkowe dla dzieci, wiersz o marzannie, prezent dla jedenastolatki, ch\u0142opcy z placu broni &#8211; test z odpowiedziami, zagadki dla dzieci 4-5 lat, litera y do druku, quizy dla dzieci 8 lat, kubu\u015b puchatek cytaty, literki do druku, \u0142amig\u0142\u00f3wki dla dzieci do druku, karaluchy pod poduchy a szczypawki, pa\u0144stwa miasta wz\u00f3r, kolorowanki \u015bwinka peppa<\/p>\n<p>yyyyy<\/p>\n<p>&nbsp;<\/p>\n","protected":false},"excerpt":{"rendered":"<p>Aspirator do nosa NOSON jest wyrobem medycz\u00adnym przeznaczonym do bezpiecznego usuwania wydzieliny z nosa poprzez jej delikatne odsysanie. Ka\u017cdy aspirator wyposa\u017cony jest w ch\u0142onny, higie\u00adniczny filtr zatrzymuj\u0105cy odsysan\u0105 wydzielin\u0119.Zastosowanie: przynosi ulg\u0119 w grypie, przezi\u0119bieniu, zapaleniu zatok oraz innych stanach chorobowych charakteryzuj\u0105cych si\u0119 zwi\u0119kszon\u0105 ilo\u015bci\u0105 wydzie\u00adliny z nosa. Skutecznie odprowadza nadmiar wydzieliny, przynosz\u0105c dziecku ulg\u0119 i [&hellip;]<\/p>\n","protected":false},"featured_media":6208,"comment_status":"closed","ping_status":"open","template":"","meta":[],"product_cat":[953,1187],"product_tag":[833,801,676,584,814],"class_list":["post-6207","product","type-product","status-publish","has-post-thumbnail","hentry","product_cat-aspiratory-i-gruszki-do-nosa","product_cat-oleofarm","product_tag-bajki-dla-dzieci-do-czytania","product_tag-bajki-terapeutyczne-o-emocjach","product_tag-bursztynek","product_tag-liwia","product_tag-prezenty-dla-nastolatek"],"_links":{"self":[{"href":"http:\/\/klubmamgdynia.pl\/index.php\/wp-json\/wp\/v2\/product\/6207","targetHints":{"allow":["GET"]}}],"collection":[{"href":"http:\/\/klubmamgdynia.pl\/index.php\/wp-json\/wp\/v2\/product"}],"about":[{"href":"http:\/\/klubmamgdynia.pl\/index.php\/wp-json\/wp\/v2\/types\/product"}],"replies":[{"embeddable":true,"href":"http:\/\/klubmamgdynia.pl\/index.php\/wp-json\/wp\/v2\/comments?post=6207"}],"wp:featuredmedia":[{"embeddable":true,"href":"http:\/\/klubmamgdynia.pl\/index.php\/wp-json\/wp\/v2\/media\/6208"}],"wp:attachment":[{"href":"http:\/\/klubmamgdynia.pl\/index.php\/wp-json\/wp\/v2\/media?parent=6207"}],"wp:term":[{"taxonomy":"product_cat","embeddable":true,"href":"http:\/\/klubmamgdynia.pl\/index.php\/wp-json\/wp\/v2\/product_cat?post=6207"},{"taxonomy":"product_tag","embeddable":true,"href":"http:\/\/klubmamgdynia.pl\/index.php\/wp-json\/wp\/v2\/product_tag?post=6207"}],"curies":[{"name":"wp","href":"https:\/\/api.w.org\/{rel}","templated":true}]}}