{"id":621,"date":"2023-12-20T14:47:05","date_gmt":"2023-12-20T13:47:05","guid":{"rendered":"http:\/\/klubmamgdynia.pl\/?post_type=product&#038;p=621"},"modified":"2026-05-01T15:05:31","modified_gmt":"2026-05-01T13:05:31","slug":"mam-opakowanie-na-smoczek","status":"publish","type":"product","link":"http:\/\/klubmamgdynia.pl\/index.php\/produkt\/mam-opakowanie-na-smoczek\/","title":{"rendered":"Mam Opakowanie na smoczek"},"content":{"rendered":"<p>MAM Pacifier POD zosta\u0142 opracowany przez projektant\u00f3w MAM, aby wspiera\u0107 rodzic\u00f3w podczas aktywnego, pe\u0142nego zaj\u0119\u0107 dnia. Stylowe opakowanie zamykane na suwak do przechowywania i przenoszenia dw\u00f3ch smoczk\u00f3w mo\u017cna przypi\u0105\u0107 do paska, torby lub w\u00f3zka. Gwarantuje zachowanie czysto\u015bci smoczka oraz zapobiega jego zgubieniu. Sprzedawane bez smoczk\u00f3w.<\/p>\n<h2>Mam Opakowanie na smoczek MAM<\/h2>\n<p>bajki dla dzieci czytane, pierwsze urodziny prezent na roczek dla dziewczynki, kolorowe ciasto, lol kolorowanki do druku, prezenty urodzinowe dla nastolatk\u00f3w, test z dynastii mizio\u0142k\u00f3w, atrakcje dla dzieci tr\u00f3jmiasto, kolorowanki pieski, \u017carty prima aprilis, jad\u0105 jad\u0105 misie tekst, kontynenty do druku<\/p>\n<p>yyyyy<\/p>\n<p>&nbsp;<\/p>\n","protected":false},"excerpt":{"rendered":"<p>MAM Pacifier POD zosta\u0142 opracowany przez projektant\u00f3w MAM, aby wspiera\u0107 rodzic\u00f3w podczas aktywnego, pe\u0142nego zaj\u0119\u0107 dnia. Stylowe opakowanie zamykane na suwak do przechowywania i przenoszenia dw\u00f3ch smoczk\u00f3w mo\u017cna przypi\u0105\u0107 do paska, torby lub w\u00f3zka. Gwarantuje zachowanie czysto\u015bci smoczka oraz zapobiega jego zgubieniu. Sprzedawane bez smoczk\u00f3w. Mam Opakowanie na smoczek MAM bajki dla dzieci czytane, pierwsze [&hellip;]<\/p>\n","protected":false},"featured_media":622,"comment_status":"closed","ping_status":"open","template":"","meta":[],"product_cat":[233,239],"product_tag":[855,609,625],"class_list":["post-621","product","type-product","status-publish","has-post-thumbnail","hentry","product_cat-mam","product_cat-pojemniki-na-smoczki","product_tag-nietypowe-imiona-zenskie","product_tag-quiz-flagi-europy","product_tag-trojmiasto-atrakcje-dla-dzieci"],"_links":{"self":[{"href":"http:\/\/klubmamgdynia.pl\/index.php\/wp-json\/wp\/v2\/product\/621","targetHints":{"allow":["GET"]}}],"collection":[{"href":"http:\/\/klubmamgdynia.pl\/index.php\/wp-json\/wp\/v2\/product"}],"about":[{"href":"http:\/\/klubmamgdynia.pl\/index.php\/wp-json\/wp\/v2\/types\/product"}],"replies":[{"embeddable":true,"href":"http:\/\/klubmamgdynia.pl\/index.php\/wp-json\/wp\/v2\/comments?post=621"}],"wp:featuredmedia":[{"embeddable":true,"href":"http:\/\/klubmamgdynia.pl\/index.php\/wp-json\/wp\/v2\/media\/622"}],"wp:attachment":[{"href":"http:\/\/klubmamgdynia.pl\/index.php\/wp-json\/wp\/v2\/media?parent=621"}],"wp:term":[{"taxonomy":"product_cat","embeddable":true,"href":"http:\/\/klubmamgdynia.pl\/index.php\/wp-json\/wp\/v2\/product_cat?post=621"},{"taxonomy":"product_tag","embeddable":true,"href":"http:\/\/klubmamgdynia.pl\/index.php\/wp-json\/wp\/v2\/product_tag?post=621"}],"curies":[{"name":"wp","href":"https:\/\/api.w.org\/{rel}","templated":true}]}}