{"id":6211,"date":"2020-10-23T01:52:05","date_gmt":"2020-10-22T23:52:05","guid":{"rendered":"http:\/\/klubmamgdynia.pl\/index.php\/produkt\/tm-toys-peppa-pociag-pani-krolik-06152\/"},"modified":"2026-04-03T21:46:34","modified_gmt":"2026-04-03T19:46:34","slug":"tm-toys-peppa-pociag-pani-krolik-06152","status":"publish","type":"product","link":"http:\/\/klubmamgdynia.pl\/index.php\/produkt\/tm-toys-peppa-pociag-pani-krolik-06152\/","title":{"rendered":"TM Toys Peppa poci\u0105g pani Kr\u00f3lik (06152)"},"content":{"rendered":"<p>Zabierz Pepp\u0119 w podr\u00f3\u017c poci\u0105giem Pani Kr\u00f3lik! Pojazd ma \u0142adny, masywny design zaprojektowany z my\u015bl\u0105 o ma\u0142ych r\u0105czkach dzieci, a jego k\u00f3\u0142ka si\u0119 obracaj\u0105. W do\u0142\u0105czonym do zestawu wagoniku znajduje si\u0119 wystarczaj\u0105co miejsca dla Peppy i jej przyjaci\u00f3\u0142.W zestawie: lokomotywa, wagonik, figurki: Peppa i Pani Kr\u00f3likWiek: 3+<\/p>\n<h2>TM Toys Peppa poci\u0105g pani Kr\u00f3lik (06152) TM Toys<\/h2>\n<p>prezent na roczek, kolorowanki dla dziewczynek 10 lat, atrakcje dla dzieci krak\u00f3w, szablony postacie do szopki do druku, maurycy, quiz o wio\u015bnie, ilona, mia i ja kolorowanka, zosia samosia wiersz, najpi\u0119kniejsze cytaty cytaty dla mamy, imi\u0119 liwia, p\u0142onie ognisko w lesie, szablon choinki do wydruku, kolorowanki do wydruku postacie z bajek, zagadki o dinozaurach, bajka o biedronce, prezent dla rocznej dziewczynki, co kupi\u0107 dziewczynce na roczek, zagadki wiosna, \u0142\u00f3d\u017a atrakcje dla dzieci<\/p>\n<p>yyyyy<\/p>\n<p>&nbsp;<\/p>\n","protected":false},"excerpt":{"rendered":"<p>Zabierz Pepp\u0119 w podr\u00f3\u017c poci\u0105giem Pani Kr\u00f3lik! Pojazd ma \u0142adny, masywny design zaprojektowany z my\u015bl\u0105 o ma\u0142ych r\u0105czkach dzieci, a jego k\u00f3\u0142ka si\u0119 obracaj\u0105. W do\u0142\u0105czonym do zestawu wagoniku znajduje si\u0119 wystarczaj\u0105co miejsca dla Peppy i jej przyjaci\u00f3\u0142.W zestawie: lokomotywa, wagonik, figurki: Peppa i Pani Kr\u00f3likWiek: 3+ TM Toys Peppa poci\u0105g pani Kr\u00f3lik (06152) TM [&hellip;]<\/p>\n","protected":false},"featured_media":6212,"comment_status":"closed","ping_status":"open","template":"","meta":[],"product_cat":[95,145],"product_tag":[688,742,794],"class_list":["post-6211","product","type-product","status-publish","has-post-thumbnail","hentry","product_cat-figurki-makiety-i-zestawy","product_cat-tm-toys","product_tag-kolysanki-tekst","product_tag-piosenki-dla-dzieci-tekst","product_tag-test-opowiesci-z-narnii-lew-czarownica-i-stara-szafa-do-druku"],"_links":{"self":[{"href":"http:\/\/klubmamgdynia.pl\/index.php\/wp-json\/wp\/v2\/product\/6211","targetHints":{"allow":["GET"]}}],"collection":[{"href":"http:\/\/klubmamgdynia.pl\/index.php\/wp-json\/wp\/v2\/product"}],"about":[{"href":"http:\/\/klubmamgdynia.pl\/index.php\/wp-json\/wp\/v2\/types\/product"}],"replies":[{"embeddable":true,"href":"http:\/\/klubmamgdynia.pl\/index.php\/wp-json\/wp\/v2\/comments?post=6211"}],"wp:featuredmedia":[{"embeddable":true,"href":"http:\/\/klubmamgdynia.pl\/index.php\/wp-json\/wp\/v2\/media\/6212"}],"wp:attachment":[{"href":"http:\/\/klubmamgdynia.pl\/index.php\/wp-json\/wp\/v2\/media?parent=6211"}],"wp:term":[{"taxonomy":"product_cat","embeddable":true,"href":"http:\/\/klubmamgdynia.pl\/index.php\/wp-json\/wp\/v2\/product_cat?post=6211"},{"taxonomy":"product_tag","embeddable":true,"href":"http:\/\/klubmamgdynia.pl\/index.php\/wp-json\/wp\/v2\/product_tag?post=6211"}],"curies":[{"name":"wp","href":"https:\/\/api.w.org\/{rel}","templated":true}]}}