{"id":6215,"date":"2020-02-10T20:54:59","date_gmt":"2020-02-10T19:54:59","guid":{"rendered":"http:\/\/klubmamgdynia.pl\/index.php\/produkt\/srebrny-zegar-z-budzikiem-paryz-rozne-wzory\/"},"modified":"2026-05-17T22:46:26","modified_gmt":"2026-05-17T20:46:26","slug":"srebrny-zegar-z-budzikiem-paryz-rozne-wzory","status":"publish","type":"product","link":"http:\/\/klubmamgdynia.pl\/index.php\/produkt\/srebrny-zegar-z-budzikiem-paryz-rozne-wzory\/","title":{"rendered":"SREBRNY ZEGAR Z BUDZIKIEM PARY\u017b R\u00d3\u017bNE WZORY"},"content":{"rendered":"<p>\u015aliczny i czytelny zegar z budzikiem.Wykonany z wysokiej jako\u015bci materia\u0142\u00f3w.Do dzia\u0142ania konieczna bateria 1x AA (brak w zestawie).Wymiary budzika: 12 x 5,5 x 17cm.W sprzeda\u017cy kilka r\u00f3\u017cnych wzor\u00f3w tarczy. Wzory wybierane wed\u0142ug dost\u0119pno\u015bci na magazynie podczas wysy\u0142ki.Cena dotyczy 1szt.<\/p>\n<h2>SREBRNY ZEGAR Z BUDZIKIEM PARY\u017b R\u00d3\u017bNE WZORY Midex<\/h2>\n<p>milosz imie, zadania logiczne, impreza halloween 2021 dla dzieci, ch\u0142opcy z placu broni &#8211; test, co kupi\u0107 dziecku na roczek, dziecko cytaty, zagadki dla dzieci 7-8 lat, pomysly na prezent na roczek, miasto dzieci pl, platformy edukacyjne, anio\u0142ki w niebie pisz\u0105, miasto dzieci, zadania dla 7 latka do druku<\/p>\n<p>yyyyy<\/p>\n<p>&nbsp;<\/p>\n","protected":false},"excerpt":{"rendered":"<p>\u015aliczny i czytelny zegar z budzikiem.Wykonany z wysokiej jako\u015bci materia\u0142\u00f3w.Do dzia\u0142ania konieczna bateria 1x AA (brak w zestawie).Wymiary budzika: 12 x 5,5 x 17cm.W sprzeda\u017cy kilka r\u00f3\u017cnych wzor\u00f3w tarczy. Wzory wybierane wed\u0142ug dost\u0119pno\u015bci na magazynie podczas wysy\u0142ki.Cena dotyczy 1szt. SREBRNY ZEGAR Z BUDZIKIEM PARY\u017b R\u00d3\u017bNE WZORY Midex milosz imie, zadania logiczne, impreza halloween 2021 dla [&hellip;]<\/p>\n","protected":false},"featured_media":6216,"comment_status":"closed","ping_status":"open","template":"","meta":[],"product_cat":[555,1091],"product_tag":[825,591,586,713],"class_list":["post-6215","product","type-product","status-publish","has-post-thumbnail","hentry","product_cat-dzieciece-akcesoria-dekoracyjne","product_cat-midex","product_tag-bajka-na-dobranoc-do-czytania","product_tag-quiz-o-minecraft","product_tag-smieszne-zagadki","product_tag-zagadki-logiczne-z-odpowiedziami"],"_links":{"self":[{"href":"http:\/\/klubmamgdynia.pl\/index.php\/wp-json\/wp\/v2\/product\/6215","targetHints":{"allow":["GET"]}}],"collection":[{"href":"http:\/\/klubmamgdynia.pl\/index.php\/wp-json\/wp\/v2\/product"}],"about":[{"href":"http:\/\/klubmamgdynia.pl\/index.php\/wp-json\/wp\/v2\/types\/product"}],"replies":[{"embeddable":true,"href":"http:\/\/klubmamgdynia.pl\/index.php\/wp-json\/wp\/v2\/comments?post=6215"}],"wp:featuredmedia":[{"embeddable":true,"href":"http:\/\/klubmamgdynia.pl\/index.php\/wp-json\/wp\/v2\/media\/6216"}],"wp:attachment":[{"href":"http:\/\/klubmamgdynia.pl\/index.php\/wp-json\/wp\/v2\/media?parent=6215"}],"wp:term":[{"taxonomy":"product_cat","embeddable":true,"href":"http:\/\/klubmamgdynia.pl\/index.php\/wp-json\/wp\/v2\/product_cat?post=6215"},{"taxonomy":"product_tag","embeddable":true,"href":"http:\/\/klubmamgdynia.pl\/index.php\/wp-json\/wp\/v2\/product_tag?post=6215"}],"curies":[{"name":"wp","href":"https:\/\/api.w.org\/{rel}","templated":true}]}}