{"id":6217,"date":"2018-01-26T09:09:20","date_gmt":"2018-01-26T08:09:20","guid":{"rendered":"http:\/\/klubmamgdynia.pl\/index.php\/produkt\/adar-auto-z-napedem-517318\/"},"modified":"2026-05-17T22:13:23","modified_gmt":"2026-05-17T20:13:23","slug":"adar-auto-z-napedem-517318","status":"publish","type":"product","link":"http:\/\/klubmamgdynia.pl\/index.php\/produkt\/adar-auto-z-napedem-517318\/","title":{"rendered":"Adar Auto Z Nap\u0119dem 517318"},"content":{"rendered":"<p>Auto z nap\u0119dem 517318 Adar<\/p>\n<h2>Adar Auto Z Nap\u0119dem 517318 Adar<\/h2>\n<p>tezeusz, kuchcikowo przepisy dla dzieci, henryk, kolorowe kredki tekst, zagadki dla dzieci 7 lat o zwierz\u0119tach, opis do zdj\u0119cia z dzieckiem, trudne \u0142amig\u0142\u00f3wki, zabawka na roczek dla ch\u0142opca, wystawy dla dzieci warszawa, bajki dla chlopcow, \u015bw przemys\u0142aw, wiersze o wio\u015bnie jana brzechwy, elzbieta imie, quizy \u015bwi\u0105teczne bo\u017ce narodzenie, zagadki na bal karnawa\u0142owy w przedszkolu, kolorowanka spiderman, test z lektury kajko i kokosz szko\u0142a latania, zabawy dla 6 latk\u00f3w, quizy o minecraft<\/p>\n<p>yyyyy<\/p>\n<p>&nbsp;<\/p>\n","protected":false},"excerpt":{"rendered":"<p>Auto z nap\u0119dem 517318 Adar Adar Auto Z Nap\u0119dem 517318 Adar tezeusz, kuchcikowo przepisy dla dzieci, henryk, kolorowe kredki tekst, zagadki dla dzieci 7 lat o zwierz\u0119tach, opis do zdj\u0119cia z dzieckiem, trudne \u0142amig\u0142\u00f3wki, zabawka na roczek dla ch\u0142opca, wystawy dla dzieci warszawa, bajki dla chlopcow, \u015bw przemys\u0142aw, wiersze o wio\u015bnie jana brzechwy, elzbieta imie, [&hellip;]<\/p>\n","protected":false},"featured_media":6218,"comment_status":"closed","ping_status":"open","template":"","meta":[],"product_cat":[175,83],"product_tag":[752,858,732,591],"class_list":["post-6217","product","type-product","status-publish","has-post-thumbnail","hentry","product_cat-adar","product_cat-auta-i-inne-pojazdy-do-zabawy","product_tag-kuba-imie","product_tag-podchwytliwe-zagadki","product_tag-prezent-dla-rocznego-chlopca","product_tag-quiz-o-minecraft"],"_links":{"self":[{"href":"http:\/\/klubmamgdynia.pl\/index.php\/wp-json\/wp\/v2\/product\/6217","targetHints":{"allow":["GET"]}}],"collection":[{"href":"http:\/\/klubmamgdynia.pl\/index.php\/wp-json\/wp\/v2\/product"}],"about":[{"href":"http:\/\/klubmamgdynia.pl\/index.php\/wp-json\/wp\/v2\/types\/product"}],"replies":[{"embeddable":true,"href":"http:\/\/klubmamgdynia.pl\/index.php\/wp-json\/wp\/v2\/comments?post=6217"}],"wp:featuredmedia":[{"embeddable":true,"href":"http:\/\/klubmamgdynia.pl\/index.php\/wp-json\/wp\/v2\/media\/6218"}],"wp:attachment":[{"href":"http:\/\/klubmamgdynia.pl\/index.php\/wp-json\/wp\/v2\/media?parent=6217"}],"wp:term":[{"taxonomy":"product_cat","embeddable":true,"href":"http:\/\/klubmamgdynia.pl\/index.php\/wp-json\/wp\/v2\/product_cat?post=6217"},{"taxonomy":"product_tag","embeddable":true,"href":"http:\/\/klubmamgdynia.pl\/index.php\/wp-json\/wp\/v2\/product_tag?post=6217"}],"curies":[{"name":"wp","href":"https:\/\/api.w.org\/{rel}","templated":true}]}}