{"id":6219,"date":"2014-05-16T05:38:28","date_gmt":"2014-05-16T03:38:28","guid":{"rendered":"http:\/\/klubmamgdynia.pl\/index.php\/produkt\/midex-wozek-do-sprzatania-miotla-zmiotka-13-elementow-zabawka\/"},"modified":"2026-05-17T23:06:15","modified_gmt":"2026-05-17T21:06:15","slug":"midex-wozek-do-sprzatania-miotla-zmiotka-13-elementow-zabawka","status":"publish","type":"product","link":"http:\/\/klubmamgdynia.pl\/index.php\/produkt\/midex-wozek-do-sprzatania-miotla-zmiotka-13-elementow-zabawka\/","title":{"rendered":"Midex W\u00f3zek Do Sprz\u0105tania Miot\u0142a Zmiotka 13 Element\u00f3w &#8211; Zabawka"},"content":{"rendered":"<p>W\u00d3ZEK DO SPRZ\u0104TANIA Z AKCESORIAMIW\u00f3zeczek do sprz\u0105ania to zestaw dla ka\u017cdego malucha, kt\u00f3ry lubi pomaga\u0107 rodzicom podczas wykonywania codziennych obowi\u0105zk\u00f3w, jakimi s\u0105 porz\u0105dki w domu.Dzieci\u0119ca konstrukcja i kolorystyka zestawu sprawi, \u017ce w\u00f3zeczek b\u0119dzie bardzo pomocny podczas przyuczania dziecka do samodzielnego dbania o czysto\u015b\u0107 we w\u0142asnym pokoju.Dzi\u0119ki niemu w prosty spos\u00f3b mo\u017cna po\u0142\u0105czy\u0107 przyjemn\u0105 zabaw\u0119 z po\u017cytecznym zadaniem.Zestaw zawiera:w\u00f3zek na k\u00f3\u0142kach,obrotowa szczotka, kt\u00f3ra kr\u0119ci si\u0119 przy poruszaniu,du\u017ca miot\u0142a i szufelka,ma\u0142a zmiotka,zabawkowa butelka detergentu,\u015bciereczka.Wymiary z\u0142o\u017conego w\u00f3zka:wysoko\u015b\u0107 58cm,szeroko\u015b\u0107 41cm,d\u0142ugo\u015b\u0107 22,5cm.Wymiary opakowania: 27 x 12 x 44cm.<\/p>\n<h2>Midex W\u00f3zek Do Sprz\u0105tania Miot\u0142a Zmiotka 13 Element\u00f3w &#8211; Zabawka Midex<\/h2>\n<p>zagadki na logike, prezent dla 15 latki, kolorowanka uk\u0142ad s\u0142oneczny dla dzieci do druku, pia imi\u0119, kolorowanki do wydruku, cytaty o macierzy\u0144stwie, trudne zagadki na inteligencje, test ch\u0142opcy z placu broni klasa 5, prezenty dla m\u0142odzie\u017cy, zagadki logiczne matematyczne dla dzieci, karmen imie, dyplomy do wydrukowania a4, \u017carty prima aprilis, malowanki, wielkanocne zagadki dla dzieci, teksty o rodzinie, wierszyki na lany poniedzia\u0142ek, sabina, lol kolorowanki do druku, dzieci.pl, dzie\u0144 nauczyciela cytaty<\/p>\n<p>yyyyy<\/p>\n<p>&nbsp;<\/p>\n","protected":false},"excerpt":{"rendered":"<p>W\u00d3ZEK DO SPRZ\u0104TANIA Z AKCESORIAMIW\u00f3zeczek do sprz\u0105ania to zestaw dla ka\u017cdego malucha, kt\u00f3ry lubi pomaga\u0107 rodzicom podczas wykonywania codziennych obowi\u0105zk\u00f3w, jakimi s\u0105 porz\u0105dki w domu.Dzieci\u0119ca konstrukcja i kolorystyka zestawu sprawi, \u017ce w\u00f3zeczek b\u0119dzie bardzo pomocny podczas przyuczania dziecka do samodzielnego dbania o czysto\u015b\u0107 we w\u0142asnym pokoju.Dzi\u0119ki niemu w prosty spos\u00f3b mo\u017cna po\u0142\u0105czy\u0107 przyjemn\u0105 zabaw\u0119 z [&hellip;]<\/p>\n","protected":false},"featured_media":6220,"comment_status":"closed","ping_status":"open","template":"","meta":[],"product_cat":[53,1091],"product_tag":[730,677,757,653,733],"class_list":["post-6219","product","type-product","status-publish","has-post-thumbnail","hentry","product_cat-kaciki-zabaw","product_cat-midex","product_tag-karyna","product_tag-milosz-imie","product_tag-test-z-lektury-ania-z-zielonego-wzgorza-klasa-6-z-odpowiedziami","product_tag-warszawa-dla-dzieci","product_tag-zarty-na-prima-aprilis"],"_links":{"self":[{"href":"http:\/\/klubmamgdynia.pl\/index.php\/wp-json\/wp\/v2\/product\/6219","targetHints":{"allow":["GET"]}}],"collection":[{"href":"http:\/\/klubmamgdynia.pl\/index.php\/wp-json\/wp\/v2\/product"}],"about":[{"href":"http:\/\/klubmamgdynia.pl\/index.php\/wp-json\/wp\/v2\/types\/product"}],"replies":[{"embeddable":true,"href":"http:\/\/klubmamgdynia.pl\/index.php\/wp-json\/wp\/v2\/comments?post=6219"}],"wp:featuredmedia":[{"embeddable":true,"href":"http:\/\/klubmamgdynia.pl\/index.php\/wp-json\/wp\/v2\/media\/6220"}],"wp:attachment":[{"href":"http:\/\/klubmamgdynia.pl\/index.php\/wp-json\/wp\/v2\/media?parent=6219"}],"wp:term":[{"taxonomy":"product_cat","embeddable":true,"href":"http:\/\/klubmamgdynia.pl\/index.php\/wp-json\/wp\/v2\/product_cat?post=6219"},{"taxonomy":"product_tag","embeddable":true,"href":"http:\/\/klubmamgdynia.pl\/index.php\/wp-json\/wp\/v2\/product_tag?post=6219"}],"curies":[{"name":"wp","href":"https:\/\/api.w.org\/{rel}","templated":true}]}}