{"id":6225,"date":"2022-05-14T21:05:05","date_gmt":"2022-05-14T19:05:05","guid":{"rendered":"http:\/\/klubmamgdynia.pl\/index.php\/produkt\/hecht-51818-samochod-woz-strazacki-elektryczny-akumulatorowy-auto-jezdzik-pojazd-zabawka-dla-dzieci\/"},"modified":"2026-05-17T22:43:59","modified_gmt":"2026-05-17T20:43:59","slug":"hecht-51818-samochod-woz-strazacki-elektryczny-akumulatorowy-auto-jezdzik-pojazd-zabawka-dla-dzieci","status":"publish","type":"product","link":"http:\/\/klubmamgdynia.pl\/index.php\/produkt\/hecht-51818-samochod-woz-strazacki-elektryczny-akumulatorowy-auto-jezdzik-pojazd-zabawka-dla-dzieci\/","title":{"rendered":"Hecht 51818 Samoch\u00f3d W\u00f3z Stra\u017cacki Elektryczny Akumulatorowy Auto Je\u017adzik Pojazd Zabawka Dla Dzieci"},"content":{"rendered":"<p>Samoch\u00f3d stra\u017cacki Hecht 51818 jest wyposa\u017cony w sygnalizatory ostrzegawcze, kt\u00f3re migaj\u0105 oraz realistyczne sygna\u0142y d\u017awi\u0119kowe. Dodatkowe wyposa\u017cenie to sprz\u0119t, kt\u00f3rego ma\u0142y stra\u017cak potrzebuje do gaszenia po\u017caru.<\/p>\n<h2>Hecht 51818 Samoch\u00f3d W\u00f3z Stra\u017cacki Elektryczny Akumulatorowy Auto Je\u017adzik Pojazd Zabawka Dla Dzieci Hecht<\/h2>\n<p>rzadkie imiona, czasdzieci krak\u00f3w, miko\u0142ajki 2021 warszawa, zagadki dla przedszkolak\u00f3w<\/p>\n<p>yyyyy<\/p>\n<p>&nbsp;<\/p>\n","protected":false},"excerpt":{"rendered":"<p>Samoch\u00f3d stra\u017cacki Hecht 51818 jest wyposa\u017cony w sygnalizatory ostrzegawcze, kt\u00f3re migaj\u0105 oraz realistyczne sygna\u0142y d\u017awi\u0119kowe. Dodatkowe wyposa\u017cenie to sprz\u0119t, kt\u00f3rego ma\u0142y stra\u017cak potrzebuje do gaszenia po\u017caru. Hecht 51818 Samoch\u00f3d W\u00f3z Stra\u017cacki Elektryczny Akumulatorowy Auto Je\u017adzik Pojazd Zabawka Dla Dzieci Hecht rzadkie imiona, czasdzieci krak\u00f3w, miko\u0142ajki 2021 warszawa, zagadki dla przedszkolak\u00f3w yyyyy &nbsp;<\/p>\n","protected":false},"featured_media":6226,"comment_status":"closed","ping_status":"open","template":"","meta":[],"product_cat":[48,24],"product_tag":[719,674,739,587],"class_list":["post-6225","product","type-product","status-publish","has-post-thumbnail","hentry","product_cat-hecht","product_cat-samochody-dla-dzieci","product_tag-dziecko-cytaty-zlote-mysli","product_tag-miasto-dzieci","product_tag-prima-aprilis-w-szkole","product_tag-skalne-miasto"],"_links":{"self":[{"href":"http:\/\/klubmamgdynia.pl\/index.php\/wp-json\/wp\/v2\/product\/6225","targetHints":{"allow":["GET"]}}],"collection":[{"href":"http:\/\/klubmamgdynia.pl\/index.php\/wp-json\/wp\/v2\/product"}],"about":[{"href":"http:\/\/klubmamgdynia.pl\/index.php\/wp-json\/wp\/v2\/types\/product"}],"replies":[{"embeddable":true,"href":"http:\/\/klubmamgdynia.pl\/index.php\/wp-json\/wp\/v2\/comments?post=6225"}],"wp:featuredmedia":[{"embeddable":true,"href":"http:\/\/klubmamgdynia.pl\/index.php\/wp-json\/wp\/v2\/media\/6226"}],"wp:attachment":[{"href":"http:\/\/klubmamgdynia.pl\/index.php\/wp-json\/wp\/v2\/media?parent=6225"}],"wp:term":[{"taxonomy":"product_cat","embeddable":true,"href":"http:\/\/klubmamgdynia.pl\/index.php\/wp-json\/wp\/v2\/product_cat?post=6225"},{"taxonomy":"product_tag","embeddable":true,"href":"http:\/\/klubmamgdynia.pl\/index.php\/wp-json\/wp\/v2\/product_tag?post=6225"}],"curies":[{"name":"wp","href":"https:\/\/api.w.org\/{rel}","templated":true}]}}