{"id":6227,"date":"2023-07-06T08:57:24","date_gmt":"2023-07-06T06:57:24","guid":{"rendered":"http:\/\/klubmamgdynia.pl\/?post_type=product&#038;p=6227"},"modified":"2026-05-17T22:20:55","modified_gmt":"2026-05-17T20:20:55","slug":"fiskars-wyrywacz-chwastow-9691","status":"publish","type":"product","link":"http:\/\/klubmamgdynia.pl\/index.php\/produkt\/fiskars-wyrywacz-chwastow-9691\/","title":{"rendered":"Fiskars Wyrywacz chwast\u00f3w 9691"},"content":{"rendered":"<p>Charakterystyka produktu:Innowacyjne narz\u0119dzie do piel\u0119gnacji trawnikaW ekologiczny spos\u00f3b usuwa nie po\u017c\u0105dane chwasty, szczeg\u00f3lnie zalecany do mleczyErgonomiczny kszta\u0142t zapewnia du\u017cy komfort pracyWykonany z poliamidu, aluminium i stali nierdzewnej<\/p>\n<h2>Fiskars Wyrywacz chwast\u00f3w 9691 Fiskars<\/h2>\n<p>testy z lektury opowie\u015bci z narni lew czarownica i stara szafa, ela znaczenie imienia, koreczki dla dzieci na urodziny, miko\u0142ajek quiz, dobrej nocy, \u015bwinka peppa do czytania, kolorowanka wakacje, origami kotek, zagadka matematyczna, krak\u00f3w atrakcje dla dzieci, gra planszowa dla nastolatk\u00f3w, pa\u0144stwa europy i ich stolice quiz, miko\u0142ajkowe zabawy, prezenty dla nastolatk\u00f3w, gry dla m\u0142odzie\u017cy<\/p>\n<p>yyyyy<\/p>\n<p>&nbsp;<\/p>\n","protected":false},"excerpt":{"rendered":"<p>Charakterystyka produktu:Innowacyjne narz\u0119dzie do piel\u0119gnacji trawnikaW ekologiczny spos\u00f3b usuwa nie po\u017c\u0105dane chwasty, szczeg\u00f3lnie zalecany do mleczyErgonomiczny kszta\u0142t zapewnia du\u017cy komfort pracyWykonany z poliamidu, aluminium i stali nierdzewnej Fiskars Wyrywacz chwast\u00f3w 9691 Fiskars testy z lektury opowie\u015bci z narni lew czarownica i stara szafa, ela znaczenie imienia, koreczki dla dzieci na urodziny, miko\u0142ajek quiz, dobrej nocy, [&hellip;]<\/p>\n","protected":false},"featured_media":6228,"comment_status":"closed","ping_status":"open","template":"","meta":[],"product_cat":[1051,1411],"product_tag":[622,771,794,724],"class_list":["post-6227","product","type-product","status-publish","has-post-thumbnail","hentry","product_cat-fiskars","product_cat-pozostale-narzedzia-reczne-do-ogrodu","product_tag-fajne-zagadki","product_tag-stolice-europy-quiz","product_tag-test-opowiesci-z-narnii-lew-czarownica-i-stara-szafa-do-druku","product_tag-zagadki-podchwytliwe"],"_links":{"self":[{"href":"http:\/\/klubmamgdynia.pl\/index.php\/wp-json\/wp\/v2\/product\/6227","targetHints":{"allow":["GET"]}}],"collection":[{"href":"http:\/\/klubmamgdynia.pl\/index.php\/wp-json\/wp\/v2\/product"}],"about":[{"href":"http:\/\/klubmamgdynia.pl\/index.php\/wp-json\/wp\/v2\/types\/product"}],"replies":[{"embeddable":true,"href":"http:\/\/klubmamgdynia.pl\/index.php\/wp-json\/wp\/v2\/comments?post=6227"}],"wp:featuredmedia":[{"embeddable":true,"href":"http:\/\/klubmamgdynia.pl\/index.php\/wp-json\/wp\/v2\/media\/6228"}],"wp:attachment":[{"href":"http:\/\/klubmamgdynia.pl\/index.php\/wp-json\/wp\/v2\/media?parent=6227"}],"wp:term":[{"taxonomy":"product_cat","embeddable":true,"href":"http:\/\/klubmamgdynia.pl\/index.php\/wp-json\/wp\/v2\/product_cat?post=6227"},{"taxonomy":"product_tag","embeddable":true,"href":"http:\/\/klubmamgdynia.pl\/index.php\/wp-json\/wp\/v2\/product_tag?post=6227"}],"curies":[{"name":"wp","href":"https:\/\/api.w.org\/{rel}","templated":true}]}}