{"id":6229,"date":"2018-11-21T16:01:16","date_gmt":"2018-11-21T15:01:16","guid":{"rendered":"http:\/\/klubmamgdynia.pl\/index.php\/produkt\/brush-baby-babysonic-pro-koncowki-wymienne-18-36-miesiecy-2szt\/"},"modified":"2026-04-30T01:33:04","modified_gmt":"2026-04-29T23:33:04","slug":"brush-baby-babysonic-pro-koncowki-wymienne-18-36-miesiecy-2szt","status":"publish","type":"product","link":"http:\/\/klubmamgdynia.pl\/index.php\/produkt\/brush-baby-babysonic-pro-koncowki-wymienne-18-36-miesiecy-2szt\/","title":{"rendered":"Brush-Baby Babysonic Pro &#8211; Ko\u0144c\u00f3wki Wymienne 18-36 Miesi\u0119cy 2Szt."},"content":{"rendered":"<p>BRUSH-BABY BabySonic PRO &#8211; ko\u0144c\u00f3wki wymienne 18-36 miesi\u0119cy 2szt Zestaw dw\u00f3ch ko\u0144c\u00f3wek wymiennych do szczoteczki BabySonic PRO dostosowanych do wieku 18-36 miesi\u0119cy. G\u0142\u00f3wka szczoteczki jest niewielkich rozmiar\u00f3w, dzi\u0119ki czemu jest idealna dla dzieci w tym przedziale wiekowym. W\u0142osie ko\u0144c\u00f3wki jest wyj\u0105tkowo delikatne i bezpieczne dla wra\u017cliwych dzi\u0105se\u0142 i z\u0119b\u00f3w najm\u0142odszych dzieci. Zalety ko\u0144c\u00f3wek do szczoteczki BabySonic PRO: malutka g\u0142\u00f3wka szczoteczki &#8211; idealna dla dzieci wyj\u0105tkowo mi\u0119kkie w\u0142osie &#8211; delikatne wibracje oraz wygodny uchwyt UWAGA! KO\u0143C\u00d3WKI PASUJ\u0104 TYLKO DO NOWEJ WERSJI SZCZOTECZKI BABY SONIC PRO! Produkt jest przeznaczony do stosowania pod kontrol\u0105 rodzic\u00f3w\/opiekun\u00f3w Opakowanie: 2 szt. ko\u0144c\u00f3wek wymiennych<\/p>\n<h2>Brush-Baby Babysonic Pro &#8211; Ko\u0144c\u00f3wki Wymienne 18-36 Miesi\u0119cy 2Szt. Brush-Baby<\/h2>\n<p>ma\u0142o nas do pieczenia chleba, zaj\u0119cia kulinarne dla dzieci pomys\u0142y, mitologia test wiedzy, prezenty dla 7 latka, zagadka logiczna, kolorowanka wakacje, malowanki do druku, tekst o rodzinie, kolorowanka europa, lol surprise kolorowanka, prezent roczek, najlepsze place zabaw warszawa, zagadki rymowane, gad\u017cety dla m\u0142odzie\u017cy 2020, zagadki o wiosnie, kinderbal przepisy, ciekawe miejsca w warszawie dla m\u0142odzie\u017cy<\/p>\n<p>yyyyy<\/p>\n<p>&nbsp;<\/p>\n","protected":false},"excerpt":{"rendered":"<p>BRUSH-BABY BabySonic PRO &#8211; ko\u0144c\u00f3wki wymienne 18-36 miesi\u0119cy 2szt Zestaw dw\u00f3ch ko\u0144c\u00f3wek wymiennych do szczoteczki BabySonic PRO dostosowanych do wieku 18-36 miesi\u0119cy. G\u0142\u00f3wka szczoteczki jest niewielkich rozmiar\u00f3w, dzi\u0119ki czemu jest idealna dla dzieci w tym przedziale wiekowym. W\u0142osie ko\u0144c\u00f3wki jest wyj\u0105tkowo delikatne i bezpieczne dla wra\u017cliwych dzi\u0105se\u0142 i z\u0119b\u00f3w najm\u0142odszych dzieci. Zalety ko\u0144c\u00f3wek do szczoteczki [&hellip;]<\/p>\n","protected":false},"featured_media":6230,"comment_status":"closed","ping_status":"open","template":"","meta":[],"product_cat":[1441,901],"product_tag":[610,861,732,798,812,800],"class_list":["post-6229","product","type-product","status-publish","has-post-thumbnail","hentry","product_cat-brush-baby","product_cat-pozostale-akcesoria-do-pielegnacji-dzieci","product_tag-co-na-prezent-dla-nastolatkow","product_tag-jak-narysowac-psa","product_tag-prezent-dla-rocznego-chlopca","product_tag-prezenty-dla-nastolatki","product_tag-zagadki-logiczne-na-inteligencje","product_tag-zagadki-smieszne"],"_links":{"self":[{"href":"http:\/\/klubmamgdynia.pl\/index.php\/wp-json\/wp\/v2\/product\/6229","targetHints":{"allow":["GET"]}}],"collection":[{"href":"http:\/\/klubmamgdynia.pl\/index.php\/wp-json\/wp\/v2\/product"}],"about":[{"href":"http:\/\/klubmamgdynia.pl\/index.php\/wp-json\/wp\/v2\/types\/product"}],"replies":[{"embeddable":true,"href":"http:\/\/klubmamgdynia.pl\/index.php\/wp-json\/wp\/v2\/comments?post=6229"}],"wp:featuredmedia":[{"embeddable":true,"href":"http:\/\/klubmamgdynia.pl\/index.php\/wp-json\/wp\/v2\/media\/6230"}],"wp:attachment":[{"href":"http:\/\/klubmamgdynia.pl\/index.php\/wp-json\/wp\/v2\/media?parent=6229"}],"wp:term":[{"taxonomy":"product_cat","embeddable":true,"href":"http:\/\/klubmamgdynia.pl\/index.php\/wp-json\/wp\/v2\/product_cat?post=6229"},{"taxonomy":"product_tag","embeddable":true,"href":"http:\/\/klubmamgdynia.pl\/index.php\/wp-json\/wp\/v2\/product_tag?post=6229"}],"curies":[{"name":"wp","href":"https:\/\/api.w.org\/{rel}","templated":true}]}}