{"id":6231,"date":"2023-06-08T00:43:16","date_gmt":"2023-06-07T22:43:16","guid":{"rendered":"http:\/\/klubmamgdynia.pl\/?post_type=product&#038;p=6231"},"modified":"2026-04-24T14:57:44","modified_gmt":"2026-04-24T12:57:44","slug":"smily-play-grzechotka-moj-pierwszy-mlotek-000679","status":"publish","type":"product","link":"http:\/\/klubmamgdynia.pl\/index.php\/produkt\/smily-play-grzechotka-moj-pierwszy-mlotek-000679\/","title":{"rendered":"Smily Play Grzechotka M\u00f3j Pierwszy M\u0142otek 000679"},"content":{"rendered":"<p>Smily Play grzechotka M\u00f3j pierwszy m\u0142otek 000679M\u00f3j Pierwszy M\u0142otek to zabawka dla najm\u0142odszych dzieci, kt\u00f3re uwielbiaj\u0105 bra\u0107 do r\u0105czek wszystko w zasi\u0119gu r\u0119ki. M\u0142otek grzechotka ma ruchome elementy. Przekr\u0119caj\u0105ce si\u0119 ucho, wydaje mechaniczne d\u017awi\u0119ki i zmienia wyraz oczu. Umieszczona w dolnej cz\u0119\u015bci kuleczka, obraca si\u0119 zmieniaj\u0105c kolory i tekstury. Przy potrz\u0105saniu zabawk\u0105 kolorowe kuleczki grzechocz\u0105.Cechy Mojego pierwszego m\u0142oteczka:Ma ruchome elementyGrzechocze i terkoczeMa r\u00f3\u017cnorodne teksturyM\u00f3j Pierwszy M\u0142otek pomaga rozwija\u0107 umiej\u0119tno\u015bci:Poznawcze &#8211; wzbudzaj\u0105c u dziecka ciekawo\u015b\u0107Rozw\u00f3j fizyczny \u2013 rozwijaj\u0105c zmys\u0142 dotykuRozw\u00f3j spo\u0142eczny \u2013 pomaga wyra\u017ca\u0107 siebie.<\/p>\n<h2>Smily Play Grzechotka M\u00f3j Pierwszy M\u0142otek 000679 Smily Play<\/h2>\n<p>basen warszawa, kotki do druku, kr\u00f3tkie \u017cyczenia wielkanocne dla dzieci, miriam imi\u0119, milan imie<\/p>\n<p>yyyyy<\/p>\n<p>&nbsp;<\/p>\n","protected":false},"excerpt":{"rendered":"<p>Smily Play grzechotka M\u00f3j pierwszy m\u0142otek 000679M\u00f3j Pierwszy M\u0142otek to zabawka dla najm\u0142odszych dzieci, kt\u00f3re uwielbiaj\u0105 bra\u0107 do r\u0105czek wszystko w zasi\u0119gu r\u0119ki. M\u0142otek grzechotka ma ruchome elementy. Przekr\u0119caj\u0105ce si\u0119 ucho, wydaje mechaniczne d\u017awi\u0119ki i zmienia wyraz oczu. Umieszczona w dolnej cz\u0119\u015bci kuleczka, obraca si\u0119 zmieniaj\u0105c kolory i tekstury. Przy potrz\u0105saniu zabawk\u0105 kolorowe kuleczki grzechocz\u0105.Cechy [&hellip;]<\/p>\n","protected":false},"featured_media":6232,"comment_status":"closed","ping_status":"open","template":"","meta":[],"product_cat":[63,62],"product_tag":[660,618,703,736,721],"class_list":["post-6231","product","type-product","status-publish","has-post-thumbnail","hentry","product_cat-grzechotki-i-gryzaki","product_cat-smily-play","product_tag-bianka","product_tag-lato-lato-lato-czeka-tekst","product_tag-prezent-dla-nastolatki","product_tag-zabawki-na-roczek","product_tag-zagadki-matematyczne"],"_links":{"self":[{"href":"http:\/\/klubmamgdynia.pl\/index.php\/wp-json\/wp\/v2\/product\/6231","targetHints":{"allow":["GET"]}}],"collection":[{"href":"http:\/\/klubmamgdynia.pl\/index.php\/wp-json\/wp\/v2\/product"}],"about":[{"href":"http:\/\/klubmamgdynia.pl\/index.php\/wp-json\/wp\/v2\/types\/product"}],"replies":[{"embeddable":true,"href":"http:\/\/klubmamgdynia.pl\/index.php\/wp-json\/wp\/v2\/comments?post=6231"}],"wp:featuredmedia":[{"embeddable":true,"href":"http:\/\/klubmamgdynia.pl\/index.php\/wp-json\/wp\/v2\/media\/6232"}],"wp:attachment":[{"href":"http:\/\/klubmamgdynia.pl\/index.php\/wp-json\/wp\/v2\/media?parent=6231"}],"wp:term":[{"taxonomy":"product_cat","embeddable":true,"href":"http:\/\/klubmamgdynia.pl\/index.php\/wp-json\/wp\/v2\/product_cat?post=6231"},{"taxonomy":"product_tag","embeddable":true,"href":"http:\/\/klubmamgdynia.pl\/index.php\/wp-json\/wp\/v2\/product_tag?post=6231"}],"curies":[{"name":"wp","href":"https:\/\/api.w.org\/{rel}","templated":true}]}}