{"id":6233,"date":"2018-10-22T04:09:04","date_gmt":"2018-10-22T02:09:04","guid":{"rendered":"http:\/\/klubmamgdynia.pl\/index.php\/produkt\/pilch-roma-szary-gres-lappato-596x596\/"},"modified":"2026-05-17T22:46:17","modified_gmt":"2026-05-17T20:46:17","slug":"pilch-roma-szary-gres-lappato-596x596","status":"publish","type":"product","link":"http:\/\/klubmamgdynia.pl\/index.php\/produkt\/pilch-roma-szary-gres-lappato-596x596\/","title":{"rendered":"Pilch Roma Szary Gres Lappato 59,6X59,6"},"content":{"rendered":"<p>cena za m2 : 94,73 z\u0139\u201apodana cena jest cen\u0105 opakowania: 1 karton=1,42 m2<\/p>\n<h2>Pilch Roma Szary Gres Lappato 59,6X59,6 Pilch<\/h2>\n<p>stolice europy quiz, proste zagadki, kolorowanki do druku, wzory dyplom\u00f3w dyplomy do druku, zygzak mcqueen kolorowanka, prezent dla rocznego ch\u0142opca, jak narysowa\u0107, tr\u00f3jmiasto atrakcje dla dzieci, matylda imie, ogr\u00f3d bajek, zabawki na roczek dla dziewczynki, zagadki o zwierz\u0119tach wiejskich, prezent na 1 urodziny, quiz spos\u00f3b na alcybiadesa, kolorowanka lody, quiz o minecraft, ninjago kolorowanka<\/p>\n<p>yyyyy<\/p>\n<p>&nbsp;<\/p>\n","protected":false},"excerpt":{"rendered":"<p>cena za m2 : 94,73 z\u0139\u201apodana cena jest cen\u0105 opakowania: 1 karton=1,42 m2 Pilch Roma Szary Gres Lappato 59,6X59,6 Pilch stolice europy quiz, proste zagadki, kolorowanki do druku, wzory dyplom\u00f3w dyplomy do druku, zygzak mcqueen kolorowanka, prezent dla rocznego ch\u0142opca, jak narysowa\u0107, tr\u00f3jmiasto atrakcje dla dzieci, matylda imie, ogr\u00f3d bajek, zabawki na roczek dla dziewczynki, [&hellip;]<\/p>\n","protected":false},"featured_media":6234,"comment_status":"closed","ping_status":"open","template":"","meta":[],"product_cat":[1442,889],"product_tag":[578,696,758,654,602],"class_list":["post-6233","product","type-product","status-publish","has-post-thumbnail","hentry","product_cat-pilch","product_cat-plytki","product_tag-fajne-zarty-na-prima-aprilis","product_tag-film-rodzinny-o-swietach","product_tag-julian","product_tag-krotkie-bajki-dla-dzieci-do-czytania","product_tag-quiz-o-zwierzetach-domowych"],"_links":{"self":[{"href":"http:\/\/klubmamgdynia.pl\/index.php\/wp-json\/wp\/v2\/product\/6233","targetHints":{"allow":["GET"]}}],"collection":[{"href":"http:\/\/klubmamgdynia.pl\/index.php\/wp-json\/wp\/v2\/product"}],"about":[{"href":"http:\/\/klubmamgdynia.pl\/index.php\/wp-json\/wp\/v2\/types\/product"}],"replies":[{"embeddable":true,"href":"http:\/\/klubmamgdynia.pl\/index.php\/wp-json\/wp\/v2\/comments?post=6233"}],"wp:featuredmedia":[{"embeddable":true,"href":"http:\/\/klubmamgdynia.pl\/index.php\/wp-json\/wp\/v2\/media\/6234"}],"wp:attachment":[{"href":"http:\/\/klubmamgdynia.pl\/index.php\/wp-json\/wp\/v2\/media?parent=6233"}],"wp:term":[{"taxonomy":"product_cat","embeddable":true,"href":"http:\/\/klubmamgdynia.pl\/index.php\/wp-json\/wp\/v2\/product_cat?post=6233"},{"taxonomy":"product_tag","embeddable":true,"href":"http:\/\/klubmamgdynia.pl\/index.php\/wp-json\/wp\/v2\/product_tag?post=6233"}],"curies":[{"name":"wp","href":"https:\/\/api.w.org\/{rel}","templated":true}]}}