{"id":6237,"date":"2019-11-18T01:34:59","date_gmt":"2019-11-18T00:34:59","guid":{"rendered":"http:\/\/klubmamgdynia.pl\/index.php\/produkt\/kin-marker-1406-flipchart-niebieski-scieta-koncowka\/"},"modified":"2026-04-05T05:12:52","modified_gmt":"2026-04-05T03:12:52","slug":"kin-marker-1406-flipchart-niebieski-scieta-koncowka","status":"publish","type":"product","link":"http:\/\/klubmamgdynia.pl\/index.php\/produkt\/kin-marker-1406-flipchart-niebieski-scieta-koncowka\/","title":{"rendered":"Kin Marker 1406 Flipchart Niebieski \u015aci\u0119ta Ko\u0144c\u00f3wka"},"content":{"rendered":"<p>&#8211; Marker Flipchart przeznaczony jest dla cel\u00f3w biurowych- Idealnie pisze i zmywa si\u0119 z tablic- Posiada \u015bci\u0119t\u0105 ko\u0144c\u00f3wk\u0119<\/p>\n<h2>Kin Marker 1406 Flipchart Niebieski \u015aci\u0119ta Ko\u0144c\u00f3wka Kin<\/h2>\n<p>sta\u0142a pod \u015bniegiem, halloween dla dzieci 2021, imiona postaci z bajek, ozdoby choinkowe dla dzieci, pieski pies kolorowanka, skalne miasto, najrzadsze imiona w polsce, zagadka matematyczna, ja\u015bmina, znaki drogowe do druku, mini zoo warszawa, opis do zdj\u0119cia dziecka na fb, quiz online, quiz o stolicach europy, co kupic dziewczynce na roczek<\/p>\n<p>yyyyy<\/p>\n<p>&nbsp;<\/p>\n","protected":false},"excerpt":{"rendered":"<p>&#8211; Marker Flipchart przeznaczony jest dla cel\u00f3w biurowych- Idealnie pisze i zmywa si\u0119 z tablic- Posiada \u015bci\u0119t\u0105 ko\u0144c\u00f3wk\u0119 Kin Marker 1406 Flipchart Niebieski \u015aci\u0119ta Ko\u0144c\u00f3wka Kin sta\u0142a pod \u015bniegiem, halloween dla dzieci 2021, imiona postaci z bajek, ozdoby choinkowe dla dzieci, pieski pies kolorowanka, skalne miasto, najrzadsze imiona w polsce, zagadka matematyczna, ja\u015bmina, znaki drogowe [&hellip;]<\/p>\n","protected":false},"featured_media":6238,"comment_status":"closed","ping_status":"open","template":"","meta":[],"product_cat":[1234,297],"product_tag":[781,583,780,752,778],"class_list":["post-6237","product","type-product","status-publish","has-post-thumbnail","hentry","product_cat-kin","product_cat-szkolne-artykuly-plastyczne","product_tag-cytaty-o-wychowaniu-dzieci","product_tag-kolysanki-dla-dzieci-tekst","product_tag-krecik-bajka","product_tag-kuba-imie","product_tag-zabawki-na-roczek-dla-chlopca"],"_links":{"self":[{"href":"http:\/\/klubmamgdynia.pl\/index.php\/wp-json\/wp\/v2\/product\/6237","targetHints":{"allow":["GET"]}}],"collection":[{"href":"http:\/\/klubmamgdynia.pl\/index.php\/wp-json\/wp\/v2\/product"}],"about":[{"href":"http:\/\/klubmamgdynia.pl\/index.php\/wp-json\/wp\/v2\/types\/product"}],"replies":[{"embeddable":true,"href":"http:\/\/klubmamgdynia.pl\/index.php\/wp-json\/wp\/v2\/comments?post=6237"}],"wp:featuredmedia":[{"embeddable":true,"href":"http:\/\/klubmamgdynia.pl\/index.php\/wp-json\/wp\/v2\/media\/6238"}],"wp:attachment":[{"href":"http:\/\/klubmamgdynia.pl\/index.php\/wp-json\/wp\/v2\/media?parent=6237"}],"wp:term":[{"taxonomy":"product_cat","embeddable":true,"href":"http:\/\/klubmamgdynia.pl\/index.php\/wp-json\/wp\/v2\/product_cat?post=6237"},{"taxonomy":"product_tag","embeddable":true,"href":"http:\/\/klubmamgdynia.pl\/index.php\/wp-json\/wp\/v2\/product_tag?post=6237"}],"curies":[{"name":"wp","href":"https:\/\/api.w.org\/{rel}","templated":true}]}}