{"id":6239,"date":"2011-11-16T07:48:59","date_gmt":"2011-11-16T06:48:59","guid":{"rendered":"http:\/\/klubmamgdynia.pl\/index.php\/produkt\/smoby-maximarket-z-wozkiem-i-kasa-sklep-zabawka\/"},"modified":"2026-04-03T23:54:30","modified_gmt":"2026-04-03T21:54:30","slug":"smoby-maximarket-z-wozkiem-i-kasa-sklep-zabawka","status":"publish","type":"product","link":"http:\/\/klubmamgdynia.pl\/index.php\/produkt\/smoby-maximarket-z-wozkiem-i-kasa-sklep-zabawka\/","title":{"rendered":"Smoby Maximarket Z W\u00f3zkiem I Kas\u0105 Sklep &#8211; Zabawka"},"content":{"rendered":"<p>Dzieci obserwuj\u0105 doros\u0142ych i uwielbiaj\u0105 ich na\u015bladowa\u0107. W ten spos\u00f3b poznaj\u0105 swoje otoczenie oraz \u015bwiat. Seria zabawek imituj\u0105cych urz\u0105dzenia i akcesoria z \u017cycia codziennego, pozwala dzieciom na nauk\u0119 i poznawanie pewnych warto\u015bci poprzez zabaw\u0119.Charakterystyka:- sklep z kilkoma miejscami do zabawy &#8211; kasa, k\u0105cik owocowo-warzywny, waga- elektroniczna kasa z kalkulatorem oraz wy\u015bwietlaczem LCD- w kasie otwiera si\u0119 szuflada, w kt\u00f3rej mo\u017cna przechowywa\u0107 pieni\u0105dze (monety i banknoty)- skaner kod\u00f3w kreskowych posiada funkcje \u015bwietlne i d\u017awi\u0119kowe- na sklepie znajduje si\u0119 zegar oraz panel informacyjny (otwarte\/zamkni\u0119te)- sklep wyposa\u017cono w wag\u0119 mechaniczn\u0105, terminal do kart kredytowych z drukark\u0105 paragon\u00f3w- w zestawie znajduje si\u0119 w\u00f3zek na zakupy &#8211; wysoko\u015b\u0107 r\u0105czki &#8211; 44 cm- w zestawie znajdziemy 50 akcesori\u00f3w, m.in. banknoty, monety, karta kredytowa, paragony, warzywa i owoce, produkty spo\u017cywczeWiek: od 3 latP\u0142e\u0107: ch\u0142opiec\/dziewczynkaMateria\u0142 wykonania: PlastikWymiary produktu: 60 x 60 x 89 (cm)Wymiary opakowania: 50 x 24 x 70 (cm)&#8230;<\/p>\n<h2>Smoby Maximarket Z W\u00f3zkiem I Kas\u0105 Sklep &#8211; Zabawka Smoby<\/h2>\n<p>z\u0142ote my\u015bli o przyja\u017ani, dziecko cytaty, bajka o kreciku, kolorowanki ninjago, darmowe kolorowanki do druku, wzory dyplom\u00f3w do pobrania, julian, stare wiersze dla dzieci, krak\u00f3w atrakcje dla dzieci, \u017carty na prima aprilis w domu, kolorowanka star wars, zagadka logiczna dla dzieci, rzadkie imiona dla dziewczynek, kolorowanka peppa, lato lato lato czeka, karnawa\u0142 maska karnawa\u0142owa szablon, felix net i nika oraz gang niewidzialnych ludzi test z odpowiedziami, quiz o \u015bwi\u0119tach bo\u017cego narodzenia, bajki do czytania psi patrol<\/p>\n<p>yyyyy<\/p>\n<p>&nbsp;<\/p>\n","protected":false},"excerpt":{"rendered":"<p>Dzieci obserwuj\u0105 doros\u0142ych i uwielbiaj\u0105 ich na\u015bladowa\u0107. W ten spos\u00f3b poznaj\u0105 swoje otoczenie oraz \u015bwiat. Seria zabawek imituj\u0105cych urz\u0105dzenia i akcesoria z \u017cycia codziennego, pozwala dzieciom na nauk\u0119 i poznawanie pewnych warto\u015bci poprzez zabaw\u0119.Charakterystyka:- sklep z kilkoma miejscami do zabawy &#8211; kasa, k\u0105cik owocowo-warzywny, waga- elektroniczna kasa z kalkulatorem oraz wy\u015bwietlaczem LCD- w kasie otwiera [&hellip;]<\/p>\n","protected":false},"featured_media":6240,"comment_status":"closed","ping_status":"open","template":"","meta":[],"product_cat":[53,556],"product_tag":[827,844,680,584,621,632],"class_list":["post-6239","product","type-product","status-publish","has-post-thumbnail","hentry","product_cat-kaciki-zabaw","product_cat-smoby","product_tag-bajki-dla-niemowlat","product_tag-co-kupic-na-roczek","product_tag-cytaty-z-malego-ksiecia","product_tag-liwia","product_tag-prezenty-roczek","product_tag-warszawa-atrakcje-dla-mlodziezy"],"_links":{"self":[{"href":"http:\/\/klubmamgdynia.pl\/index.php\/wp-json\/wp\/v2\/product\/6239","targetHints":{"allow":["GET"]}}],"collection":[{"href":"http:\/\/klubmamgdynia.pl\/index.php\/wp-json\/wp\/v2\/product"}],"about":[{"href":"http:\/\/klubmamgdynia.pl\/index.php\/wp-json\/wp\/v2\/types\/product"}],"replies":[{"embeddable":true,"href":"http:\/\/klubmamgdynia.pl\/index.php\/wp-json\/wp\/v2\/comments?post=6239"}],"wp:featuredmedia":[{"embeddable":true,"href":"http:\/\/klubmamgdynia.pl\/index.php\/wp-json\/wp\/v2\/media\/6240"}],"wp:attachment":[{"href":"http:\/\/klubmamgdynia.pl\/index.php\/wp-json\/wp\/v2\/media?parent=6239"}],"wp:term":[{"taxonomy":"product_cat","embeddable":true,"href":"http:\/\/klubmamgdynia.pl\/index.php\/wp-json\/wp\/v2\/product_cat?post=6239"},{"taxonomy":"product_tag","embeddable":true,"href":"http:\/\/klubmamgdynia.pl\/index.php\/wp-json\/wp\/v2\/product_tag?post=6239"}],"curies":[{"name":"wp","href":"https:\/\/api.w.org\/{rel}","templated":true}]}}