{"id":6243,"date":"2023-09-06T07:00:32","date_gmt":"2023-09-06T05:00:32","guid":{"rendered":"http:\/\/klubmamgdynia.pl\/?post_type=product&#038;p=6243"},"modified":"2026-04-28T12:45:30","modified_gmt":"2026-04-28T10:45:30","slug":"leantoys-zestaw-garnkow-akcesoriow-kuchennych-plyta-indukcyjna-dzwiek-swiatla-zabawka","status":"publish","type":"product","link":"http:\/\/klubmamgdynia.pl\/index.php\/produkt\/leantoys-zestaw-garnkow-akcesoriow-kuchennych-plyta-indukcyjna-dzwiek-swiatla-zabawka\/","title":{"rendered":"Leantoys Zestaw Garnk\u00f3w Akcesori\u00f3w Kuchennych P\u0142yta Indukcyjna D\u017awi\u0119k \u015awiat\u0142a &#8211; Zabawka"},"content":{"rendered":"<p>Zestaw Garnk\u00f3w Akcesori\u00f3w Kuchennych P\u0142yta Indukcyjna D\u017awi\u0119k \u015awiat\u0142a Zabawa z dom jest jedn\u0105 z najpopularniejszych rozrywek zauwa\u017calnych w\u015br\u00f3d dzieci. Pozwala na tworzenie przer\u00f3\u017cnych, oryginalnych scenariuszy, Twoje dziecko uwielbia krz\u0105ta\u0107 si\u0119 w kuchni przygotowuj\u0105c posi\u0142ek, w takim razie akcesoria w naszym zestawie pozwol\u0105 na stworzenie niepowtarzalnych da\u0144. Maluch rozwija swoj\u0105 kreatywno\u015bci i zdolno\u015bci manualne poprzez zabaw\u0119. Mo\u017ce rozwinie tak\u017ce zainteresowanie gotowaniem.Czas na wielk\u0105 uczt\u0119! Kuchenka indukcyjn\u0105 zasilana jest na baterie, po w\u0142\u0105czeniu mo\u017cna ustawi\u0107 odpowiedni\u0105 temperatur\u0119, na \u015brodku pojawia si\u0119 czerwone \u015bwiat\u0142o sygnalizuj\u0105ce grzanie. To nie wszystko! Dodatkowo us\u0142yszymy d\u017awi\u0119k gotowania i sma\u017cenia. Do wn\u0119trza czajnika mo\u017cna wla\u0107 wod\u0119, zagotowa\u0107 wod\u0119 na p\u0142ycie indukcyjnej, nast\u0119pnie zrobi\u0107 pyszn\u0105 herbatk\u0119 dla swoich go\u015bci. Elementy zestawu:- kuchenka na baterie- 2 miseczki &#8211; 2 fili\u017canki &#8211; 2 talerze &#8211; 2 \u0142y\u017cki &#8211; czajnik &#8211; patelnia- rondelek &#8211; garnek &#8211; deska do krojenia &#8211; 4 patyczki do sushi &#8211; warzywa: ziemniak, jajko, papryka zielona, kukurydza, marchewka, broku\u0142, jajko sadzone &#8211; przyrz\u0105dy kuchenne: n\u00f3\u017c kuchenny, \u0142y\u017cka cedzakowa, tasak, \u0142y\u017cka do makaronu, nalewka, du\u017cy n\u00f3\u017c Wymiary wybranych element\u00f3w zestawu:- kuchenka: 17 cm x 20 cm x 4 cm &#8211; czajnik: 15 cm x 12 cm x 15 cm &#8211; patelnia z r\u0105czk\u0105: 22 cm x 13 cm x 3 cm &#8211; kubeczki: 5,5 cm x 4 cm &#8211; przybory kuchenne: oko\u0142o 18 cm d\u0142ugo\u015bci &#8211; garnek: 16 cm x 12 cm x 7 cm &#8211; \u0142y\u017cki: 12,5 cm Wymiary opakowania: 29 cm x 19 cm x 24 cm Zestaw przeznaczony jest dla dzieci powy\u017cej 3. roku \u017cycia. Zabawki posiadaj\u0105 certyfikat CE i s\u0105 zgodne z norm\u0105 EN 71. Zapakowane s\u0105 w kartonik, dzi\u0119ki czemu nadaj\u0105 si\u0119 idealnie na prezent. Kuchenka indukcyjna zasilana jest trzema bateriami 1,5 V AA&#8230;.<\/p>\n<h2>Leantoys Zestaw Garnk\u00f3w Akcesori\u00f3w Kuchennych P\u0142yta Indukcyjna D\u017awi\u0119k \u015awiat\u0142a &#8211; Zabawka Lean Toys<\/h2>\n<p>zagadki \u015bmieszne dla dzieci, jednoro\u017cec kolorowanka do druku, aurelia, atrakcje dla dzieci mazowieckie, test dynastia mizio\u0142k\u00f3w, prezenty roczek, bajka krecik, lukrecja imi\u0119, rymowane zagadki dla dzieci, zagadki o wio\u015bnie dla dzieci, w uk\u0142adzie s\u0142onecznym, mia imie, p\u0142atki \u015bniegu szablon<\/p>\n<p>yyyyy<\/p>\n<p>&nbsp;<\/p>\n","protected":false},"excerpt":{"rendered":"<p>Zestaw Garnk\u00f3w Akcesori\u00f3w Kuchennych P\u0142yta Indukcyjna D\u017awi\u0119k \u015awiat\u0142a Zabawa z dom jest jedn\u0105 z najpopularniejszych rozrywek zauwa\u017calnych w\u015br\u00f3d dzieci. Pozwala na tworzenie przer\u00f3\u017cnych, oryginalnych scenariuszy, Twoje dziecko uwielbia krz\u0105ta\u0107 si\u0119 w kuchni przygotowuj\u0105c posi\u0142ek, w takim razie akcesoria w naszym zestawie pozwol\u0105 na stworzenie niepowtarzalnych da\u0144. Maluch rozwija swoj\u0105 kreatywno\u015bci i zdolno\u015bci manualne poprzez zabaw\u0119. [&hellip;]<\/p>\n","protected":false},"featured_media":6244,"comment_status":"closed","ping_status":"open","template":"","meta":[],"product_cat":[53,73],"product_tag":[795,621,708],"class_list":["post-6243","product","type-product","status-publish","has-post-thumbnail","hentry","product_cat-kaciki-zabaw","product_cat-lean-toys","product_tag-mini-zoo-warszawa","product_tag-prezenty-roczek","product_tag-zabawy-ruchowe-dla-dzieci"],"_links":{"self":[{"href":"http:\/\/klubmamgdynia.pl\/index.php\/wp-json\/wp\/v2\/product\/6243","targetHints":{"allow":["GET"]}}],"collection":[{"href":"http:\/\/klubmamgdynia.pl\/index.php\/wp-json\/wp\/v2\/product"}],"about":[{"href":"http:\/\/klubmamgdynia.pl\/index.php\/wp-json\/wp\/v2\/types\/product"}],"replies":[{"embeddable":true,"href":"http:\/\/klubmamgdynia.pl\/index.php\/wp-json\/wp\/v2\/comments?post=6243"}],"wp:featuredmedia":[{"embeddable":true,"href":"http:\/\/klubmamgdynia.pl\/index.php\/wp-json\/wp\/v2\/media\/6244"}],"wp:attachment":[{"href":"http:\/\/klubmamgdynia.pl\/index.php\/wp-json\/wp\/v2\/media?parent=6243"}],"wp:term":[{"taxonomy":"product_cat","embeddable":true,"href":"http:\/\/klubmamgdynia.pl\/index.php\/wp-json\/wp\/v2\/product_cat?post=6243"},{"taxonomy":"product_tag","embeddable":true,"href":"http:\/\/klubmamgdynia.pl\/index.php\/wp-json\/wp\/v2\/product_tag?post=6243"}],"curies":[{"name":"wp","href":"https:\/\/api.w.org\/{rel}","templated":true}]}}