{"id":6247,"date":"2023-02-21T18:38:04","date_gmt":"2023-02-21T17:38:04","guid":{"rendered":"http:\/\/klubmamgdynia.pl\/?post_type=product&#038;p=6247"},"modified":"2026-04-06T09:33:46","modified_gmt":"2026-04-06T07:33:46","slug":"novama-neo-zolty","status":"publish","type":"product","link":"http:\/\/klubmamgdynia.pl\/index.php\/produkt\/novama-neo-zolty\/","title":{"rendered":"Novama Neo \u017b\u00f3\u0142ty"},"content":{"rendered":"<p>NOVAMA Neo Termometr elektronicznyNEO to podstawowy termometr elektroniczny z rodziny produkt\u00f3w NOVAMA.Prosty w obs\u0142udzeJeden przyciskPomiar temperatury w 10 sekundD\u017awi\u0119k zako\u0144czenia pomiaruMo\u017cliwo\u015b\u0107 mierzenia temperatury w ustach, pod pach\u0105 oraz rektalnieWy\u015bwietlacz LCDDost\u0119pny w r\u00f3\u017cnych kolorachEtui na termometr w zestawieMarka NOVAMAGwarancja 2 lataZasilanie BaterieMiejsce pomiaru W ustach, pod pach\u0105, rektalnieKolor niebieskiWymiary 12.4 x 1.8 x 0.9 cmWaga urz\u0105dzenia 10 g (z bateri\u0105)Dok\u0142adno\u015b\u0107 pomiaru termometru \u00b10.1\u00baC (w zakresie 35.5\u00baC &#8211; 42\u00baC )Zakres pomiaru termometru 32\u00baC \u2013 42.9\u00baC (90\u00baF \u2013 109.9\u00baF)Podzia\u0142ka na wy\u015bwietlaczu 0,1Pami\u0119\u0107 urz\u0105dzenia ostatni wynik pomiaruDodatkowe informacje Ciek\u0142okrystaliczny wy\u015bwietlaczSk\u0142ad zestawu Termometr Neo, przezroczyste etui, bateria, karta gwarancyjna, instrukcja obs\u0142ugi w j\u0119zyku polskim.Dodatkowe akcesoria Plastikowe etui na termometr2 lata gwarancji<\/p>\n<h2>Novama Neo \u017b\u00f3\u0142ty Novama<\/h2>\n<p>flagi pa\u0144stw quiz, imiona dla ch\u0142opc\u00f3w, transformers kolorowanka, skalne miasto, aron, wiersze \u0142ama\u0144ce j\u0119zykowe dla dzieci, cytaty o przyjazni, cytaty dzie\u0144 nauczyciela, zabawy dla 7 latki, \u0142amig\u0142\u00f3wki s\u0142owne, filmy animowane o \u015bwi\u0119tach, karolcia test z lektury, julian znaczenie imienia, prezent dla nastolatka, kolorowanki disney, co kupi\u0107 nastolatce na urodziny, prezenty na dzie\u0144 dziecka dla nastolatk\u00f3w<\/p>\n<p>yyyyy<\/p>\n<p>&nbsp;<\/p>\n","protected":false},"excerpt":{"rendered":"<p>NOVAMA Neo Termometr elektronicznyNEO to podstawowy termometr elektroniczny z rodziny produkt\u00f3w NOVAMA.Prosty w obs\u0142udzeJeden przyciskPomiar temperatury w 10 sekundD\u017awi\u0119k zako\u0144czenia pomiaruMo\u017cliwo\u015b\u0107 mierzenia temperatury w ustach, pod pach\u0105 oraz rektalnieWy\u015bwietlacz LCDDost\u0119pny w r\u00f3\u017cnych kolorachEtui na termometr w zestawieMarka NOVAMAGwarancja 2 lataZasilanie BaterieMiejsce pomiaru W ustach, pod pach\u0105, rektalnieKolor niebieskiWymiary 12.4 x 1.8 x 0.9 cmWaga urz\u0105dzenia [&hellip;]<\/p>\n","protected":false},"featured_media":6248,"comment_status":"closed","ping_status":"open","template":"","meta":[],"product_cat":[1443,1444],"product_tag":[638,734,732,743,608],"class_list":["post-6247","product","type-product","status-publish","has-post-thumbnail","hentry","product_cat-novama","product_cat-termometry","product_tag-miastodzieci","product_tag-milan-imie","product_tag-prezent-dla-rocznego-chlopca","product_tag-quiz-dla-dzieci","product_tag-zagadki-i-odpowiedzi"],"_links":{"self":[{"href":"http:\/\/klubmamgdynia.pl\/index.php\/wp-json\/wp\/v2\/product\/6247","targetHints":{"allow":["GET"]}}],"collection":[{"href":"http:\/\/klubmamgdynia.pl\/index.php\/wp-json\/wp\/v2\/product"}],"about":[{"href":"http:\/\/klubmamgdynia.pl\/index.php\/wp-json\/wp\/v2\/types\/product"}],"replies":[{"embeddable":true,"href":"http:\/\/klubmamgdynia.pl\/index.php\/wp-json\/wp\/v2\/comments?post=6247"}],"wp:featuredmedia":[{"embeddable":true,"href":"http:\/\/klubmamgdynia.pl\/index.php\/wp-json\/wp\/v2\/media\/6248"}],"wp:attachment":[{"href":"http:\/\/klubmamgdynia.pl\/index.php\/wp-json\/wp\/v2\/media?parent=6247"}],"wp:term":[{"taxonomy":"product_cat","embeddable":true,"href":"http:\/\/klubmamgdynia.pl\/index.php\/wp-json\/wp\/v2\/product_cat?post=6247"},{"taxonomy":"product_tag","embeddable":true,"href":"http:\/\/klubmamgdynia.pl\/index.php\/wp-json\/wp\/v2\/product_tag?post=6247"}],"curies":[{"name":"wp","href":"https:\/\/api.w.org\/{rel}","templated":true}]}}