{"id":6249,"date":"2025-10-04T21:38:10","date_gmt":"2025-10-04T19:38:10","guid":{"rendered":"http:\/\/klubmamgdynia.pl\/?post_type=product&#038;p=6249"},"modified":"2026-04-04T05:11:15","modified_gmt":"2026-04-04T03:11:15","slug":"flipper-logopedyczny-magnetyczny","status":"publish","type":"product","link":"http:\/\/klubmamgdynia.pl\/index.php\/produkt\/flipper-logopedyczny-magnetyczny\/","title":{"rendered":"Flipper Logopedyczny Magnetyczny"},"content":{"rendered":"<p>Po\u0142\u0105czenie zabawy z \u0107wiczeniem oddechu, polecamy szczeg\u00f3lnie w terapii wad wymowy.zabawa polega na tym, aby przedmucha\u0107 pi\u0142k\u0119 przez samodzielnie u\u0142o\u017cony tor przeszk\u00f3d i doj\u015b\u0107 do celu.Gra mo\u017ce by\u0107 prowadzona indywidualnie lub przez dwie osoby.Je\u015bli gr\u0119 prowadzi dw\u00f3ch graczy prowadz\u0105 oni pi\u0142k\u0119 poprzez dmuchanie jej na zmian\u0119. Wygrywa gracz, kt\u00f3ry pierwszy przedmucha pi\u0142k\u0119 do celu.Mo\u017cna te\u017c prowadzi\u0107 zawody (r\u00f3wnoleg\u0142e \u0107wiczenie) .Magnetyczne elementy pozwalaj\u0105 na dowolno\u015b\u0107 w u\u0142o\u017ceniu toru przeszk\u00f3d.Mo\u017ce to by\u0107 uk\u0142ad stworzony na wz\u00f3r flipper\u00f3w, mo\u017ce by\u0107 zupe\u0142nie dowolnym uk\u0142adem stworzonym przez samego gracza lub osob\u0119 kieruj\u0105c\u0105 \u0107wiczeniem. Ilo\u015b\u0107 i spos\u00f3b umieszczonych element\u00f3w zale\u017cy od umiej\u0119tno\u015bci i wieku \u0107wicz\u0105cego.Kto potrafi najpr\u0119dzej umie\u015bci\u0107 pi\u0142k\u0119 w wyznaczonym do\u0142ku u\u017cywaj\u0105c wy\u0142\u0105cznie s\u0142omki do toczenia pi\u0142kiaUmiej\u0119tno\u015bci, koncentracja i wytrwa\u0142o\u015b\u0107 to cechy potrzebne w tym \u0107wiczeniu.Jego wykonywanie rozwija i wzmacnia te cechy.Jedn\u0105 z pi\u0142ek umieszczamy w \u015brodkowym do\u0142ku (p\u00f3\u0142kolu) na dole planszy.Gracz musi teraz pr\u00f3bowa\u0107 przetoczy\u0107 pi\u0142k\u0119 do g\u00f3rnego do\u0142ka u\u017cywaj\u0105c jedynie s\u0142omki.Warto\u015bci pedagogiczne:Wspania\u0142a kombinacja \u2013 po\u0142\u0105czenie kontroli oddechu i ruchu r\u0105k potrzebnych do kierowania pi\u0142k\u0105 we w\u0142a\u015bciwym kierunku.Ponadto jest wspania\u0142ym sposobem na rozwini\u0119cie umiej\u0119tno\u015bci koncentracji i uczy spokoju.Wspania\u0142y spos\u00f3b nauki kontroli w\u0142asnego oddechu, szczeg\u00f3lnie polecany w kategorii terapii logopedycznej.zawarto\u015b\u0107:\u00a0\u00a0\u00a0 * plansza magnetyczna, z drewnianymi rantami o wymiarach 45x32cm,\u00a0\u00a0\u00a0 * 20 r\u00f3\u017cnych magnetycznych element\u00f3w do u\u0142o\u017cenia toru przeszk\u00f3d,\u00a0\u00a0\u00a0 * 3 pi\u0142ki (metalowa, drewniana i ping-pong),\u00a0\u00a0\u00a0 * 2 podstawki (p\u00f3\u0142kule z magnesami) do dowolnego ustawienia planszy,\u00a0\u00a0\u00a0 * 125 s\u0142omekCertyfikat:Produkt posiada znak bezpiecze\u0144stwa CE.Surowce u\u017cywane do ich produkcji posiadaj\u0105 wymagane atesty i spe\u0142niaj\u0105 wymogi okre\u015blone przez Uni\u0119 Europejsk\u0105 w dyrektywie EN 71-73.<\/p>\n<h2>Flipper Logopedyczny Magnetyczny Pilch<\/h2>\n<p>wiersze \u0142ama\u0144ce j\u0119zykowe dla dzieci, opowie\u015bci z narnii lew czarownica i stara szafa quiz, zagadki o dinozaurach, \u015bmieszne zagadki, kawa\u0142y na prima aprilis dla rodzic\u00f3w, leon imi\u0119, jeremi, quiz felix net i nika oraz gang niewidzialnych ludzi, znaczenie imienia pola, jesienne piosenki dla dzieci, gabriela imie, trudne zagadki z odpowiedziami, zgadywanki, gdzie na ferie zimowe 2022, zabawki na roczek dla dziewczynki, pomys\u0142 na prezent dla nastolatka, gabriel imie, opisy do zdj\u0119\u0107 z dzieckiem, \u0142amig\u0142\u00f3wki matematyczne, zagadki typu co to jest<\/p>\n<p>yyyyy<\/p>\n<p>&nbsp;<\/p>\n","protected":false},"excerpt":{"rendered":"<p>Po\u0142\u0105czenie zabawy z \u0107wiczeniem oddechu, polecamy szczeg\u00f3lnie w terapii wad wymowy.zabawa polega na tym, aby przedmucha\u0107 pi\u0142k\u0119 przez samodzielnie u\u0142o\u017cony tor przeszk\u00f3d i doj\u015b\u0107 do celu.Gra mo\u017ce by\u0107 prowadzona indywidualnie lub przez dwie osoby.Je\u015bli gr\u0119 prowadzi dw\u00f3ch graczy prowadz\u0105 oni pi\u0142k\u0119 poprzez dmuchanie jej na zmian\u0119. Wygrywa gracz, kt\u00f3ry pierwszy przedmucha pi\u0142k\u0119 do celu.Mo\u017cna te\u017c [&hellip;]<\/p>\n","protected":false},"featured_media":6250,"comment_status":"closed","ping_status":"open","template":"","meta":[],"product_cat":[1442,1445],"product_tag":[654,735,717,621],"class_list":["post-6249","product","type-product","status-publish","has-post-thumbnail","hentry","product_cat-pilch","product_cat-pomoce-naukowe","product_tag-krotkie-bajki-dla-dzieci-do-czytania","product_tag-prezent-na-roczek-dziewczynka","product_tag-prezent-roczek","product_tag-prezenty-roczek"],"_links":{"self":[{"href":"http:\/\/klubmamgdynia.pl\/index.php\/wp-json\/wp\/v2\/product\/6249","targetHints":{"allow":["GET"]}}],"collection":[{"href":"http:\/\/klubmamgdynia.pl\/index.php\/wp-json\/wp\/v2\/product"}],"about":[{"href":"http:\/\/klubmamgdynia.pl\/index.php\/wp-json\/wp\/v2\/types\/product"}],"replies":[{"embeddable":true,"href":"http:\/\/klubmamgdynia.pl\/index.php\/wp-json\/wp\/v2\/comments?post=6249"}],"wp:featuredmedia":[{"embeddable":true,"href":"http:\/\/klubmamgdynia.pl\/index.php\/wp-json\/wp\/v2\/media\/6250"}],"wp:attachment":[{"href":"http:\/\/klubmamgdynia.pl\/index.php\/wp-json\/wp\/v2\/media?parent=6249"}],"wp:term":[{"taxonomy":"product_cat","embeddable":true,"href":"http:\/\/klubmamgdynia.pl\/index.php\/wp-json\/wp\/v2\/product_cat?post=6249"},{"taxonomy":"product_tag","embeddable":true,"href":"http:\/\/klubmamgdynia.pl\/index.php\/wp-json\/wp\/v2\/product_tag?post=6249"}],"curies":[{"name":"wp","href":"https:\/\/api.w.org\/{rel}","templated":true}]}}