{"id":625,"date":"2019-05-14T11:28:37","date_gmt":"2019-05-14T09:28:37","guid":{"rendered":"http:\/\/klubmamgdynia.pl\/index.php\/produkt\/karta-seagate-storage-expansion-card-1tb-do-xbox-series-x-i-s-stjr1000400\/"},"modified":"2026-04-22T23:45:10","modified_gmt":"2026-04-22T21:45:10","slug":"karta-seagate-storage-expansion-card-1tb-do-xbox-series-x-i-s-stjr1000400","status":"publish","type":"product","link":"http:\/\/klubmamgdynia.pl\/index.php\/produkt\/karta-seagate-storage-expansion-card-1tb-do-xbox-series-x-i-s-stjr1000400\/","title":{"rendered":"Karta Seagate Storage Expansion Card 1TB do Xbox Series X i S (STJR1000400)"},"content":{"rendered":"<p>\u00a0\u00a0                            <\/p>\n<p>\u00a0\u00a0                            <\/p>\n<p>\u00a0\u00a0                            <\/p>\n<p>Karta Seagate Storage Expansion Card do Xbox Series X|S<br \/>\nSTJR1000400Wi\u0119ksza wewn\u0119trzna pami\u0119\u0107 masowa i wi\u0119cej mo\u017cliwo\u015bci gry.Karta rozszerze\u0144 Seagate\u00ae Storage Expansion Card do konsoli Xbox Series X|S b\u0142yskawicznie zwi\u0119ksza pojemno\u015b\u0107 konsoli Xbox, najbardziej zaawansowanego urz\u0105dzenia do gry.Karta zapewnia bezproblemow\u0105 kompatybilno\u015b\u0107 z architektur\u0105 Xbox\u00ae Velocity, najszybsze czasy wczytywania oraz dost\u0119p do dynamicznych wirtualnych \u015bwiat\u00f3w dzi\u0119ki wysokiej wydajno\u015bci, optymalizacji pod k\u0105tem gier na konsol\u0119 Xbox Series X i kompatybilno\u015bci z wszystkimi generacjami konsoli Xbox. Graj w domu lub zabierz swoje gry do znajomych \u2013 najwy\u017csza wydajno\u015b\u0107 jest teraz na wyci\u0105gni\u0119cie r\u0119ki.                            <\/p>\n<p>Najwa\u017cniejsze zaletyKarta zosta\u0142a opracowana we wsp\u00f3\u0142pracy z Xbox i bezproblemowo\u00a0przystosowuje si\u0119 do pe\u0142nego zakresu gry zar\u00f3wno na konsoli Xbox\u00a0Series X, jak i Xbox Series SDodaj 1 TB pami\u0119ci masowej do konsoli Xbox Series X i Xbox\u00a0Series S bez po\u015bwi\u0119cania ich wydajno\u015bciKarta jest kompatybilna z architektur\u0105 Xbox Velocity, co zapewnia\u00a0szybszy czas wczytywania, bogate \u015brodowisko i lepsze wra\u017cenia z gier.Gra w gry zoptymalizowane pod k\u0105tem konsoli Xbox Series X\u00a0wykorzystuje wydajno\u015b\u0107 architektury Xbox VelocityOpcja szybkiego wznawiania gry pozwala graczom b\u0142yskawicznie\u00a0prze\u0142\u0105czy\u0107 si\u0119 na inn\u0105 gr\u0119 zapisan\u0105 na wewn\u0119trznym dysku SSD\u00a0lub karcie pami\u0119ciKart\u0119 \u0142atwo jest pod\u0142\u0105czy\u0107, aby rozpocz\u0105\u0107 gr\u0119, lub od\u0142\u0105czy\u0107 i zabra\u0107\u00a0zapisane na niej gry ze sob\u0105                            <\/p>\n<p>Najszybsza.Najpot\u0119\u017cniejsza.B\u0142yskawicznie powi\u0119ksz pojemno\u015b\u0107konsoli Xbox Series X lub Xbox Series S.                            <\/p>\n<p>Owocna wsp\u00f3\u0142pracaStworzyli\u015bmy kart\u0119 rozszerze\u0144 Seagate Storage Expansion Card w \u015bcis\u0142ej wsp\u00f3\u0142pracy z Xbox, aby zagwarantowa\u0107, \u017ce podczas pod\u0142\u0105czania karty do konsoli Xbox Series X lub Xbox Series S u\u017cytkownik otrzymuje wymarzon\u0105 szybko\u015b\u0107 i wydajno\u015b\u0107 dla nowej generacji gier na konsol\u0119 Xbox.                            <\/p>\n<p>Miejsce na gryPod\u0142\u0105cz do najpot\u0119\u017cniejszej w historii konsoli Xbox \u2013 karta Seagate Storage Expansion Card do konsoli Xbox Series X|S.                            <\/p>\n<p>P\u0142ynna rozgrywkaKarta jest kompatybilna z architektur\u0105 Xbox Velocity, co zapewnia szybszy czas wczytywania, bogate \u015brodowisko i lepsze wra\u017cenia z gier.                            <\/p>\n<p>Bez niepotrzebnie marnowanych sekundSzybkie wznawianie gry pozwala graczom w bezproblemowy spos\u00f3b prze\u0142\u0105cza\u0107 si\u0119 pomi\u0119dzy r\u00f3\u017cnymi tytu\u0142ami i natychmiast wznawia\u0107 gr\u0119 od miejsca, gdzie zosta\u0142a przerwana \u2013 zawsze z t\u0105 sam\u0105 szybko\u015bci\u0105 generowan\u0105 przez kart\u0119 rozszerze\u0144 oraz wewn\u0119trzny dysk SSD.                            <\/p>\n<p>Lepsza obs\u0142uga starszych gierSynchronizacja z zaawansowanym sprz\u0119tem, wchodz\u0105cym w sk\u0142ad ultrapot\u0119\u017cnej architektury Xbox Velocity oraz procesorem konsoli, jak r\u00f3wnie\u017c g\u0142\u0119boka integracja oprogramowania sprawiaj\u0105, \u017ce ka\u017cda gra obs\u0142ugiwana przez kart\u0119 Storage Expansion Card do konsoli Xbox Series X|S gwarantuje rozrywk\u0119 na tym samym najwy\u017cszym poziomie wydajno\u015bci, jak w przypadku wewn\u0119trznego dysku SSD konsoli. Obejmuje to tysi\u0105ce oryginalnych gier na konsol\u0119 Xbox, Xbox 360 oraz Xbox One.                            <\/p>\n<p>Co wchodzi w sk\u0142ad zestawu?Karta rozszerze\u0144 Storage Expansion Card do konsoli Xbox Series X|SOs\u0142ona ochronnaInstrukcja szybkiej instalacji                            <\/p>\n<p>Pojemno\u015b\u0107\u00a0:\u00a01 TB________________________________________Pami\u0119\u0107 flash\u00a0:\u00a0Dedykowana technologia PCIe Gen4x2 NVMe________________________________________Format\u00a0:\u00a0Karta rozszerze\u0144 Storage Expansion Card do konsoli Xbox Series X|S________________________________________Ograniczona gwarancja\u00a0:\u00a03 lata<\/p>\n<h2>Karta Seagate Storage Expansion Card 1TB do Xbox Series X i S (STJR1000400) Seagate<\/h2>\n<p>zagadki na inteligencje, kolorowanki kotka, p\u0142atki \u015bniegu szablon, malowanka do druku, maska misia do druku, cytaty o przyjazni, walentynka dla c\u00f3rki, kolorowanki miasto dzieci, zabawki na roczek dla dziewczynki, kolorowanki dla dziewczyn, wiosenna kolorowanka, kolorowanka peppa, mateusz imi\u0119, warszawa z dzieckiem, janusz, swinka peppa do czytania, prezenty dla rocznego dziecka<\/p>\n<p>yyyyy<\/p>\n<p>&nbsp;<\/p>\n","protected":false},"excerpt":{"rendered":"<p>\u00a0\u00a0 \u00a0\u00a0 \u00a0\u00a0 Karta Seagate Storage Expansion Card do Xbox Series X|S STJR1000400Wi\u0119ksza wewn\u0119trzna pami\u0119\u0107 masowa i wi\u0119cej mo\u017cliwo\u015bci gry.Karta rozszerze\u0144 Seagate\u00ae Storage Expansion Card do konsoli Xbox Series X|S b\u0142yskawicznie zwi\u0119ksza pojemno\u015b\u0107 konsoli Xbox, najbardziej zaawansowanego urz\u0105dzenia do gry.Karta zapewnia bezproblemow\u0105 kompatybilno\u015b\u0107 z architektur\u0105 Xbox\u00ae Velocity, najszybsze czasy wczytywania oraz dost\u0119p do dynamicznych wirtualnych [&hellip;]<\/p>\n","protected":false},"featured_media":626,"comment_status":"closed","ping_status":"open","template":"","meta":[],"product_cat":[241,240],"product_tag":[802,590,745,718,726,767],"class_list":["post-625","product","type-product","status-publish","has-post-thumbnail","hentry","product_cat-pozostale-akcesoria-i-kontrolery-do-gier","product_cat-seagate","product_tag-co-kupic-dziewczynce-na-roczek","product_tag-plac-zabaw-warszawa","product_tag-prezent-dla-15-latki","product_tag-prezent-na-roczek-dla-chrzesniaka","product_tag-quiz-zemsta","product_tag-zaproszenia-urodzinowe-do-druku"],"_links":{"self":[{"href":"http:\/\/klubmamgdynia.pl\/index.php\/wp-json\/wp\/v2\/product\/625","targetHints":{"allow":["GET"]}}],"collection":[{"href":"http:\/\/klubmamgdynia.pl\/index.php\/wp-json\/wp\/v2\/product"}],"about":[{"href":"http:\/\/klubmamgdynia.pl\/index.php\/wp-json\/wp\/v2\/types\/product"}],"replies":[{"embeddable":true,"href":"http:\/\/klubmamgdynia.pl\/index.php\/wp-json\/wp\/v2\/comments?post=625"}],"wp:featuredmedia":[{"embeddable":true,"href":"http:\/\/klubmamgdynia.pl\/index.php\/wp-json\/wp\/v2\/media\/626"}],"wp:attachment":[{"href":"http:\/\/klubmamgdynia.pl\/index.php\/wp-json\/wp\/v2\/media?parent=625"}],"wp:term":[{"taxonomy":"product_cat","embeddable":true,"href":"http:\/\/klubmamgdynia.pl\/index.php\/wp-json\/wp\/v2\/product_cat?post=625"},{"taxonomy":"product_tag","embeddable":true,"href":"http:\/\/klubmamgdynia.pl\/index.php\/wp-json\/wp\/v2\/product_tag?post=625"}],"curies":[{"name":"wp","href":"https:\/\/api.w.org\/{rel}","templated":true}]}}