{"id":6251,"date":"2013-08-26T09:40:03","date_gmt":"2013-08-26T07:40:03","guid":{"rendered":"http:\/\/klubmamgdynia.pl\/index.php\/produkt\/super-toys-oryginalne-audi-q7-w-najlepszej-wersji-lakier-czerwony-2188\/"},"modified":"2026-05-17T21:30:18","modified_gmt":"2026-05-17T19:30:18","slug":"super-toys-oryginalne-audi-q7-w-najlepszej-wersji-lakier-czerwony-2188","status":"publish","type":"product","link":"http:\/\/klubmamgdynia.pl\/index.php\/produkt\/super-toys-oryginalne-audi-q7-w-najlepszej-wersji-lakier-czerwony-2188\/","title":{"rendered":"Super Toys Oryginalne Audi Q7 W Najlepszej Wersji Lakier Czerwony \/ 2188"},"content":{"rendered":"<p>ST-JJ-2188\/2x45W AUDI Q7EXCLUSIVEW wersji lakierowanejz mi\u0119kkim siedzeniem,mi\u0119kkimi ko\u0142ami EVAsystemem wolnego startu ESW,pilotem 2.4 Ghz z hamulcem i nowoczesnym panelemProdukt na licencji AUDIREWELACJA NAJNOWSZY MODELNA AKUMULATORZ PILOTEMZDALNEGO STEROWANIA.Najmocniejsza wersja pojazdu 2 x45 W, dwa akumulatory 6V 10 HR czyli \u0142\u0105cznie12 V 20HRSuper o\u015bwietlenie i jako\u015b\u0107 auta.Jeden z najlepiej wykonanych pojazd\u00f3w na akumulator.Kupujcie tylko najlepsze pojazdygwarancja jako\u015bci.Od prawie 20 lat bawimy Wasze dzieci.TYLKO NASZE AUTO POSIADA PE\u0141NE WYPOSA\u017bENIEZOBACZ FILM jak je\u017adzi auto KLIKNIJ TUTAJ LUB NA PONI\u017bSZE ZDJ\u0118CIE:Zobacz monta\u017c i jazd\u0119 pojazdem:Kolor lakierowany czerwony:Opis na podstawie wybranego koloru:O\u015bwietlenie pojazdu:Opis przedmiotu:AUTO AUDI Q7w wersji lakierowane to licencjonowany pojazd w wersji EXCLUSIVEzasilane na 12 V z nap\u0119dem na dwa ko\u0142a zachwyci nie jednego przysz\u0142ego kierowc\u0119. Dzi\u0119ki zastosowanym najmocniejszym silnikom 45 W, auto je\u017adzi po nier\u00f3wnym terenie bez \u017cadnych problem\u00f3w, a dodatkowo silniki te s\u0105 bardzo dobrej jako\u015bci.Auto posiada system wolnego startu ESW, pilota 2.4 Ghz z hamulcem , mi\u0119kkie siedzenie, kola EVA jego karoseria jest lakierowana &#8211; tylko w tej wersji.Ciekawym elementem jest o\u015bwietlenie pojazdu &#8211; \u015bwiec\u0105ce \u015bwiat\u0142a przednie oraz pod\u015bwietlony ty\u0142.Nowoczesny panel sterowania d\u017awi\u0119kami z radiem FM, MP3 oraz wska\u017anik na\u0142adowania akumulator daj\u0105 pe\u0142en komfort u\u017cytkowania pojazdu &#8211; wiemy na jak d\u0142ugo mamy jeszcze &#8221; paliwa&#8221; ( napi\u0119cia w akumulatorach) oraz mo\u017cemy zarz\u0105dza\u0107 d\u017awi\u0119kami pojazdu.Auto posiada:silnik: 2 sztuki x 12 V 45W akumulator 2x6V 10HR trzy pr\u0119dko\u015bci jazdy z pilota,system wolnego startu ESW &#8211; auto rusza powoli, specjalny przycisk STOP &#8211; natychmiastowe zatrzymanie autapilot 2.4 Ghz z funkcj\u0105 hamowania z pilota super- bezpieczne rozwi\u0105zanie,auto posiada elektryczny hamulec, dzia\u0142aj\u0105cy po zdj\u0119ciu nogi z peda\u0142u gazu, hamuje samoczynnie auto posiada d\u017awi\u0119ki &#8211; odg\u0142os uruchamiania pojazdu i pracy silnikamo\u017cliwo\u015b\u0107 wy\u0142\u0105czenia \u015bwiate\u0142 &#8211; w panelumi\u0119kkie siedzenie z pasami, mi\u0119kkie ko\u0142a EVAwersja pokryta lakieremnowoczesny panel sterowania RADIO FM, wej\u015bcie na MP3, regulacja g\u0142o\u015bno\u015bci wska\u017anik na\u0142adowania akumulatora opowie\u015bci piosenki, obs\u0142uga urz\u0105dze\u0144 zewn\u0119trznych &#8211; wszystkie te funkcje znajduj\u0105 si\u0119 w nowoczesnym panelu sterowania\u015bwiec\u0105ce ledowe \u015bwiat\u0142a oraz ty\u0142 auta wska\u017anik na\u0142adowania akumulatora w paneluZdalne sterowania pojazdem system ESW 2.4 GhzRodzice maj\u0105 pe\u0142n\u0105 kontrol\u0119 nad jazd\u0105 Pociechy &#8211; w ka\u017cdej chwili mog\u0105 zareagowa\u0107 pilotem na jazd\u0119 swojego Dziecka (w innych modelach jest mo\u017cliwa jazda na zdalnym sterowaniu tylko po prze\u0142\u0105czeniu w\u0142\u0105cznika R\/C, tutaj takiego prze\u0142\u0105cznika nie ma). Dzi\u0119ki w\u0142a\u015bnie takiemu rozwi\u0105zaniu kiedy Rodzice widz\u0105 \u017ce dziecko jedzie w z\u0142ym kierunku mog\u0105 natychmiast zareagowa\u0107 pilotem &#8211; zmieni\u0107 kierunek jazdy lub w tej wersji natychmiast zatrzyma\u0107 pojazd &#8211; funkcja STOP w pilocie. Dodatkowo z pilota jest mo\u017cliwe ustawienie 1 z 3 pr\u0119dko\u015bci jazdy.Zdecydowanie jest to jedno z najbezpieczniejszych i najlepszych rozwi\u0105za\u0144 w pojazdach na akumulator.Nap\u0119d: Dwa silniki 45 W &#8211; nap\u0119d na oba ko\u0142a, SILNIKI STRONG 2Zasilanie: Akumulator 2x6V 10 HR\u0141adowarka: 220 -240 V 50, Hz 12V DC 1000 MAPilot: Tak, 2.4 Ghz bezzak\u0142\u00f3ceniowyPasy bezpiecze\u0144stwa TakMi\u0119kkie ko\u0142a TakWymiary pojazdu: d\u0142ugo\u015b\u0107 ok: 121 cm,szeroko\u015b\u0107 ok. 72 cm, wysoko\u015b\u0107 przy siedzeniu ok. 59 cm, wysoko\u015b\u0107 drzwi ok.: 54 cm, szeroko\u015b\u0107 siedziska ok.:40 cm, odleg\u0142o\u015b\u0107 od peda\u0142u gazu do siedzenia ok.:64 cm, \u015brednica ko\u0142a ok. 26 cm, szeroko\u015b\u0107 ko\u0142a ok. 10,5 cm, prze\u015bwit od pod\u0142o\u017ca ok.: 12 cm, Max obci\u0105\u017cenie pojazdu 30 kgWaga pojazdu21 kgPr\u0119dko\u015b\u0107 i jazda System wolnego startu ESW &#8211; auto rusza i zatrzymuje si\u0119 bardzo delikatnie &#8211; nie szarpie,\u0142\u0105cznie 3 biegibieg wolny 2,5- 3 km\/h, bieg szybki maks. do 5-6 km\/h, jazda w prz\u00f3d i w ty\u0142, idealny pojazd na traw\u0119, dzia\u0142k\u0119 czy nier\u00f3wno\u015bci -nap\u0119d na dwa ko\u0142a.Komfort jazdy: Mi\u0119kkie siedzenie wska\u017anik na\u0142adowania akumulatora, system wolnego startu ESW, amortyzatory, hamulecEfekty \u015bwietlneTak, \u015bwiat\u0142a przednie dzienne, \u015bwiec\u0105ce \u015bwiat\u0142a tylne, panel z wska\u017anikiem na\u0142adowania akumulatora.HamowaniePojazd hamuje silnikiem po zdj\u0119ciu nogi z gazu lub mo\u017cna go natychmiast zatrzyma\u0107 za pomoc\u0105 przycisku STOP na pilocieEfekty d\u017awi\u0119kowe:Tak, g\u0142os odpalania i pracy silnika, piosenki dyskotekowe bardzo melodyjne, opowie\u015bci, regulacja g\u0142o\u015bno\u015bci, wej\u015bcie MP3,Regulacja g\u0142o\u015bno\u015bci: Tak przez panel + wej\u015bcie na MP3, wbudowane radio FMRodzaj siedzenia Mi\u0119kkie z logiemCzas \u0142adowania:8 do 12 godzin, przed pierwszym u\u017cyciem nale\u017cy \u0142adowa\u0107 akumulator oko\u0142o 18 godzinCzas jazdydo 2 godzin w zale\u017cno\u015bci od warunk\u00f3w zewn\u0119trznychDodatkowe funkcje: Wersja lakierowana, mi\u0119kkie siedzenie,d\u017awi\u0119k uruchamiana silnika oraz pracy silnika . wielofunkcyjny panel z radiem, pilot z hamulcem,system wolnego startu ESW,Gwarancja: pisemna 12 miesi\u0119cyWymiar opakowania122 cm x 63 cm x 47 cmWaga z opakowaniem.24,5 kgWysy\u0142ka i monta\u017c:Pojazd do monta\u017cu wysy\u0142any w oryginalnym kartonie &#8211; czas monta\u017cu ok 15-30 minutTablice:Prz\u00f3d: 15 x 3,5 cmTy\u0142: 15 x 3,5 cmW komplecie:Do ka\u017cdego pojazdu pisemna gwarancja na 12 miesi\u0119cy.Paragon fiskalny ( lub FV),Instrukcja obs\u0142ugi w j\u0119zyku polskim.Zapewniamy serwis gwarancyjny i pogwarancyjny pojazd\u00f3w.Wszystkie nasze zabawki posiadaj\u0105 certyfikat CE &#8211; czyli s\u0105 w pe\u0142ni bezpieczne.Dbamy o bezpiecze\u0144stwo dzieci.Wszystkie nasze pojazdy posiadaj\u0105 wszystkie wymagane atesty i certyfikaty.Ostrze\u017cenia:1. Monta\u017c musi by\u0107 wykonany przez osob\u0119 doros\u0142\u0105.2. Jazda zawsze musi odbywa\u0107 si\u0119 pod nadzorem osoby doros\u0142ej nie nale\u017cy je\u017adzi\u0107 po drogach publicznych ( w ruchu publicznym) w pobli\u017cu miejsc niebezpiecznych, mo\u017ce to skutkowa\u0107 wypadkiem.3. Nale\u017cy stosowa\u0107 wyposa\u017cenie ochronne typu kask, ochraniacze na kolana, ochraniacze na \u0142okcie.4. Przeznaczenie od: 3 do 6 lat.<\/p>\n<h2>Super Toys Oryginalne Audi Q7 W Najlepszej Wersji Lakier Czerwony \/ 2188 <\/h2>\n<p>my little pony kolorowanka, kolorowanki dla dziewczyn, wroc\u0142aw i okolice atrakcje, halloween dla dzieci 2021, warszawa dzieci, sentencje o rodzinie, gry planszowe dla nastolatk\u00f3w, opowiadanie o miko\u0142aju dla przedszkolak\u00f3w, zagadki dla dzieci 10 12 lat z odpowiedziami, karty pracy dla uczni\u00f3w z ukrainy, warszawa atrakcje dla dzieci, bajki dla dzieci na dobranoc, psi patrol kolorowanka do druku, kucyki pony kolorowanka, jesienne zagadki, spos\u00f3b na elfa test, zagadki z odpowiedziami, upominek dla nastolatk\u00f3w, otto, asiunia pytania do lektury, znaczenia imienia alicja<\/p>\n<p>yyyyy<\/p>\n<p>&nbsp;<\/p>\n","protected":false},"excerpt":{"rendered":"<p>ST-JJ-2188\/2x45W AUDI Q7EXCLUSIVEW wersji lakierowanejz mi\u0119kkim siedzeniem,mi\u0119kkimi ko\u0142ami EVAsystemem wolnego startu ESW,pilotem 2.4 Ghz z hamulcem i nowoczesnym panelemProdukt na licencji AUDIREWELACJA NAJNOWSZY MODELNA AKUMULATORZ PILOTEMZDALNEGO STEROWANIA.Najmocniejsza wersja pojazdu 2 x45 W, dwa akumulatory 6V 10 HR czyli \u0142\u0105cznie12 V 20HRSuper o\u015bwietlenie i jako\u015b\u0107 auta.Jeden z najlepiej wykonanych pojazd\u00f3w na akumulator.Kupujcie tylko najlepsze pojazdygwarancja jako\u015bci.Od [&hellip;]<\/p>\n","protected":false},"featured_media":6252,"comment_status":"closed","ping_status":"open","template":"","meta":[],"product_cat":[24],"product_tag":[643,785,814,628,779],"class_list":["post-6251","product","type-product","status-publish","has-post-thumbnail","hentry","product_cat-samochody-dla-dzieci","product_tag-prezent-dla-17-latki","product_tag-prezent-dla-nastolatkow","product_tag-prezenty-dla-nastolatek","product_tag-zagadka","product_tag-zarty-na-prima-aprilis-w-domu"],"_links":{"self":[{"href":"http:\/\/klubmamgdynia.pl\/index.php\/wp-json\/wp\/v2\/product\/6251","targetHints":{"allow":["GET"]}}],"collection":[{"href":"http:\/\/klubmamgdynia.pl\/index.php\/wp-json\/wp\/v2\/product"}],"about":[{"href":"http:\/\/klubmamgdynia.pl\/index.php\/wp-json\/wp\/v2\/types\/product"}],"replies":[{"embeddable":true,"href":"http:\/\/klubmamgdynia.pl\/index.php\/wp-json\/wp\/v2\/comments?post=6251"}],"wp:featuredmedia":[{"embeddable":true,"href":"http:\/\/klubmamgdynia.pl\/index.php\/wp-json\/wp\/v2\/media\/6252"}],"wp:attachment":[{"href":"http:\/\/klubmamgdynia.pl\/index.php\/wp-json\/wp\/v2\/media?parent=6251"}],"wp:term":[{"taxonomy":"product_cat","embeddable":true,"href":"http:\/\/klubmamgdynia.pl\/index.php\/wp-json\/wp\/v2\/product_cat?post=6251"},{"taxonomy":"product_tag","embeddable":true,"href":"http:\/\/klubmamgdynia.pl\/index.php\/wp-json\/wp\/v2\/product_tag?post=6251"}],"curies":[{"name":"wp","href":"https:\/\/api.w.org\/{rel}","templated":true}]}}