{"id":6255,"date":"2013-10-15T02:55:40","date_gmt":"2013-10-15T00:55:40","guid":{"rendered":"http:\/\/klubmamgdynia.pl\/index.php\/produkt\/ses-creative-mega-zestaw-lekarza-nl-zabawka\/"},"modified":"2026-04-07T12:37:17","modified_gmt":"2026-04-07T10:37:17","slug":"ses-creative-mega-zestaw-lekarza-nl-zabawka","status":"publish","type":"product","link":"http:\/\/klubmamgdynia.pl\/index.php\/produkt\/ses-creative-mega-zestaw-lekarza-nl-zabawka\/","title":{"rendered":"Ses Creative Mega Zestaw Lekarza Nl &#8211; Zabawka"},"content":{"rendered":"<p>Za\u0142\u00f3\u017c lekarski p\u0142aszcz, poniewa\u017c w gabinecie jest wielu pacjent\u00f3w, kt\u00f3rzy chcieliby uzyska\u0107 pomoc. Pomo\u017cesz im? Na przyk\u0142ad mo\u017cesz s\u0142ucha\u0107 bicia serca pacjenta za pomoc\u0105 prawdziwego dzia\u0142aj\u0105cego stetoskopu, zabanda\u017cowa\u0107 ran\u0119 gaz\u0105 opatrunkow\u0105 lub zmierzy\u0107 temperatur\u0119 termometrem do zabawy. Je\u015bli pacjent musi zosta\u0107 troch\u0119 d\u0142u\u017cej, mo\u017cna za\u0142o\u017cy\u0107 opask\u0119 i zabra\u0107 pacjenta na \u0142\u00f3\u017cko szpitalne. Ten zestaw z kolekcji Petits firmy SES zawiera wszystko, czego potrzebujesz, aby zanurzy\u0107 si\u0119 w \u015bwiecie lekarzy i szpitali i gwarantuje wiele godzin zabawy!<\/p>\n<h2>Ses Creative Mega Zestaw Lekarza Nl &#8211; Zabawka Ses Creative<\/h2>\n<p>szablony do wyklejania plastelin\u0105, cytaty o rodzicach, prezent dla 1 latka, pieski ma\u0142e dwa tekst, zagadki o zwierz\u0119tach, kolorowanki \u015bwi\u0119to niepodleg\u0142o\u015bci do druku, prezent dla nastolatki, rymowanki o pisankach, test z lektury spos\u00f3b na alcybiadesa, zaproszenia urodzinowe do wydruku chomikuj, lato, kartka walentynkowa zrobiona przez dzieci, cytaty korczak, kolorowanki do druku, ninjago kolorowanki, pomys\u0142y na roczek, karty pracy dla uczni\u00f3w z ukrainy, trudne zagadki dla dzieci, jak narysowa\u0107 konia, wr\u00f3\u017cby andrzejkowe kolory<\/p>\n<p>yyyyy<\/p>\n<p>&nbsp;<\/p>\n","protected":false},"excerpt":{"rendered":"<p>Za\u0142\u00f3\u017c lekarski p\u0142aszcz, poniewa\u017c w gabinecie jest wielu pacjent\u00f3w, kt\u00f3rzy chcieliby uzyska\u0107 pomoc. Pomo\u017cesz im? Na przyk\u0142ad mo\u017cesz s\u0142ucha\u0107 bicia serca pacjenta za pomoc\u0105 prawdziwego dzia\u0142aj\u0105cego stetoskopu, zabanda\u017cowa\u0107 ran\u0119 gaz\u0105 opatrunkow\u0105 lub zmierzy\u0107 temperatur\u0119 termometrem do zabawy. Je\u015bli pacjent musi zosta\u0107 troch\u0119 d\u0142u\u017cej, mo\u017cna za\u0142o\u017cy\u0107 opask\u0119 i zabra\u0107 pacjenta na \u0142\u00f3\u017cko szpitalne. Ten zestaw z [&hellip;]<\/p>\n","protected":false},"featured_media":6256,"comment_status":"closed","ping_status":"open","template":"","meta":[],"product_cat":[53,1072],"product_tag":[624,768,646],"class_list":["post-6255","product","type-product","status-publish","has-post-thumbnail","hentry","product_cat-kaciki-zabaw","product_cat-ses-creative","product_tag-krotkie-zagadki","product_tag-krotkie-zagadki-logiczne","product_tag-prezent-na-pierwsze-urodziny"],"_links":{"self":[{"href":"http:\/\/klubmamgdynia.pl\/index.php\/wp-json\/wp\/v2\/product\/6255","targetHints":{"allow":["GET"]}}],"collection":[{"href":"http:\/\/klubmamgdynia.pl\/index.php\/wp-json\/wp\/v2\/product"}],"about":[{"href":"http:\/\/klubmamgdynia.pl\/index.php\/wp-json\/wp\/v2\/types\/product"}],"replies":[{"embeddable":true,"href":"http:\/\/klubmamgdynia.pl\/index.php\/wp-json\/wp\/v2\/comments?post=6255"}],"wp:featuredmedia":[{"embeddable":true,"href":"http:\/\/klubmamgdynia.pl\/index.php\/wp-json\/wp\/v2\/media\/6256"}],"wp:attachment":[{"href":"http:\/\/klubmamgdynia.pl\/index.php\/wp-json\/wp\/v2\/media?parent=6255"}],"wp:term":[{"taxonomy":"product_cat","embeddable":true,"href":"http:\/\/klubmamgdynia.pl\/index.php\/wp-json\/wp\/v2\/product_cat?post=6255"},{"taxonomy":"product_tag","embeddable":true,"href":"http:\/\/klubmamgdynia.pl\/index.php\/wp-json\/wp\/v2\/product_tag?post=6255"}],"curies":[{"name":"wp","href":"https:\/\/api.w.org\/{rel}","templated":true}]}}