{"id":6257,"date":"2016-03-30T00:20:53","date_gmt":"2016-03-29T22:20:53","guid":{"rendered":"http:\/\/klubmamgdynia.pl\/index.php\/produkt\/gadgetmonster-zdalnie-sterowany-samochod-zabawka-30km-100m-gdm1053\/"},"modified":"2026-05-17T22:00:13","modified_gmt":"2026-05-17T20:00:13","slug":"gadgetmonster-zdalnie-sterowany-samochod-zabawka-30km-100m-gdm1053","status":"publish","type":"product","link":"http:\/\/klubmamgdynia.pl\/index.php\/produkt\/gadgetmonster-zdalnie-sterowany-samochod-zabawka-30km-100m-gdm1053\/","title":{"rendered":"Gadgetmonster Zdalnie Sterowany Samoch\u00f3d Zabawka 30km 100M (GDM1053)"},"content":{"rendered":"<p>ZDALNIE STEROWANY SAMOCH\u00d3D ZABAWKA 30KM 100MSamoch\u00f3d R\/C Monster, nap\u0119d na 4 ko\u0142a, do 30km\/h, zasi\u0119g 100mNAJLEPSZY W OKOLICY!Dzi\u0119ki temu samochodowi Monster b\u0119dziesz mia\u0142 najfajniejszy samoch\u00f3d sterowany radiowo w ca\u0142ym bloku!NAJSZYBSZY I NAJSTABILNIEJSZY!Dzi\u0119ki pr\u0119dko\u015bci do 30 km \/h ten samoch\u00f3d pozwala spe\u0142ni\u0107 naj\u015bmielsze fantazje o rajdach terenowych, realizowa\u0107 kaskaderskie skoki lub wzi\u0105\u0107 udzia\u0142 w wy\u015bcigu na mini torze rajdowym.PODSUMOWANIE:pr\u0119dko\u015b\u0107 do 30 km\/hzasi\u0119g pilota do 100mwbudowana baterianap\u0119d na 4 ko\u0142a&#8221;GADGETMONSTERNazwa m\u00f3wi wszystko. Jeste\u015bmy potwornie szaleni na punkcie wszelkiego rodzaju gad\u017cet\u00f3w i uczynili\u015bmy nasz\u0105 misj\u0105 ci\u0105g\u0142e tworzenie nowych i fajnych produkt\u00f3w, aby cieszy\u0107 si\u0119 wspania\u0142ymi lud\u017ami, takimi jak Ty.Kochamy innowacyjno\u015b\u0107, praktyczno\u015b\u0107 i zabaw\u0119 \u2013 i wiemy, \u017ce Ty te\u017c.Zawsze tam, gdzie potrzebne s\u0105 innowacyjne i przydatne gad\u017cety! W naszej ofercie znajdziesz m.in.:Inteligentne stacje pogodowePe\u0142noprawne zestawy do VLOGowaniaLampy pier\u015bcienioweGry imprezowe ( Pi\u0142karzyki, Cymbergaj)Pojazdy zdalnie sterowane<\/p>\n<h2>Gadgetmonster Zdalnie Sterowany Samoch\u00f3d Zabawka 30km 100M (GDM1053) <\/h2>\n<p>znaczenie imienia alan, quizy miko\u0142ajek, dary jesieni kolorowanki jesie\u0144, kolorowe kredki tekst, molo w brze\u017anie, przysz\u0142a zima bia\u0142a, r\u0119cznie robione jak zrobi\u0107 kartk\u0119 walentynkow\u0105, na wyspach bergamutach tekst, bajka o miko\u0142aju do czytania, prezent dla trzynastolatki, basen dla dzieci warszawa, piosenka na dzie\u0144 mamy tekst, zagadki na inteligencje, atrakcje dla nastolatk\u00f3w, ksi\u0105\u017cka dla dzieci online<\/p>\n<p>yyyyy<\/p>\n<p>&nbsp;<\/p>\n","protected":false},"excerpt":{"rendered":"<p>ZDALNIE STEROWANY SAMOCH\u00d3D ZABAWKA 30KM 100MSamoch\u00f3d R\/C Monster, nap\u0119d na 4 ko\u0142a, do 30km\/h, zasi\u0119g 100mNAJLEPSZY W OKOLICY!Dzi\u0119ki temu samochodowi Monster b\u0119dziesz mia\u0142 najfajniejszy samoch\u00f3d sterowany radiowo w ca\u0142ym bloku!NAJSZYBSZY I NAJSTABILNIEJSZY!Dzi\u0119ki pr\u0119dko\u015bci do 30 km \/h ten samoch\u00f3d pozwala spe\u0142ni\u0107 naj\u015bmielsze fantazje o rajdach terenowych, realizowa\u0107 kaskaderskie skoki lub wzi\u0105\u0107 udzia\u0142 w wy\u015bcigu na [&hellip;]<\/p>\n","protected":false},"featured_media":6258,"comment_status":"closed","ping_status":"open","template":"","meta":[],"product_cat":[337],"product_tag":[716,847,824,581],"class_list":["post-6257","product","type-product","status-publish","has-post-thumbnail","hentry","product_cat-zabawki-zdalnie-sterowane","product_tag-filmy-animowane-o-swietach","product_tag-kolorowanki-pokemon","product_tag-warszawa-atrakcje-dla-dzieci","product_tag-zagadki-dla-8-latka"],"_links":{"self":[{"href":"http:\/\/klubmamgdynia.pl\/index.php\/wp-json\/wp\/v2\/product\/6257","targetHints":{"allow":["GET"]}}],"collection":[{"href":"http:\/\/klubmamgdynia.pl\/index.php\/wp-json\/wp\/v2\/product"}],"about":[{"href":"http:\/\/klubmamgdynia.pl\/index.php\/wp-json\/wp\/v2\/types\/product"}],"replies":[{"embeddable":true,"href":"http:\/\/klubmamgdynia.pl\/index.php\/wp-json\/wp\/v2\/comments?post=6257"}],"wp:featuredmedia":[{"embeddable":true,"href":"http:\/\/klubmamgdynia.pl\/index.php\/wp-json\/wp\/v2\/media\/6258"}],"wp:attachment":[{"href":"http:\/\/klubmamgdynia.pl\/index.php\/wp-json\/wp\/v2\/media?parent=6257"}],"wp:term":[{"taxonomy":"product_cat","embeddable":true,"href":"http:\/\/klubmamgdynia.pl\/index.php\/wp-json\/wp\/v2\/product_cat?post=6257"},{"taxonomy":"product_tag","embeddable":true,"href":"http:\/\/klubmamgdynia.pl\/index.php\/wp-json\/wp\/v2\/product_tag?post=6257"}],"curies":[{"name":"wp","href":"https:\/\/api.w.org\/{rel}","templated":true}]}}