{"id":6261,"date":"2023-09-13T01:45:54","date_gmt":"2023-09-12T23:45:54","guid":{"rendered":"http:\/\/klubmamgdynia.pl\/?post_type=product&#038;p=6261"},"modified":"2026-04-30T07:14:18","modified_gmt":"2026-04-30T05:14:18","slug":"dottka-auto-terenowe-32x21x35cm","status":"publish","type":"product","link":"http:\/\/klubmamgdynia.pl\/index.php\/produkt\/dottka-auto-terenowe-32x21x35cm\/","title":{"rendered":"Dottka Auto Terenowe 32x21x3,5cm"},"content":{"rendered":"<p>Auto terenowe Dottka, przeplatanka dla dzieci, 4+ Rozw\u00f3j przez zabaw\u0119Auto terenowe\u2026Dottka, to wz\u00f3r dla dzieci powy\u017cej czwartego roku \u017cycia. Dottka to przeplatanka sensoryczna, dzi\u0119ki kt\u00f3rej u dziecka, poprzez zabaw\u0119, rozwijana jest:motoryka ma\u0142a, sprawno\u015b\u0107 manualnawyobra\u017ania przestrzennakoordynacja wzrokowo-ruchowacierpliwo\u015b\u0107kreatywno\u015b\u0107pami\u0119\u0107.Ju\u017c od pierwszych dni z Dottk\u0105 dziecko zaczyna \u0107wiczy\u0107 ruchy d\u0142oni i palc\u00f3w, funkcje te ewoluuj\u0105, osi\u0105gaj\u0105c coraz wi\u0119kszy poziom sprawno\u015bci. Ruchy staj\u0105 si\u0119 bardziej precyzyjne i dziecko mo\u017ce wykonywa\u0107 coraz bardziej z\u0142o\u017cone i skomplikowane czynno\u015bci. Dzi\u0119ki pog\u0142\u0119bianiu tych umiej\u0119tno\u015bci staje si\u0119 coraz bardziej samodzielne, uczy si\u0119:sznurowania bucik\u00f3wwi\u0105zania w\u0119ze\u0142k\u00f3w szycia bez ig\u0142yzapinania guzik\u00f3w\u0142adnego pisania oraz wielu innych czynno\u015bci wp\u0142ywaj\u0105cych na poczucie w\u0142asnej warto\u015bci i komfort \u017cycia dziecka.Ta oryginalna i kreatywna zabawka na pewno sprawdzi si\u0119 jako doskona\u0142y prezent dla ka\u017cdego dziecka. Zadbali\u015bmy o wysok\u0105 jako\u015b\u0107 wykonania produkt\u00f3w Dottka, zaprojektowanych i przemy\u015blanych tak, aby bawi\u0107 i rozwija\u0107. Sznurowanki Dottka s\u0105 wyj\u0105tkowe, poniewa\u017c ka\u017cdy wz\u00f3r mo\u017cna wykona\u0107 na wiele sposob\u00f3w.Nasze produkty s\u0105 bezpieczne &#8211; 100% Eko!!!Zaprojektowane i wyprodukowane w Polsce.W ka\u017cdym opakowaniu z tektury falistej znajduje si\u0119:instrukcja pierwszych krok\u00f3w z technik\u0105 Dottkaulotka z propozycjami wykonania zadaniaszablon wykonany ze sklejki bukowej o wymiarach 20 x 30 cmbawe\u0142niane sznur\u00f3wki w kolorach i ilo\u015bciach potrzebnych do wykonania zadania.Dbamy o to, aby nasi Milusi\u0144scy stykali si\u0119 na co dzie\u0144 z naturalnymi materia\u0142ami i wysok\u0105 estetyk\u0105. Chcemy cieszy\u0107 dzieci, ale tak\u017ce uczy\u0107, rozwija\u0107 i edukowa\u0107.Dottka Auto terenowe zalecamy dla dzieci od lat czterech.<\/p>\n<h2>Dottka Auto Terenowe 32x21x3,5cm Dottka<\/h2>\n<p>zagadki logiczne i odpowiedzi, harry potter kolorowanka, dymitr, kajko i kokosz test z lektury, cytat o rodzinie, kuku\u0142eczka kuka tekst, test z lektury miko\u0142ajek do druku<\/p>\n<p>yyyyy<\/p>\n<p>&nbsp;<\/p>\n","protected":false},"excerpt":{"rendered":"<p>Auto terenowe Dottka, przeplatanka dla dzieci, 4+ Rozw\u00f3j przez zabaw\u0119Auto terenowe\u2026Dottka, to wz\u00f3r dla dzieci powy\u017cej czwartego roku \u017cycia. Dottka to przeplatanka sensoryczna, dzi\u0119ki kt\u00f3rej u dziecka, poprzez zabaw\u0119, rozwijana jest:motoryka ma\u0142a, sprawno\u015b\u0107 manualnawyobra\u017ania przestrzennakoordynacja wzrokowo-ruchowacierpliwo\u015b\u0107kreatywno\u015b\u0107pami\u0119\u0107.Ju\u017c od pierwszych dni z Dottk\u0105 dziecko zaczyna \u0107wiczy\u0107 ruchy d\u0142oni i palc\u00f3w, funkcje te ewoluuj\u0105, osi\u0105gaj\u0105c coraz wi\u0119kszy poziom [&hellip;]<\/p>\n","protected":false},"featured_media":6262,"comment_status":"closed","ping_status":"open","template":"","meta":[],"product_cat":[1094,537],"product_tag":[825,662,836,769],"class_list":["post-6261","product","type-product","status-publish","has-post-thumbnail","hentry","product_cat-dottka","product_cat-pozostale-zabawki-edukacyjne","product_tag-bajka-na-dobranoc-do-czytania","product_tag-bajki-na-dobranoc","product_tag-co-kupic-dziecku-na-roczek","product_tag-psi-patrol-do-czytania"],"_links":{"self":[{"href":"http:\/\/klubmamgdynia.pl\/index.php\/wp-json\/wp\/v2\/product\/6261","targetHints":{"allow":["GET"]}}],"collection":[{"href":"http:\/\/klubmamgdynia.pl\/index.php\/wp-json\/wp\/v2\/product"}],"about":[{"href":"http:\/\/klubmamgdynia.pl\/index.php\/wp-json\/wp\/v2\/types\/product"}],"replies":[{"embeddable":true,"href":"http:\/\/klubmamgdynia.pl\/index.php\/wp-json\/wp\/v2\/comments?post=6261"}],"wp:featuredmedia":[{"embeddable":true,"href":"http:\/\/klubmamgdynia.pl\/index.php\/wp-json\/wp\/v2\/media\/6262"}],"wp:attachment":[{"href":"http:\/\/klubmamgdynia.pl\/index.php\/wp-json\/wp\/v2\/media?parent=6261"}],"wp:term":[{"taxonomy":"product_cat","embeddable":true,"href":"http:\/\/klubmamgdynia.pl\/index.php\/wp-json\/wp\/v2\/product_cat?post=6261"},{"taxonomy":"product_tag","embeddable":true,"href":"http:\/\/klubmamgdynia.pl\/index.php\/wp-json\/wp\/v2\/product_tag?post=6261"}],"curies":[{"name":"wp","href":"https:\/\/api.w.org\/{rel}","templated":true}]}}