{"id":6263,"date":"2025-09-14T18:39:50","date_gmt":"2025-09-14T16:39:50","guid":{"rendered":"http:\/\/klubmamgdynia.pl\/?post_type=product&#038;p=6263"},"modified":"2026-04-29T06:06:51","modified_gmt":"2026-04-29T04:06:51","slug":"malplay-samochod-zdalnie-sterowany-zegarkiem-monster-jeep-116-215653","status":"publish","type":"product","link":"http:\/\/klubmamgdynia.pl\/index.php\/produkt\/malplay-samochod-zdalnie-sterowany-zegarkiem-monster-jeep-116-215653\/","title":{"rendered":"Malplay Samoch\u00f3d Zdalnie Sterowany Zegarkiem Monster Jeep 1:16 215653"},"content":{"rendered":"<p>Szybka jazda dla najm\u0142odszych mi\u0142o\u015bnik\u00f3w prawdziwych samochod\u00f3w zdalnie sterowanych! Samoch\u00f3d prowadzi si\u0119 lekko we wszystkich kierunkach. Autko bardzo dynamiczne wykonane z trwa\u0142ego tworzywa. Jest wyj\u0105tkowo czu\u0142y na zmiany ustawie\u0144 i odznacza si\u0119 niesamowit\u0105 wr\u0119cz zwrotno\u015bci\u0105 podczas jazdy.Samoch\u00f3d posiada w\u0142\u0105cznik on\/off. Po w\u0142\u0105czeniu s\u0142ycha\u0107 d\u017awi\u0119k i migaj\u0105 \u015bwiat\u0142a przednie. Aby w\u0142\u0105czy\u0107 samoch\u00f3d nale\u017cy na zegarku w\u0142\u0105czy\u0107 centralny guzik ENGINE START. S\u0142ycha\u0107 wtedy d\u017awi\u0119k zapalanego sinika oraz przednie \u015bwiat\u0142a \u015bwiec\u0105 stale. Auto posiada gumowe ko\u0142a, dzi\u0119ki czemu nie b\u0119dzie rysowa\u0142 pod\u0142ogi.Zabawka zapakowana w \u0142adne, kolorowe pude\u0142ko z okienkiem.Samoch\u00f3d mo\u017cna sterowa\u0107 w dw\u00f3ch trybach: tryb manualny, gdzie sterujemy samochodem poprzez naciskanie przycisk\u00f3w na zegarku1. START\/STOP2. Do przodu3. Do ty\u0142u4. STOP5. G\u0142o\u015bnik6. Tryb automatyczny demonstracja7. W prawo8. W lewo tryb komend g\u0142osowych, Smart WatchProgramowanie zegarka Smart Watch:1. Przyci\u015bnij r\u00f3wnocze\u015bnie guziki z numerem 4 i 6 do momentu, a\u017c \u015brodek zegarka zacznie mruga\u0107.2. Wci\u015bnij guzik z numerem 2 i powiedz \u201edo przodu\u201d. Komenda w Twoim j\u0119zyku zostanie nagrania i zaprogramowana.3. Wci\u015bnij guzik z numerem 3 i powiedz \u201edo ty\u0142u\u201d. Komenda w Twoim j\u0119zyku zostanie nagrania i zaprogramowana.4. Wci\u015bnij guzik z numerem 4 i powiedz \u201eSTOP\u201d. Komenda w Twoim j\u0119zyku zostanie nagrania i zaprogramowana.5. Wci\u015bnij guzik z numerem 6 i powiedz \u201eDEMO\u201d. Komenda w Twoim j\u0119zyku zostanie nagrania i zaprogramowana.6. Wci\u015bnij guzik z numerem 7 i powiedz \u201ew prawo\u201d. Komenda w Twoim j\u0119zyku zostanie nagrania i zaprogramowana.7. Wci\u015bnij guzik z numerem 8 i powiedz \u201ew lewo\u201d. Komenda w Twoim j\u0119zyku zostanie nagrania i zaprogramowana.8. Naci\u015bnij centralny guzik w celu potwierdzenia zaprogramowania wszystkich komend.Ka\u017cdy przycisk mo\u017cesz programowa\u0107 r\u00f3wnie\u017c osobno. W tym celu naci\u015bnij nast\u0119pnie naci\u015bnij jednocze\u015bnie guzik 4 i 6, a\u017c zacznie miga\u0107. Nast\u0119pnie przyci\u015bnij guzik, kt\u00f3ry chcesz przeprogramowa\u0107, wydaj odpowiedni\u0105 komend\u0119, a na koniec przyci\u015bnij centralny guzik w celu zaakceptowania zmian.Ka\u017cda komenda nie mo\u017ce by\u0107 d\u0142u\u017csza ni\u017c 2,5 sekundy.Do ka\u017cdego guzika mo\u017ce by\u0107 przyporz\u0105dkowana tylko jedna komenda, nie ustawiaj tych samych komend dla r\u00f3\u017cnych guzik\u00f3w.Aby zacz\u0105\u0107 zabaw\u0119 w\u0142\u0105cz centralny guzik, aby zapali\u0142 si\u0119 silnik samochodu, wydawaj g\u0142osowe komendy w stron\u0119 zegarka i ogl\u0105daj jak samoch\u00f3d realizuje Twoje komendy. Samoch\u00f3d mo\u017cna programowa\u0107 we wszystkich mo\u017cliwych j\u0119zykach.<\/p>\n<h2>Malplay Samoch\u00f3d Zdalnie Sterowany Zegarkiem Monster Jeep 1:16 215653 Malplay<\/h2>\n<p>szkic jak narysowa\u0107 kota, co kupi\u0107 nastolatkowi, jak dobra\u0107 narty dla dziecka, szybkie zagadki matematyczne, prezent na roczek dla chrze\u015bniaka, co oznacza imi\u0119 alan, kolorowanki lol surprise, jak narysowa\u0107 psa krok po kroku, zabawy ruchowe dla dzieci w przedszkolu, zygzak mcqueen kolorowanka, prezenty urodzinowe dla nastolatk\u00f3w, zagadka, mapa europy do druku, co kupi\u0107 na roczek, atrakcje wroc\u0142aw i okolice, oliwier znaczenie imienia, kucyki pony kolorowanka, wierszyk o marzannie<\/p>\n<p>yyyyy<\/p>\n<p>&nbsp;<\/p>\n","protected":false},"excerpt":{"rendered":"<p>Szybka jazda dla najm\u0142odszych mi\u0142o\u015bnik\u00f3w prawdziwych samochod\u00f3w zdalnie sterowanych! Samoch\u00f3d prowadzi si\u0119 lekko we wszystkich kierunkach. Autko bardzo dynamiczne wykonane z trwa\u0142ego tworzywa. Jest wyj\u0105tkowo czu\u0142y na zmiany ustawie\u0144 i odznacza si\u0119 niesamowit\u0105 wr\u0119cz zwrotno\u015bci\u0105 podczas jazdy.Samoch\u00f3d posiada w\u0142\u0105cznik on\/off. Po w\u0142\u0105czeniu s\u0142ycha\u0107 d\u017awi\u0119k i migaj\u0105 \u015bwiat\u0142a przednie. Aby w\u0142\u0105czy\u0107 samoch\u00f3d nale\u017cy na zegarku w\u0142\u0105czy\u0107 [&hellip;]<\/p>\n","protected":false},"featured_media":6264,"comment_status":"closed","ping_status":"open","template":"","meta":[],"product_cat":[84,337],"product_tag":[836,749,783,741],"class_list":["post-6263","product","type-product","status-publish","has-post-thumbnail","hentry","product_cat-malplay","product_cat-zabawki-zdalnie-sterowane","product_tag-co-kupic-dziecku-na-roczek","product_tag-najlepsze-zarty-na-prima-aprilis","product_tag-prezenty-na-roczek-dla-chlopca","product_tag-wlochy"],"_links":{"self":[{"href":"http:\/\/klubmamgdynia.pl\/index.php\/wp-json\/wp\/v2\/product\/6263","targetHints":{"allow":["GET"]}}],"collection":[{"href":"http:\/\/klubmamgdynia.pl\/index.php\/wp-json\/wp\/v2\/product"}],"about":[{"href":"http:\/\/klubmamgdynia.pl\/index.php\/wp-json\/wp\/v2\/types\/product"}],"replies":[{"embeddable":true,"href":"http:\/\/klubmamgdynia.pl\/index.php\/wp-json\/wp\/v2\/comments?post=6263"}],"wp:featuredmedia":[{"embeddable":true,"href":"http:\/\/klubmamgdynia.pl\/index.php\/wp-json\/wp\/v2\/media\/6264"}],"wp:attachment":[{"href":"http:\/\/klubmamgdynia.pl\/index.php\/wp-json\/wp\/v2\/media?parent=6263"}],"wp:term":[{"taxonomy":"product_cat","embeddable":true,"href":"http:\/\/klubmamgdynia.pl\/index.php\/wp-json\/wp\/v2\/product_cat?post=6263"},{"taxonomy":"product_tag","embeddable":true,"href":"http:\/\/klubmamgdynia.pl\/index.php\/wp-json\/wp\/v2\/product_tag?post=6263"}],"curies":[{"name":"wp","href":"https:\/\/api.w.org\/{rel}","templated":true}]}}