{"id":6265,"date":"2019-11-13T19:09:44","date_gmt":"2019-11-13T18:09:44","guid":{"rendered":"http:\/\/klubmamgdynia.pl\/index.php\/produkt\/playshoes-kombinezon-przeciwdeszczowy-marine-chlopiec-gr-74\/"},"modified":"2026-04-06T01:36:48","modified_gmt":"2026-04-05T23:36:48","slug":"playshoes-kombinezon-przeciwdeszczowy-marine-chlopiec-gr-74","status":"publish","type":"product","link":"http:\/\/klubmamgdynia.pl\/index.php\/produkt\/playshoes-kombinezon-przeciwdeszczowy-marine-chlopiec-gr-74\/","title":{"rendered":"Playshoes Kombinezon przeciwdeszczowy marine &#8211; Ch\u0142opiec &#8211; Gr. 74"},"content":{"rendered":"<p>Renomowana jako\u015b\u0107 marki Playshoes Idealna na niepogod\u0119, posiada ciekawy motyw. Spodnie przeciwdeszczowe posiadaj\u0105 szerokie elastyczne szelki, kt\u00f3re mo\u017cna regulowa\u0107 i zapina\u0107 na zatrzaski. Dzi\u0119ki bocznym przyciskom spodnie maj\u0105 regulowan\u0105 szeroko\u015b\u0107 i rosn\u0105 razem z dzieckiem. Idealne dopasowanie. Wiele odblask\u00f3w dla lepszej widoczno\u015bci. Odzie\u017c przeciwdeszczowa Playshoes zosta\u0142a przetestowana przez Instytut Hohensteina. Szczeg\u00f3\u0142y: Oeko-Tex Standard 100 Klasa 1, Nr.: 12.0.05235, Hohenstein Materia\u0142: 100% poliester z pow\u0142ok\u0105 poliuretanow\u0105 odporna na wiatr i deszcz posiada odblaski bezpiecze\u0144stwa regulowana szeroko\u015b\u0107 Regulacja d\u0142ugo\u015bci za pomoc\u0105 elastycznych pask\u00f3w i gumek na nogawkach du\u017cy komfort noszenia, lekka nale\u017cy pra\u0107 w temp. do 40\u00b0C Odzie\u017c przeciwdeszczowa Playshoes wykonana jest w 100% z poliestru z pow\u0142ok\u0105 poliuretanow\u0105. Nie zawiera PCW, ftalan\u00f3w, kadmu i formaldehydu. W 100% wodoodporny. Paski odblaskowe zwi\u0119kszaj\u0105 bezpiecze\u0144stwo dzieci w ciemno\u015bci i przy z\u0142ej pogodzie. Wytrzyma\u0142y i odporny na zu\u017cycie i mo\u017cna je pra\u0107 w pralce w temperaturze do 40\u00b0C.<\/p>\n<h2>Playshoes Kombinezon przeciwdeszczowy marine &#8211; Ch\u0142opiec &#8211; Gr. 74 Playshoes<\/h2>\n<p>jak narysowa\u0107 koty, opisy do zdj\u0119\u0107 dziecka, prezent dla rocznego ch\u0142opca, mini zoo mazowieckie, prezenty dla m\u0142odzie\u017cy, zabawy z 7 latkiem, list do miko\u0142aja wz\u00f3r pdf, zagadki dla dzieci 10 lat, kolorowanki do druku kotki, znaczenie imienia julian, straszne filmy dla dzieci, maska karnawa\u0142owa pdf, warszawa dla dzieci, konkurencje sportowe dla dzieci<\/p>\n<p>yyyyy<\/p>\n<p>&nbsp;<\/p>\n","protected":false},"excerpt":{"rendered":"<p>Renomowana jako\u015b\u0107 marki Playshoes Idealna na niepogod\u0119, posiada ciekawy motyw. Spodnie przeciwdeszczowe posiadaj\u0105 szerokie elastyczne szelki, kt\u00f3re mo\u017cna regulowa\u0107 i zapina\u0107 na zatrzaski. Dzi\u0119ki bocznym przyciskom spodnie maj\u0105 regulowan\u0105 szeroko\u015b\u0107 i rosn\u0105 razem z dzieckiem. Idealne dopasowanie. Wiele odblask\u00f3w dla lepszej widoczno\u015bci. Odzie\u017c przeciwdeszczowa Playshoes zosta\u0142a przetestowana przez Instytut Hohensteina. Szczeg\u00f3\u0142y: Oeko-Tex Standard 100 Klasa [&hellip;]<\/p>\n","protected":false},"featured_media":6266,"comment_status":"closed","ping_status":"open","template":"","meta":[],"product_cat":[1447,1448],"product_tag":[700,599,830,771,738,628],"class_list":["post-6265","product","type-product","status-publish","has-post-thumbnail","hentry","product_cat-playshoes","product_cat-ubranka-niemowlece","product_tag-bajki-do-czytania-dla-dzieci","product_tag-prezent-dla-nastolatkow-2021","product_tag-rodzina-cytaty","product_tag-stolice-europy-quiz","product_tag-wroclaw-dla-dzieci","product_tag-zagadka"],"_links":{"self":[{"href":"http:\/\/klubmamgdynia.pl\/index.php\/wp-json\/wp\/v2\/product\/6265","targetHints":{"allow":["GET"]}}],"collection":[{"href":"http:\/\/klubmamgdynia.pl\/index.php\/wp-json\/wp\/v2\/product"}],"about":[{"href":"http:\/\/klubmamgdynia.pl\/index.php\/wp-json\/wp\/v2\/types\/product"}],"replies":[{"embeddable":true,"href":"http:\/\/klubmamgdynia.pl\/index.php\/wp-json\/wp\/v2\/comments?post=6265"}],"wp:featuredmedia":[{"embeddable":true,"href":"http:\/\/klubmamgdynia.pl\/index.php\/wp-json\/wp\/v2\/media\/6266"}],"wp:attachment":[{"href":"http:\/\/klubmamgdynia.pl\/index.php\/wp-json\/wp\/v2\/media?parent=6265"}],"wp:term":[{"taxonomy":"product_cat","embeddable":true,"href":"http:\/\/klubmamgdynia.pl\/index.php\/wp-json\/wp\/v2\/product_cat?post=6265"},{"taxonomy":"product_tag","embeddable":true,"href":"http:\/\/klubmamgdynia.pl\/index.php\/wp-json\/wp\/v2\/product_tag?post=6265"}],"curies":[{"name":"wp","href":"https:\/\/api.w.org\/{rel}","templated":true}]}}