{"id":6267,"date":"2012-11-07T01:44:06","date_gmt":"2012-11-07T00:44:06","guid":{"rendered":"http:\/\/klubmamgdynia.pl\/index.php\/produkt\/askato-zestaw-do-ozdabiania-paznokci-i-tatuaze-116112\/"},"modified":"2026-05-02T02:52:54","modified_gmt":"2026-05-02T00:52:54","slug":"askato-zestaw-do-ozdabiania-paznokci-i-tatuaze-116112","status":"publish","type":"product","link":"http:\/\/klubmamgdynia.pl\/index.php\/produkt\/askato-zestaw-do-ozdabiania-paznokci-i-tatuaze-116112\/","title":{"rendered":"askato Zestaw do ozdabiania paznokci i tatua\u017ce 116112"},"content":{"rendered":"<p>Zestaw do zdobienia paznocki oraz tatua\u017cew zestawie pude\u0142ko do przechowywania z lusterkiem, lakier do paznokci (\u0142atwy do zdejmowania), brokat, penseta, g\u0105beczka, naklejki na paznokcie, tatua\u017cewymiary opakowania: 34.5 x 5.5 x 25.5 cmwiek 3+&#8230;<\/p>\n<h2>askato Zestaw do ozdabiania paznokci i tatua\u017ce 116112 Askato<\/h2>\n<p>zabawka na roczek dla ch\u0142opca, pomys\u0142 na prezent na roczek, melania znaczenie imienia, minionki do druku, atrakcje do 30 km od wroc\u0142awia, zabawy na dworze dla 10 latk\u00f3w, quizy znaki drogowe, kolorowanka do druku lol, quiz narnia lew czarownica i stara szafa, \u015bmieszne zagadki dla dzieci 10 lat, quiz o bajkach, zagadki logiczne matematyczne dla dzieci, liwia znaczenie imienia, zagadki o zwierzetach, zagadki o dinozaurach, malowanie past\u0105 do z\u0119b\u00f3w, po\u0142\u0105cz kropki do druku<\/p>\n<p>yyyyy<\/p>\n<p>&nbsp;<\/p>\n","protected":false},"excerpt":{"rendered":"<p>Zestaw do zdobienia paznocki oraz tatua\u017cew zestawie pude\u0142ko do przechowywania z lusterkiem, lakier do paznokci (\u0142atwy do zdejmowania), brokat, penseta, g\u0105beczka, naklejki na paznokcie, tatua\u017cewymiary opakowania: 34.5 x 5.5 x 25.5 cmwiek 3+&#8230; askato Zestaw do ozdabiania paznokci i tatua\u017ce 116112 Askato zabawka na roczek dla ch\u0142opca, pomys\u0142 na prezent na roczek, melania znaczenie imienia, [&hellip;]<\/p>\n","protected":false},"featured_media":6268,"comment_status":"closed","ping_status":"open","template":"","meta":[],"product_cat":[230,537],"product_tag":[593,780,697,665,809],"class_list":["post-6267","product","type-product","status-publish","has-post-thumbnail","hentry","product_cat-askato","product_cat-pozostale-zabawki-edukacyjne","product_tag-jak-narysowac-konia","product_tag-krecik-bajka","product_tag-krotkie-bajki-do-czytania","product_tag-proste-zagadki","product_tag-zagadki"],"_links":{"self":[{"href":"http:\/\/klubmamgdynia.pl\/index.php\/wp-json\/wp\/v2\/product\/6267","targetHints":{"allow":["GET"]}}],"collection":[{"href":"http:\/\/klubmamgdynia.pl\/index.php\/wp-json\/wp\/v2\/product"}],"about":[{"href":"http:\/\/klubmamgdynia.pl\/index.php\/wp-json\/wp\/v2\/types\/product"}],"replies":[{"embeddable":true,"href":"http:\/\/klubmamgdynia.pl\/index.php\/wp-json\/wp\/v2\/comments?post=6267"}],"wp:featuredmedia":[{"embeddable":true,"href":"http:\/\/klubmamgdynia.pl\/index.php\/wp-json\/wp\/v2\/media\/6268"}],"wp:attachment":[{"href":"http:\/\/klubmamgdynia.pl\/index.php\/wp-json\/wp\/v2\/media?parent=6267"}],"wp:term":[{"taxonomy":"product_cat","embeddable":true,"href":"http:\/\/klubmamgdynia.pl\/index.php\/wp-json\/wp\/v2\/product_cat?post=6267"},{"taxonomy":"product_tag","embeddable":true,"href":"http:\/\/klubmamgdynia.pl\/index.php\/wp-json\/wp\/v2\/product_tag?post=6267"}],"curies":[{"name":"wp","href":"https:\/\/api.w.org\/{rel}","templated":true}]}}