{"id":6269,"date":"2025-08-31T18:27:22","date_gmt":"2025-08-31T16:27:22","guid":{"rendered":"http:\/\/klubmamgdynia.pl\/?post_type=product&#038;p=6269"},"modified":"2026-04-26T15:57:22","modified_gmt":"2026-04-26T13:57:22","slug":"clavier-san-a-szczoteczka-do-zebow-dla-dzieci-3-miekka-1szt","status":"publish","type":"product","link":"http:\/\/klubmamgdynia.pl\/index.php\/produkt\/clavier-san-a-szczoteczka-do-zebow-dla-dzieci-3-miekka-1szt\/","title":{"rendered":"Clavier San-A Szczoteczka Do Z\u0119b\u00f3w Dla Dzieci 3+ Mi\u0119kka 1Szt."},"content":{"rendered":"<p>Szczoteczka do z\u0119b\u00f3w dla dzieci San-A Penguin posiada wysokiej jako\u015bci \u015brednie w\u0142osie, kt\u00f3re jednocze\u015bnie jest mi\u0119kkie, wygodne i mocne. Dzi\u0119ki temu nie zaszkodzi dzi\u0105s\u0142om i szkliwu.<\/p>\n<h2>Clavier San-A Szczoteczka Do Z\u0119b\u00f3w Dla Dzieci 3+ Mi\u0119kka 1Szt. <\/h2>\n<p>szlaczki, z\u0142ote my\u015bli o rodzinie, wiersz o wakacjach, ptak b\u0105k, fajne prezenty dla nastolatk\u00f3w, misie z bajek, test z lektury felix net i nika oraz gang niewidzialnych ludzi, quiz o \u015bwi\u0119tach, szablony papierowe lalki do ubierania do wydruku, janusz korczak cytaty, atrakcje do 30 km od wroc\u0142awia, paloma, warszawa z dzieckiem, prezent dla roczniaka, podchwytliwe zagadki z odpowiedziami, kotek kolorowanka, quizy ortograficzne trudne, zabawy dla 5-6 latk\u00f3w<\/p>\n<p>yyyyy<\/p>\n<p>&nbsp;<\/p>\n","protected":false},"excerpt":{"rendered":"<p>Szczoteczka do z\u0119b\u00f3w dla dzieci San-A Penguin posiada wysokiej jako\u015bci \u015brednie w\u0142osie, kt\u00f3re jednocze\u015bnie jest mi\u0119kkie, wygodne i mocne. Dzi\u0119ki temu nie zaszkodzi dzi\u0105s\u0142om i szkliwu. Clavier San-A Szczoteczka Do Z\u0119b\u00f3w Dla Dzieci 3+ Mi\u0119kka 1Szt. szlaczki, z\u0142ote my\u015bli o rodzinie, wiersz o wakacjach, ptak b\u0105k, fajne prezenty dla nastolatk\u00f3w, misie z bajek, test z [&hellip;]<\/p>\n","protected":false},"featured_media":6270,"comment_status":"closed","ping_status":"open","template":"","meta":[],"product_cat":[901],"product_tag":[617,842,710],"class_list":["post-6269","product","type-product","status-publish","has-post-thumbnail","hentry","product_cat-pozostale-akcesoria-do-pielegnacji-dzieci","product_tag-keyword","product_tag-plac-zabaw-poznan","product_tag-zagadki-dla-dzieci-10-12-lat"],"_links":{"self":[{"href":"http:\/\/klubmamgdynia.pl\/index.php\/wp-json\/wp\/v2\/product\/6269","targetHints":{"allow":["GET"]}}],"collection":[{"href":"http:\/\/klubmamgdynia.pl\/index.php\/wp-json\/wp\/v2\/product"}],"about":[{"href":"http:\/\/klubmamgdynia.pl\/index.php\/wp-json\/wp\/v2\/types\/product"}],"replies":[{"embeddable":true,"href":"http:\/\/klubmamgdynia.pl\/index.php\/wp-json\/wp\/v2\/comments?post=6269"}],"wp:featuredmedia":[{"embeddable":true,"href":"http:\/\/klubmamgdynia.pl\/index.php\/wp-json\/wp\/v2\/media\/6270"}],"wp:attachment":[{"href":"http:\/\/klubmamgdynia.pl\/index.php\/wp-json\/wp\/v2\/media?parent=6269"}],"wp:term":[{"taxonomy":"product_cat","embeddable":true,"href":"http:\/\/klubmamgdynia.pl\/index.php\/wp-json\/wp\/v2\/product_cat?post=6269"},{"taxonomy":"product_tag","embeddable":true,"href":"http:\/\/klubmamgdynia.pl\/index.php\/wp-json\/wp\/v2\/product_tag?post=6269"}],"curies":[{"name":"wp","href":"https:\/\/api.w.org\/{rel}","templated":true}]}}