{"id":6271,"date":"2014-08-31T17:03:24","date_gmt":"2014-08-31T15:03:24","guid":{"rendered":"http:\/\/klubmamgdynia.pl\/index.php\/produkt\/curaprox-curakid-4260-super-soft-dla-dzieci-0-4lat\/"},"modified":"2026-04-23T16:49:00","modified_gmt":"2026-04-23T14:49:00","slug":"curaprox-curakid-4260-super-soft-dla-dzieci-0-4lat","status":"publish","type":"product","link":"http:\/\/klubmamgdynia.pl\/index.php\/produkt\/curaprox-curakid-4260-super-soft-dla-dzieci-0-4lat\/","title":{"rendered":"Curaprox Curakid 4260 Super Soft Dla Dzieci 0-4Lat"},"content":{"rendered":"<p>Zamawiaj\u0105c bezpo\u015brednio u nas kupujesz w hurtowni stomatologicznej. Masz gwarancj\u0119 oryginalno\u015bci szczoteczek Curaprox.Od pierwszego z\u0105bka.Curakid zamienia mycie z\u0105bk\u00f3w w prawdziw\u0105 zabaw\u0119. G\u0142\u00f3wka szczoteczki jest bardzo w\u0105ska i pokryta gumow\u0105 warstw\u0105, kt\u00f3ra chroni przed zranieniem.4260 opatentowanych w\u0142\u00f3kien CUREN\u00ae na g\u0142\u00f3wce, zapewni Twojemu dziecku skuteczn\u0105 eliminacj\u0119 p\u0142ytki naz\u0119bnej.Pojedyncze w\u0142\u00f3kno Curakid ma \u015brednic\u0119 0,1 mm, co zapewnia 100% minimalizacj\u0119 ryzyka podra\u017cnie\u0144.Nareszcie nawet najmniejsze dzieci mog\u0105 cieszy\u0107 si\u0119 z mycia pierwszych z\u0105bk\u00f3w. Pomo\u017ce tutaj ultracienkie w\u0142osie CUREN\u00ae, kt\u00f3re jest tak delikatne, \u017ce w zupe\u0142no\u015bci eliminuje ryzyko podra\u017cnienia delikatnej b\u0142ony \u015bluzowej jamy ustnej. Szczoteczka opracowana na Uniwersytecie w Bernie we wsp\u00f3\u0142pracy z Prof. Dr. med. dent. Adrianem Lussim i Dr. med. dent. Nadi\u0105-Marin\u0105 Kellerhoff.Wykonana z delikatnych i mi\u0119kkich materia\u0142\u00f3w zapewnia bezpiecze\u0144stwo podczas myciaIdealnie dopasowuje si\u0119 do dzieci\u0119cej r\u0119kiZaokr\u0105glony uchwyt zmniejsza do minimum si\u0142\u0119 naciskuWykonana z tworzywa antypo\u015blizgowego w fantastycznych kombinacjach kolorystycznychOpakowanie :1 x Szczoteczka Curaprox Curakid 4260 Ultra Soft.Prosimy o wskazanie koloru w uwagach do zam\u00f3wienia. W przypadku braku wskazania koloru szczoteczki wyboru dokonamy losowo.<\/p>\n<h2>Curaprox Curakid 4260 Super Soft Dla Dzieci 0-4Lat Curaprox<\/h2>\n<p>znaczenie imiona justyna, samoch\u00f3d kolorowanka do druku, pokemony kolorowanka, ignacy znaczenie imienia, jak zrobi\u0107 du\u017ce jajo wielkanocne, nowe quizy do rozwi\u0105zania, bajki dla dzieci na dobranoc do czytania, z\u0142ote my\u015bli pedagogiczne, dzieci.pl, mitologia grecka quiz, cyferki do druku, kolorowanka kotka, bajka o smoku, wzruszaj\u0105c\u0105 piosenka dla taty, znane misie z bajek, zagadki o psach, pomysly na prezent na roczek, zagadki \u015bmieszne dla dzieci, platformy edukacyjne dla dzieci<\/p>\n<p>yyyyy<\/p>\n<p>&nbsp;<\/p>\n","protected":false},"excerpt":{"rendered":"<p>Zamawiaj\u0105c bezpo\u015brednio u nas kupujesz w hurtowni stomatologicznej. Masz gwarancj\u0119 oryginalno\u015bci szczoteczek Curaprox.Od pierwszego z\u0105bka.Curakid zamienia mycie z\u0105bk\u00f3w w prawdziw\u0105 zabaw\u0119. G\u0142\u00f3wka szczoteczki jest bardzo w\u0105ska i pokryta gumow\u0105 warstw\u0105, kt\u00f3ra chroni przed zranieniem.4260 opatentowanych w\u0142\u00f3kien CUREN\u00ae na g\u0142\u00f3wce, zapewni Twojemu dziecku skuteczn\u0105 eliminacj\u0119 p\u0142ytki naz\u0119bnej.Pojedyncze w\u0142\u00f3kno Curakid ma \u015brednic\u0119 0,1 mm, co zapewnia 100% [&hellip;]<\/p>\n","protected":false},"featured_media":6272,"comment_status":"closed","ping_status":"open","template":"","meta":[],"product_cat":[1449,901],"product_tag":[691,705,799,760],"class_list":["post-6271","product","type-product","status-publish","has-post-thumbnail","hentry","product_cat-curaprox","product_cat-pozostale-akcesoria-do-pielegnacji-dzieci","product_tag-gabriel","product_tag-prezent-na-roczek-dla-chlopca","product_tag-zagadka-logiczna","product_tag-zagadka-matematyczna"],"_links":{"self":[{"href":"http:\/\/klubmamgdynia.pl\/index.php\/wp-json\/wp\/v2\/product\/6271","targetHints":{"allow":["GET"]}}],"collection":[{"href":"http:\/\/klubmamgdynia.pl\/index.php\/wp-json\/wp\/v2\/product"}],"about":[{"href":"http:\/\/klubmamgdynia.pl\/index.php\/wp-json\/wp\/v2\/types\/product"}],"replies":[{"embeddable":true,"href":"http:\/\/klubmamgdynia.pl\/index.php\/wp-json\/wp\/v2\/comments?post=6271"}],"wp:featuredmedia":[{"embeddable":true,"href":"http:\/\/klubmamgdynia.pl\/index.php\/wp-json\/wp\/v2\/media\/6272"}],"wp:attachment":[{"href":"http:\/\/klubmamgdynia.pl\/index.php\/wp-json\/wp\/v2\/media?parent=6271"}],"wp:term":[{"taxonomy":"product_cat","embeddable":true,"href":"http:\/\/klubmamgdynia.pl\/index.php\/wp-json\/wp\/v2\/product_cat?post=6271"},{"taxonomy":"product_tag","embeddable":true,"href":"http:\/\/klubmamgdynia.pl\/index.php\/wp-json\/wp\/v2\/product_tag?post=6271"}],"curies":[{"name":"wp","href":"https:\/\/api.w.org\/{rel}","templated":true}]}}