{"id":6273,"date":"2017-08-07T22:13:40","date_gmt":"2017-08-07T20:13:40","guid":{"rendered":"http:\/\/klubmamgdynia.pl\/index.php\/produkt\/pacific-baby-termoopakowanie-chroniace-butelke-blue\/"},"modified":"2026-04-28T13:32:03","modified_gmt":"2026-04-28T11:32:03","slug":"pacific-baby-termoopakowanie-chroniace-butelke-blue","status":"publish","type":"product","link":"http:\/\/klubmamgdynia.pl\/index.php\/produkt\/pacific-baby-termoopakowanie-chroniace-butelke-blue\/","title":{"rendered":"Pacific Baby Termoopakowanie Chroni\u0105ce Butelk\u0119 &#8211; Blue"},"content":{"rendered":"<p>W zestawie:etui,silikonowa podk\u0142adka.Neoprenowe etui na butelk\u0119 utrzyma temperatur\u0119 do 2 godzin oraz uchroni wasz\u0105 termobutelk\u0119 przed zarysowaniem oraz wgnieceniem. Pokrowiec posiada wygodny uchwyt, kt\u00f3ry umo\u017cliwia zamocowanie, np. przy w\u00f3zku. Wykonany jest z solidnego, plamoodpornego materia\u0142u. \u015awietnie si\u0119 sprawdzi na wszelkich wyj\u015bciach z Maluszkiem. Cechy etui na butelk\u0119 PacificBaby:jest uniwersalne, pasuje do wi\u0119kszo\u015bci butelekochroni termobutelk\u0119 przed zarysowaniem lub wgnieceniemjest wodoodporne oraz odporne na zabrudzeniama w\u0142a\u015bciwo\u015bci termoizolacyjne, trzyma temperatur\u0119 do 2 godzinw zestawie znajduje si\u0119 silikonowa podk\u0142adka, kt\u00f3ra ochroni sp\u00f3d butelki przed uszkodzeniem<\/p>\n<h2>Pacific Baby Termoopakowanie Chroni\u0105ce Butelk\u0119 &#8211; Blue PacificBaby<\/h2>\n<p>bezwarunkowa mi\u0142o\u015b\u0107 do dziecka cytaty, mira imi\u0119, przechowywanie zabawek, kolorowanki do druku super zings, zabawka na roczek dla ch\u0142opca, alina<\/p>\n<p>yyyyy<\/p>\n<p>&nbsp;<\/p>\n","protected":false},"excerpt":{"rendered":"<p>W zestawie:etui,silikonowa podk\u0142adka.Neoprenowe etui na butelk\u0119 utrzyma temperatur\u0119 do 2 godzin oraz uchroni wasz\u0105 termobutelk\u0119 przed zarysowaniem oraz wgnieceniem. Pokrowiec posiada wygodny uchwyt, kt\u00f3ry umo\u017cliwia zamocowanie, np. przy w\u00f3zku. Wykonany jest z solidnego, plamoodpornego materia\u0142u. \u015awietnie si\u0119 sprawdzi na wszelkich wyj\u015bciach z Maluszkiem. Cechy etui na butelk\u0119 PacificBaby:jest uniwersalne, pasuje do wi\u0119kszo\u015bci butelekochroni termobutelk\u0119 przed [&hellip;]<\/p>\n","protected":false},"featured_media":6274,"comment_status":"closed","ping_status":"open","template":"","meta":[],"product_cat":[1451,1450],"product_tag":[583,630,711],"class_list":["post-6273","product","type-product","status-publish","has-post-thumbnail","hentry","product_cat-akcesoria-do-butelek","product_cat-pacificbaby","product_tag-kolysanki-dla-dzieci-tekst","product_tag-podchwytliwe-zagadki-z-odpowiedziami","product_tag-prezenty-dla-nastolatkow"],"_links":{"self":[{"href":"http:\/\/klubmamgdynia.pl\/index.php\/wp-json\/wp\/v2\/product\/6273","targetHints":{"allow":["GET"]}}],"collection":[{"href":"http:\/\/klubmamgdynia.pl\/index.php\/wp-json\/wp\/v2\/product"}],"about":[{"href":"http:\/\/klubmamgdynia.pl\/index.php\/wp-json\/wp\/v2\/types\/product"}],"replies":[{"embeddable":true,"href":"http:\/\/klubmamgdynia.pl\/index.php\/wp-json\/wp\/v2\/comments?post=6273"}],"wp:featuredmedia":[{"embeddable":true,"href":"http:\/\/klubmamgdynia.pl\/index.php\/wp-json\/wp\/v2\/media\/6274"}],"wp:attachment":[{"href":"http:\/\/klubmamgdynia.pl\/index.php\/wp-json\/wp\/v2\/media?parent=6273"}],"wp:term":[{"taxonomy":"product_cat","embeddable":true,"href":"http:\/\/klubmamgdynia.pl\/index.php\/wp-json\/wp\/v2\/product_cat?post=6273"},{"taxonomy":"product_tag","embeddable":true,"href":"http:\/\/klubmamgdynia.pl\/index.php\/wp-json\/wp\/v2\/product_tag?post=6273"}],"curies":[{"name":"wp","href":"https:\/\/api.w.org\/{rel}","templated":true}]}}