{"id":6277,"date":"2021-10-23T00:40:59","date_gmt":"2021-10-22T22:40:59","guid":{"rendered":"http:\/\/klubmamgdynia.pl\/index.php\/produkt\/curasept-primi-denti-zestaw-szczoteczka-do-masazu-dziasel-zel-na-zabkowanie-zolta\/"},"modified":"2026-05-17T22:02:44","modified_gmt":"2026-05-17T20:02:44","slug":"curasept-primi-denti-zestaw-szczoteczka-do-masazu-dziasel-zel-na-zabkowanie-zolta","status":"publish","type":"product","link":"http:\/\/klubmamgdynia.pl\/index.php\/produkt\/curasept-primi-denti-zestaw-szczoteczka-do-masazu-dziasel-zel-na-zabkowanie-zolta\/","title":{"rendered":"Curasept Primi Denti Zestaw Szczoteczka Do Masa\u017cu Dzi\u0105se\u0142 + \u017bel Na Z\u0105bkowanie, \u017b\u00f3\u0142ta"},"content":{"rendered":"<p>Mi\u0119kka silikonowa szczoteczka do masa\u017cu dzi\u0105se\u0142 oraz \u017cel na z\u0105bkowanie<\/p>\n<h2>Curasept Primi Denti Zestaw Szczoteczka Do Masa\u017cu Dzi\u0105se\u0142 + \u017bel Na Z\u0105bkowanie, \u017b\u00f3\u0142ta Curasept<\/h2>\n<p>kundel bury tekst, prima aprilis pomys\u0142y, dzieci cytaty, prezent dla dziewczynki na roczek, czerwony kapturek kolorowanka, laurka dla mamy rysunek, zagadki dla 6 latka, zak\u0142adka do ksi\u0105\u017cki szablon do druku, najlepsze zagadki, otto, nietypowe imiona \u017ce\u0144skie, literki do pisania do druku, miko\u0142ajek sprawdzian z lektury z odpowiedziami, kolorowanka antystresowa, warszawa atrakcje dla m\u0142odzie\u017cy, bajki dla niemowl\u0105t, kawal na prima aprilis, zagadki s\u0142owne<\/p>\n<p>yyyyy<\/p>\n<p>&nbsp;<\/p>\n","protected":false},"excerpt":{"rendered":"<p>Mi\u0119kka silikonowa szczoteczka do masa\u017cu dzi\u0105se\u0142 oraz \u017cel na z\u0105bkowanie Curasept Primi Denti Zestaw Szczoteczka Do Masa\u017cu Dzi\u0105se\u0142 + \u017bel Na Z\u0105bkowanie, \u017b\u00f3\u0142ta Curasept kundel bury tekst, prima aprilis pomys\u0142y, dzieci cytaty, prezent dla dziewczynki na roczek, czerwony kapturek kolorowanka, laurka dla mamy rysunek, zagadki dla 6 latka, zak\u0142adka do ksi\u0105\u017cki szablon do druku, najlepsze [&hellip;]<\/p>\n","protected":false},"featured_media":6278,"comment_status":"closed","ping_status":"open","template":"","meta":[],"product_cat":[1453,901],"product_tag":[689,774,876,633],"class_list":["post-6277","product","type-product","status-publish","has-post-thumbnail","hentry","product_cat-curasept","product_cat-pozostale-akcesoria-do-pielegnacji-dzieci","product_tag-linda","product_tag-prezent-na-roczek-nie-zabawka","product_tag-przyjazn","product_tag-zagadki-z-odpowiedziami"],"_links":{"self":[{"href":"http:\/\/klubmamgdynia.pl\/index.php\/wp-json\/wp\/v2\/product\/6277","targetHints":{"allow":["GET"]}}],"collection":[{"href":"http:\/\/klubmamgdynia.pl\/index.php\/wp-json\/wp\/v2\/product"}],"about":[{"href":"http:\/\/klubmamgdynia.pl\/index.php\/wp-json\/wp\/v2\/types\/product"}],"replies":[{"embeddable":true,"href":"http:\/\/klubmamgdynia.pl\/index.php\/wp-json\/wp\/v2\/comments?post=6277"}],"wp:featuredmedia":[{"embeddable":true,"href":"http:\/\/klubmamgdynia.pl\/index.php\/wp-json\/wp\/v2\/media\/6278"}],"wp:attachment":[{"href":"http:\/\/klubmamgdynia.pl\/index.php\/wp-json\/wp\/v2\/media?parent=6277"}],"wp:term":[{"taxonomy":"product_cat","embeddable":true,"href":"http:\/\/klubmamgdynia.pl\/index.php\/wp-json\/wp\/v2\/product_cat?post=6277"},{"taxonomy":"product_tag","embeddable":true,"href":"http:\/\/klubmamgdynia.pl\/index.php\/wp-json\/wp\/v2\/product_tag?post=6277"}],"curies":[{"name":"wp","href":"https:\/\/api.w.org\/{rel}","templated":true}]}}