{"id":6279,"date":"2017-03-24T20:23:43","date_gmt":"2017-03-24T19:23:43","guid":{"rendered":"http:\/\/klubmamgdynia.pl\/index.php\/produkt\/midex-ciastolina-akcesoria-foremki-zestaw-domkow\/"},"modified":"2026-04-24T01:31:43","modified_gmt":"2026-04-23T23:31:43","slug":"midex-ciastolina-akcesoria-foremki-zestaw-domkow","status":"publish","type":"product","link":"http:\/\/klubmamgdynia.pl\/index.php\/produkt\/midex-ciastolina-akcesoria-foremki-zestaw-domkow\/","title":{"rendered":"Midex Ciastolina Akcesoria Foremki Zestaw Domk\u00f3w"},"content":{"rendered":"<p>Zwyk\u0142a plastelina potrafi znudzi\u0107 ka\u017cdego dzieciaka &#8211; nie daj si\u0119 nudzie!Zabawa ciastolin\u0105 pobudza wyobra\u017ani\u0119, rozwija sprawno\u015b\u0107 manualn\u0105 oraz pomaga w nauce rozr\u00f3\u017cniania kolor\u00f3w. Z plasteliny mo\u017cna tworzy\u0107 dowolne kszta\u0142ty, stworzenia, bry\u0142y, kiedy nasz tw\u00f3r si\u0119 znudzi wystarczy go rozgnie\u015b\u0107 po czym mo\u017cna zacz\u0105\u0107 zabaw\u0119 od pocz\u0105tku.Zestaw z foremkami zapewni mn\u00f3stwo zabawy. Znajdziesz tutaj 5 sztuk ciastoliny oraz akcesoria do zabawy.Zabawa ciasto-mas\u0105 rozwija kreatywno\u015b\u0107 i wyobra\u017ani\u0119 dzieci, w du\u017cym stopniu wp\u0142ywaj\u0105c na zdolno\u015bci manualne.Masa plastyczna mo\u017ce by\u0107 formowana w przer\u00f3\u017cne kszta\u0142ty, co z pewno\u015bci\u0105 przyci\u0105gnie uwag\u0119 dziecka, zajmuj\u0105c je na d\u0142ugie godziny.Wymiary opakowania ok. 23 x 7 x 23cm.W zestawie 5szt. masy plastycznej oraz akcesoria do zabawy.<\/p>\n<h2>Midex Ciastolina Akcesoria Foremki Zestaw Domk\u00f3w Midex<\/h2>\n<p>piosenka przyjed\u017a do nas miko\u0142aju, kiedy dzieci zbieraja cukierki na halloween, kolorowanki pikachu, sybilla, wierszyk o wakacjach, co kupi\u0107 nastolatkowi, prezent dla pi\u0119tnastolatka, proste przepisy dla dzieci, quiz pi\u0142karski, cytaty o przyja\u017ani, tekst kolysanek, zabawki dla dziewczynki na roczek, pomys\u0142 na laurk\u0119, \u015bw przemys\u0142aw, \u015bmieszne kanapki kanapki dla dzieci<\/p>\n<p>yyyyy<\/p>\n<p>&nbsp;<\/p>\n","protected":false},"excerpt":{"rendered":"<p>Zwyk\u0142a plastelina potrafi znudzi\u0107 ka\u017cdego dzieciaka &#8211; nie daj si\u0119 nudzie!Zabawa ciastolin\u0105 pobudza wyobra\u017ani\u0119, rozwija sprawno\u015b\u0107 manualn\u0105 oraz pomaga w nauce rozr\u00f3\u017cniania kolor\u00f3w. Z plasteliny mo\u017cna tworzy\u0107 dowolne kszta\u0142ty, stworzenia, bry\u0142y, kiedy nasz tw\u00f3r si\u0119 znudzi wystarczy go rozgnie\u015b\u0107 po czym mo\u017cna zacz\u0105\u0107 zabaw\u0119 od pocz\u0105tku.Zestaw z foremkami zapewni mn\u00f3stwo zabawy. Znajdziesz tutaj 5 sztuk [&hellip;]<\/p>\n","protected":false},"featured_media":6280,"comment_status":"closed","ping_status":"open","template":"","meta":[],"product_cat":[1091,21],"product_tag":[802,704,751],"class_list":["post-6279","product","type-product","status-publish","has-post-thumbnail","hentry","product_cat-midex","product_cat-zabawki-plastyczne","product_tag-co-kupic-dziewczynce-na-roczek","product_tag-prezent-dla-nastolatka","product_tag-psi-patrol-kolorowanka"],"_links":{"self":[{"href":"http:\/\/klubmamgdynia.pl\/index.php\/wp-json\/wp\/v2\/product\/6279","targetHints":{"allow":["GET"]}}],"collection":[{"href":"http:\/\/klubmamgdynia.pl\/index.php\/wp-json\/wp\/v2\/product"}],"about":[{"href":"http:\/\/klubmamgdynia.pl\/index.php\/wp-json\/wp\/v2\/types\/product"}],"replies":[{"embeddable":true,"href":"http:\/\/klubmamgdynia.pl\/index.php\/wp-json\/wp\/v2\/comments?post=6279"}],"wp:featuredmedia":[{"embeddable":true,"href":"http:\/\/klubmamgdynia.pl\/index.php\/wp-json\/wp\/v2\/media\/6280"}],"wp:attachment":[{"href":"http:\/\/klubmamgdynia.pl\/index.php\/wp-json\/wp\/v2\/media?parent=6279"}],"wp:term":[{"taxonomy":"product_cat","embeddable":true,"href":"http:\/\/klubmamgdynia.pl\/index.php\/wp-json\/wp\/v2\/product_cat?post=6279"},{"taxonomy":"product_tag","embeddable":true,"href":"http:\/\/klubmamgdynia.pl\/index.php\/wp-json\/wp\/v2\/product_tag?post=6279"}],"curies":[{"name":"wp","href":"https:\/\/api.w.org\/{rel}","templated":true}]}}