{"id":6281,"date":"2017-12-09T09:47:02","date_gmt":"2017-12-09T08:47:02","guid":{"rendered":"http:\/\/klubmamgdynia.pl\/index.php\/produkt\/janod-szczotka-do-wlosow-lisek-j07865\/"},"modified":"2026-04-28T19:27:48","modified_gmt":"2026-04-28T17:27:48","slug":"janod-szczotka-do-wlosow-lisek-j07865","status":"publish","type":"product","link":"http:\/\/klubmamgdynia.pl\/index.php\/produkt\/janod-szczotka-do-wlosow-lisek-j07865\/","title":{"rendered":"Janod Szczotka do w\u0142os\u00f3w Lisek J07865"},"content":{"rendered":"<p>Janod Szczotka do w\u0142os\u00f3w Lisek\u00a0                            <\/p>\n<p>a                            <\/p>\n<p>Szczotka do w\u0142os\u00f3w Jednoro\u017cec\/Lis francuskiej marki JANOD to urokliwy dodatek z motywem \u015bpi\u0105cego liska lub radosnego jednoro\u017cca do wyboru, utrzymany w delikatnej kolorystyce: odcieniach r\u00f3\u017cu, bieli i turkusu. Por\u0119czna szczotka z solidnego tworzywa ma w\u0142osie, zako\u0144czone niedrapi\u0105cymi kuleczkami. U\u0142atwia samodzielne rozczesywanie w\u0142os\u00f3w bez szarpania i ci\u0105gni\u0119cia. Nadaje si\u0119 np. do przedszkola, na wycieczk\u0119 lub basen.Zaprojektowane we Francji we wsp\u00f3\u0142pracy z francusk\u0105 grup\u0105 mediow\u0105 i wydawnicz\u0105 Hachette. Idealnie nadaje si\u0119 na prezent.                            <\/p>\n<p>a                            <\/p>\n<p>Seria akcesori\u00f3w papierniczych z linii ART&amp;CRAFT to urokliwe dodatki (notesy, przybory do pisania, naklejki, gumki do \u015bcierania, pi\u00f3rniki, a nawet szczotki do w\u0142os\u00f3w) dla dzieci w wieku szkolnym, z ba\u015bniowym motywem jednoro\u017cca lub lisa, zach\u0119caj\u0105ce do notowania pomys\u0142\u00f3w lub wspomnie\u0144, stymuluj\u0105ce spostrzegawczo\u015b\u0107, wra\u017cliwo\u015b\u0107 i kreatywno\u015b\u0107, a przy tym odpowiadaj\u0105ce potrzebom poznawczym i manualnym na tym etapie rozwoju m\u0142odego cz\u0142owieka.wiek: 5 +liczba element\u00f3w: 1materia\u0142: tworzywodesign: Francjawymiary produktu: 18 x 5,3 x 4 cmwaga produktu: 0,05 kgbezpiecze\u0144stwo i jako\u015b\u0107: EN71-1; EN71-2, EN71-3; REACH                            <\/p>\n<p>a                            <\/p>\n<p>Janod od 1970 roku niezmiennie projektuje zabawki, kt\u00f3re s\u0105 synonimem innowacyjno\u015bci, francuskiego designu i najwy\u017cszej jako\u015bci. Unikalne zabawki Janod tworzone s\u0105 z drewna i innych doskona\u0142ych materia\u0142\u00f3w, a przede wszystkim z dzieci\u0119cych marze\u0144!\u00a0W obecnej ofercie Janod jest ponad 500 produkt\u00f3w, z kt\u00f3rych kluczowe to zabawki drewniane, puzzle, uk\u0142adanki i zabawki magnetyczne. Wszystkie produkty projektowane s\u0105 we Francji przez w\u0142asnych designer\u00f3w. St\u0105d wiele motyw\u00f3w i wzor\u00f3w powtarza si\u0119 w kolekcjach, tworz\u0105c wyj\u0105tkowy, bajkowy \u015bwiat Janod.\u00a0Wszystkie zabawki tworzone s\u0105 z dba\u0142o\u015bci\u0105 o szczeg\u00f3\u0142y, z najwy\u017cszej jako\u015bci materia\u0142\u00f3w, bezpiecznych dla dzieci. Zabawki spe\u0142niaj\u0105 restrykcyjne normy bezpiecze\u0144stwa, takie jak EN71-1, EN71-2, EN71-3 oraz REACH.<\/p>\n<h2>Janod Szczotka do w\u0142os\u00f3w Lisek J07865 Janod<\/h2>\n<p>matylda imie, liwia imi\u0119, maska batmana do druku, marcel znaczenie imienia, trudne zagadki dla dzieci, imi\u0119 iwo, znaczenie imienia paula, kolorowanki do druku dla ch\u0142opc\u00f3w, kolorowanka kotek do druku<\/p>\n<p>yyyyy<\/p>\n<p>&nbsp;<\/p>\n","protected":false},"excerpt":{"rendered":"<p>Janod Szczotka do w\u0142os\u00f3w Lisek\u00a0 a Szczotka do w\u0142os\u00f3w Jednoro\u017cec\/Lis francuskiej marki JANOD to urokliwy dodatek z motywem \u015bpi\u0105cego liska lub radosnego jednoro\u017cca do wyboru, utrzymany w delikatnej kolorystyce: odcieniach r\u00f3\u017cu, bieli i turkusu. Por\u0119czna szczotka z solidnego tworzywa ma w\u0142osie, zako\u0144czone niedrapi\u0105cymi kuleczkami. U\u0142atwia samodzielne rozczesywanie w\u0142os\u00f3w bez szarpania i ci\u0105gni\u0119cia. Nadaje si\u0119 np. [&hellip;]<\/p>\n","protected":false},"featured_media":6282,"comment_status":"closed","ping_status":"open","template":"","meta":[],"product_cat":[557,901],"product_tag":[670,742,714],"class_list":["post-6281","product","type-product","status-publish","has-post-thumbnail","hentry","product_cat-janod","product_cat-pozostale-akcesoria-do-pielegnacji-dzieci","product_tag-irma","product_tag-piosenki-dla-dzieci-tekst","product_tag-zagadki-logiczne"],"_links":{"self":[{"href":"http:\/\/klubmamgdynia.pl\/index.php\/wp-json\/wp\/v2\/product\/6281","targetHints":{"allow":["GET"]}}],"collection":[{"href":"http:\/\/klubmamgdynia.pl\/index.php\/wp-json\/wp\/v2\/product"}],"about":[{"href":"http:\/\/klubmamgdynia.pl\/index.php\/wp-json\/wp\/v2\/types\/product"}],"replies":[{"embeddable":true,"href":"http:\/\/klubmamgdynia.pl\/index.php\/wp-json\/wp\/v2\/comments?post=6281"}],"wp:featuredmedia":[{"embeddable":true,"href":"http:\/\/klubmamgdynia.pl\/index.php\/wp-json\/wp\/v2\/media\/6282"}],"wp:attachment":[{"href":"http:\/\/klubmamgdynia.pl\/index.php\/wp-json\/wp\/v2\/media?parent=6281"}],"wp:term":[{"taxonomy":"product_cat","embeddable":true,"href":"http:\/\/klubmamgdynia.pl\/index.php\/wp-json\/wp\/v2\/product_cat?post=6281"},{"taxonomy":"product_tag","embeddable":true,"href":"http:\/\/klubmamgdynia.pl\/index.php\/wp-json\/wp\/v2\/product_tag?post=6281"}],"curies":[{"name":"wp","href":"https:\/\/api.w.org\/{rel}","templated":true}]}}