{"id":6283,"date":"2021-11-09T15:50:21","date_gmt":"2021-11-09T14:50:21","guid":{"rendered":"http:\/\/klubmamgdynia.pl\/index.php\/produkt\/sterntaler-play-rekawica-do-mycia-emmily\/"},"modified":"2026-04-06T03:09:37","modified_gmt":"2026-04-06T01:09:37","slug":"sterntaler-play-rekawica-do-mycia-emmily","status":"publish","type":"product","link":"http:\/\/klubmamgdynia.pl\/index.php\/produkt\/sterntaler-play-rekawica-do-mycia-emmily\/","title":{"rendered":"Sterntaler Play R\u0119kawica Do Mycia Emmily"},"content":{"rendered":"<p>Z nowej kolekcji Sterntaler ! &#8211; Jako\u015b\u0107, kt\u00f3r\u0105 warto zobaczy\u0107. 2 w 1: r\u0119kawica do prania i lalka osio\u0142ek Emmily wykonane z frotte sprawiaj\u0105, \u017ce pranie jest \u015bwietn\u0105 zabaw\u0105. Szczeg\u00f3\u0142y produktu: Materia\u0142: 100 % bawe\u0142na Mo\u017cna pra\u0107 w temperaturze do 60 \u00b0C Suszenie przy zmniejszonym obci\u0105\u017ceniu termicznym<\/p>\n<h2>Sterntaler Play R\u0119kawica Do Mycia Emmily Sterntaler<\/h2>\n<p>imi\u0119 r\u00f3\u017ca, krzy\u017c\u00f3wki dla dzieci do druku, wiersz o g\u00f3rniku, zagadka, \u015bwi\u0105teczne filmy familijne, test na znaki drogowe, nauka polskiego dla dzieci z ukrainy, pieski pies kolorowanka, opis do zdj\u0119cia dziecka na fb, spiderman kolorowanka, kartka walentynkowa r\u0119cznie robiona \u0142atwa, pomysl na prezent na roczek, gloria imie, ma\u0142o nas do pieczenia chleba, lego ninjago kolorowanki, ja\u015bmina<\/p>\n<p>yyyyy<\/p>\n<p>&nbsp;<\/p>\n","protected":false},"excerpt":{"rendered":"<p>Z nowej kolekcji Sterntaler ! &#8211; Jako\u015b\u0107, kt\u00f3r\u0105 warto zobaczy\u0107. 2 w 1: r\u0119kawica do prania i lalka osio\u0142ek Emmily wykonane z frotte sprawiaj\u0105, \u017ce pranie jest \u015bwietn\u0105 zabaw\u0105. Szczeg\u00f3\u0142y produktu: Materia\u0142: 100 % bawe\u0142na Mo\u017cna pra\u0107 w temperaturze do 60 \u00b0C Suszenie przy zmniejszonym obci\u0105\u017ceniu termicznym Sterntaler Play R\u0119kawica Do Mycia Emmily Sterntaler imi\u0119 [&hellip;]<\/p>\n","protected":false},"featured_media":6284,"comment_status":"closed","ping_status":"open","template":"","meta":[],"product_cat":[901,33],"product_tag":[685,670,847,709],"class_list":["post-6283","product","type-product","status-publish","has-post-thumbnail","hentry","product_cat-pozostale-akcesoria-do-pielegnacji-dzieci","product_cat-sterntaler","product_tag-cytaty-o-rodzinie","product_tag-irma","product_tag-kolorowanki-pokemon","product_tag-zagadki-dla-dzieci-6-7-lat"],"_links":{"self":[{"href":"http:\/\/klubmamgdynia.pl\/index.php\/wp-json\/wp\/v2\/product\/6283","targetHints":{"allow":["GET"]}}],"collection":[{"href":"http:\/\/klubmamgdynia.pl\/index.php\/wp-json\/wp\/v2\/product"}],"about":[{"href":"http:\/\/klubmamgdynia.pl\/index.php\/wp-json\/wp\/v2\/types\/product"}],"replies":[{"embeddable":true,"href":"http:\/\/klubmamgdynia.pl\/index.php\/wp-json\/wp\/v2\/comments?post=6283"}],"wp:featuredmedia":[{"embeddable":true,"href":"http:\/\/klubmamgdynia.pl\/index.php\/wp-json\/wp\/v2\/media\/6284"}],"wp:attachment":[{"href":"http:\/\/klubmamgdynia.pl\/index.php\/wp-json\/wp\/v2\/media?parent=6283"}],"wp:term":[{"taxonomy":"product_cat","embeddable":true,"href":"http:\/\/klubmamgdynia.pl\/index.php\/wp-json\/wp\/v2\/product_cat?post=6283"},{"taxonomy":"product_tag","embeddable":true,"href":"http:\/\/klubmamgdynia.pl\/index.php\/wp-json\/wp\/v2\/product_tag?post=6283"}],"curies":[{"name":"wp","href":"https:\/\/api.w.org\/{rel}","templated":true}]}}