{"id":6285,"date":"2013-10-24T05:25:19","date_gmt":"2013-10-24T03:25:19","guid":{"rendered":"http:\/\/klubmamgdynia.pl\/index.php\/produkt\/baby-born-braciszek\/"},"modified":"2026-04-21T03:43:12","modified_gmt":"2026-04-21T01:43:12","slug":"baby-born-braciszek","status":"publish","type":"product","link":"http:\/\/klubmamgdynia.pl\/index.php\/produkt\/baby-born-braciszek\/","title":{"rendered":"Baby Born Braciszek"},"content":{"rendered":"<p>ZAPF CREATIONNOWA INTERAKTYWNA LALKABRACISZEK Z W\u0141OSAMI5 AKCESORI\u00d3WPIJE &#8211; P\u0141ACZE I NIE TYLKO!!!825365NOWO\u015a\u0106REKLAMA TVLALKA BABY BORN BRACISZEK CH\u0141OPIEC Z W\u0141OSAMI I AKCESORIAMIA oto starszy brat Baby Born! Sp\u00f3jrzcie tylko na jego czupryn\u0119!Braciszek lalki Baby Born jest gotowy do zabawy. Bardzo ch\u0119tnie pomo\u017ce Ci przypilnowa\u0107 swoj\u0105 m\u0142odsz\u0105 siostr\u0119, a tak\u017ce b\u0119dzie najlepszym towarzyszem zabaw ma\u0142ej mamy. Ch\u0142opiec jest grzeczny i uroczy, wi\u0119c z pewno\u015bci\u0105 podbije serca niejednej dziewczynki. Ubrany w spodnie z szelkami, niebiesk\u0105 bluzeczk\u0119 i buty wygl\u0105da bardzo schludnie. Ma czuprynk\u0119 ciemnych w\u0142osk\u00f3w, kt\u00f3re tylko czekaj\u0105 na czesanie. Akcesoria dost\u0119pne w zestawie pomog\u0105 w zajmowaniu si\u0119 ch\u0142opczykiem, ale tak\u017ce sprawi\u0105, \u017ce b\u0119dzie wygl\u0105da\u0142 jeszcze bardziej stylowo.6 FUNKCJI:pijep\u0142aczeporusza ko\u0144czynami &#8211; bardzo szeroki zakres ruch\u00f3wsam stoimo\u017cna go k\u0105pa\u0107posiada g\u0119ste, br\u0105zowe w\u0142osy &#8211; wspania\u0142e do czesania.5 AKCESORI\u00d3W:butelkaszczotkabransoletka dla niegobransoletka dla mamybuciki.ZABAWA LALK\u0104 ROZWIJA:emocjonalno\u015b\u0107zaanga\u017cowaniedu\u017c\u0105 motoryk\u0119wyobra\u017ani\u0119.Lalka nie wymaga baterii.Wymiary opakowania: 38 x 33 x 18 cm.Wysoko\u015b\u0107 lalki: 43 cm.Wiek od 3 lat.<\/p>\n<h2>Baby Born Braciszek BABY BORN<\/h2>\n<p>pomys\u0142 na prezent dla nastolatk\u00f3w, piosenka dla mamy tekst, dyplomy szablony pdf, zagadki dla 8 latk\u00f3w, zagadki wiosenne dla dzieci, zagadki dla dzieci, przedszkole drugi dom, pieski, krok jak narysowa\u0107 konia<\/p>\n<p>yyyyy<\/p>\n<p>&nbsp;<\/p>\n","protected":false},"excerpt":{"rendered":"<p>ZAPF CREATIONNOWA INTERAKTYWNA LALKABRACISZEK Z W\u0141OSAMI5 AKCESORI\u00d3WPIJE &#8211; P\u0141ACZE I NIE TYLKO!!!825365NOWO\u015a\u0106REKLAMA TVLALKA BABY BORN BRACISZEK CH\u0141OPIEC Z W\u0141OSAMI I AKCESORIAMIA oto starszy brat Baby Born! Sp\u00f3jrzcie tylko na jego czupryn\u0119!Braciszek lalki Baby Born jest gotowy do zabawy. Bardzo ch\u0119tnie pomo\u017ce Ci przypilnowa\u0107 swoj\u0105 m\u0142odsz\u0105 siostr\u0119, a tak\u017ce b\u0119dzie najlepszym towarzyszem zabaw ma\u0142ej mamy. Ch\u0142opiec [&hellip;]<\/p>\n","protected":false},"featured_media":6286,"comment_status":"closed","ping_status":"open","template":"","meta":[],"product_cat":[176,65],"product_tag":[661,636,616,710],"class_list":["post-6285","product","type-product","status-publish","has-post-thumbnail","hentry","product_cat-baby-born","product_cat-lalki","product_tag-swinka-peppa-kolorowanka","product_tag-teksty-kolysanek","product_tag-test-mikolajek-25-pytan","product_tag-zagadki-dla-dzieci-10-12-lat"],"_links":{"self":[{"href":"http:\/\/klubmamgdynia.pl\/index.php\/wp-json\/wp\/v2\/product\/6285","targetHints":{"allow":["GET"]}}],"collection":[{"href":"http:\/\/klubmamgdynia.pl\/index.php\/wp-json\/wp\/v2\/product"}],"about":[{"href":"http:\/\/klubmamgdynia.pl\/index.php\/wp-json\/wp\/v2\/types\/product"}],"replies":[{"embeddable":true,"href":"http:\/\/klubmamgdynia.pl\/index.php\/wp-json\/wp\/v2\/comments?post=6285"}],"wp:featuredmedia":[{"embeddable":true,"href":"http:\/\/klubmamgdynia.pl\/index.php\/wp-json\/wp\/v2\/media\/6286"}],"wp:attachment":[{"href":"http:\/\/klubmamgdynia.pl\/index.php\/wp-json\/wp\/v2\/media?parent=6285"}],"wp:term":[{"taxonomy":"product_cat","embeddable":true,"href":"http:\/\/klubmamgdynia.pl\/index.php\/wp-json\/wp\/v2\/product_cat?post=6285"},{"taxonomy":"product_tag","embeddable":true,"href":"http:\/\/klubmamgdynia.pl\/index.php\/wp-json\/wp\/v2\/product_tag?post=6285"}],"curies":[{"name":"wp","href":"https:\/\/api.w.org\/{rel}","templated":true}]}}