{"id":6287,"date":"2014-02-09T16:52:00","date_gmt":"2014-02-09T15:52:00","guid":{"rendered":"http:\/\/klubmamgdynia.pl\/index.php\/produkt\/ramiz-pojazd-land-rover-discovery-czerwony\/"},"modified":"2026-04-29T02:05:36","modified_gmt":"2026-04-29T00:05:36","slug":"ramiz-pojazd-land-rover-discovery-czerwony","status":"publish","type":"product","link":"http:\/\/klubmamgdynia.pl\/index.php\/produkt\/ramiz-pojazd-land-rover-discovery-czerwony\/","title":{"rendered":"Ramiz Pojazd Land Rover Discovery Czerwony"},"content":{"rendered":"<p>SpecyfikacjaLand Rover DiscoverySilnik2x25WAkumulator12V\/7Ah,Pilot 2.4 GHz,Przycisk bezpiecze\u0144stwa Stop,3 Szybko\u015bciKo\u0142aPiankowe ko\u0142a EVA,\u015arednica 23 cm,Szeroko\u015b\u0107 8 cm,AmortyzatoryTy\u0142,BiegiWolny Start,Prz\u00f3d\/Ty\u01422 szybko\u015bci \u015awiat\u0142a LED,\u015awiat\u0142a przednie,W\u0142\u0105cznik \u015bwiate\u0142,Wyposa\u017ceniePanel AudioMP3,Radio FMWej\u015bcie USB,AUXWgrane melodyjki,Przyciski d\u017awi\u0119kowe w Kierownicy,Wska\u017anik Na\u0142adowaniaTak,StartPod\u015bwietlany W\u0142\u0105cznik z Odg\u0142osami Silnika,Otwierane DrzwiTak,SiedzenieCzarna ekosk\u00f3ra,32 x 19 x 22 cmPasy,WymiaryRozmiar PojazduD\u0142ugo\u015b\u0107 101 cm,Szeroko\u015b\u0107 67 cm,Wysoko\u015b\u0107 54 cm,Waga Pojazdu17,6 Kg,Rozmiar Kartonu106 x 57 x 32 cm,Waga Kartonu19,8 Kg,Maksymalne Obci\u0105\u017cenie28 Kg,Prze\u015bwit12 cm,Wyposa\u017cenie DodatkoweInstrukcja + Zestaw Monta\u017cowy\u0141adowarkaKabel Mini JackPilot R\/C.<\/p>\n<h2>Ramiz Pojazd Land Rover Discovery Czerwony Ramiz<\/h2>\n<p>matylda imi\u0119, wzory zaprosze\u0144 zaproszenie na urodziny do druku pdf, zagadki dla dzieci 4-5 lat online, quizy online, przys\u0142owia o rodzinie, cicha noc po angielsku, quiz dynastia mizio\u0142k\u00f3w, kolorowanki antystresowe do druku<\/p>\n<p>yyyyy<\/p>\n<p>&nbsp;<\/p>\n","protected":false},"excerpt":{"rendered":"<p>SpecyfikacjaLand Rover DiscoverySilnik2x25WAkumulator12V\/7Ah,Pilot 2.4 GHz,Przycisk bezpiecze\u0144stwa Stop,3 Szybko\u015bciKo\u0142aPiankowe ko\u0142a EVA,\u015arednica 23 cm,Szeroko\u015b\u0107 8 cm,AmortyzatoryTy\u0142,BiegiWolny Start,Prz\u00f3d\/Ty\u01422 szybko\u015bci \u015awiat\u0142a LED,\u015awiat\u0142a przednie,W\u0142\u0105cznik \u015bwiate\u0142,Wyposa\u017ceniePanel AudioMP3,Radio FMWej\u015bcie USB,AUXWgrane melodyjki,Przyciski d\u017awi\u0119kowe w Kierownicy,Wska\u017anik Na\u0142adowaniaTak,StartPod\u015bwietlany W\u0142\u0105cznik z Odg\u0142osami Silnika,Otwierane DrzwiTak,SiedzenieCzarna ekosk\u00f3ra,32 x 19 x 22 cmPasy,WymiaryRozmiar PojazduD\u0142ugo\u015b\u0107 101 cm,Szeroko\u015b\u0107 67 cm,Wysoko\u015b\u0107 54 cm,Waga Pojazdu17,6 Kg,Rozmiar Kartonu106 x 57 x 32 cm,Waga Kartonu19,8 [&hellip;]<\/p>\n","protected":false},"featured_media":6288,"comment_status":"closed","ping_status":"open","template":"","meta":[],"product_cat":[36,24],"product_tag":[670,795,621,876,709],"class_list":["post-6287","product","type-product","status-publish","has-post-thumbnail","hentry","product_cat-ramiz","product_cat-samochody-dla-dzieci","product_tag-irma","product_tag-mini-zoo-warszawa","product_tag-prezenty-roczek","product_tag-przyjazn","product_tag-zagadki-dla-dzieci-6-7-lat"],"_links":{"self":[{"href":"http:\/\/klubmamgdynia.pl\/index.php\/wp-json\/wp\/v2\/product\/6287","targetHints":{"allow":["GET"]}}],"collection":[{"href":"http:\/\/klubmamgdynia.pl\/index.php\/wp-json\/wp\/v2\/product"}],"about":[{"href":"http:\/\/klubmamgdynia.pl\/index.php\/wp-json\/wp\/v2\/types\/product"}],"replies":[{"embeddable":true,"href":"http:\/\/klubmamgdynia.pl\/index.php\/wp-json\/wp\/v2\/comments?post=6287"}],"wp:featuredmedia":[{"embeddable":true,"href":"http:\/\/klubmamgdynia.pl\/index.php\/wp-json\/wp\/v2\/media\/6288"}],"wp:attachment":[{"href":"http:\/\/klubmamgdynia.pl\/index.php\/wp-json\/wp\/v2\/media?parent=6287"}],"wp:term":[{"taxonomy":"product_cat","embeddable":true,"href":"http:\/\/klubmamgdynia.pl\/index.php\/wp-json\/wp\/v2\/product_cat?post=6287"},{"taxonomy":"product_tag","embeddable":true,"href":"http:\/\/klubmamgdynia.pl\/index.php\/wp-json\/wp\/v2\/product_tag?post=6287"}],"curies":[{"name":"wp","href":"https:\/\/api.w.org\/{rel}","templated":true}]}}