{"id":6289,"date":"2017-12-07T19:27:09","date_gmt":"2017-12-07T18:27:09","guid":{"rendered":"http:\/\/klubmamgdynia.pl\/index.php\/produkt\/rotho-babydesign-rotho-baby-design-grzebien-i-szczotka-z-naturalnego-wlosia-chlodny-niebieski\/"},"modified":"2026-04-29T21:07:40","modified_gmt":"2026-04-29T19:07:40","slug":"rotho-babydesign-rotho-baby-design-grzebien-i-szczotka-z-naturalnego-wlosia-chlodny-niebieski","status":"publish","type":"product","link":"http:\/\/klubmamgdynia.pl\/index.php\/produkt\/rotho-babydesign-rotho-baby-design-grzebien-i-szczotka-z-naturalnego-wlosia-chlodny-niebieski\/","title":{"rendered":"Rotho Babydesign Rotho Baby Design Grzebie\u0144 I Szczotka Z Naturalnego W\u0142osia, Ch\u0142odny Niebieski"},"content":{"rendered":"<p>Szczotka z wyj\u0105tkowo mi\u0119kkim naturalnym w\u0142osiem i grzebie\u0144 z zaokr\u0105glonymi ko\u0144c\u00f3wkami s\u0105 idealne do piel\u0119gnacji w\u0142os\u00f3w Twojego dziecka. Delikatny dla wra\u017cliwej sk\u00f3ry g\u0142owy i delikatnych w\u0142os\u00f3w dziecka. Szczotka wykonana jest z mi\u0119kkiego, hipoalergicznego i antystatycznego naturalnego w\u0142osia, a grzebie\u0144 ma zaokr\u0105glone rogi, aby delikatnie piel\u0119gnowa\u0107 wra\u017cliw\u0105 sk\u00f3r\u0119 g\u0142owy i delikatne w\u0142osy Twojego malucha. U\u0142atwia to delikatne usuwanie osadu na g\u0142owie i czapeczki ko\u0142yski. Ponadto oba zosta\u0142y przetestowane pod k\u0105tem bezpiecze\u0144stwa chemicznego i s\u0105 wykonane z trwa\u0142ego i solidnego materia\u0142u. W\u0142a\u015bciwe przygotowanie Po\u015bwi\u0119\u0107 czas na opiek\u0119 nad dzieckiem i upewnij si\u0119, \u017ce jeste\u015b spokojna i zrelaksowana. Pomieszczenie i twoje r\u0119ce powinny by\u0107 ciep\u0142e. Przyjemne o\u015bwietlenie i cicha muzyka w tle sprzyjaj\u0105 dobremu samopoczuciu. M\u00f3w do swojego malucha i utrzymuj z nim kontakt wzrokowy podczas szczotkowania i czesania &#8211; to tworzy pe\u0142n\u0105 mi\u0142o\u015bci i intymn\u0105 atmosfer\u0119 dla Ciebie i Twojego dziecka. Szczeg\u00f3\u0142y produktu: Kolor: ch\u0142odny niebieski Wykonane z wysokiej jako\u015bci tworzywa sztucznego Wyj\u0105tkowo mi\u0119kkie w\u0142osie naturalne Made in Germany Uwaga: Przed pierwszym u\u017cyciem wyczy\u015b\u0107 grzebie\u0144 i szczotk\u0119 \u0142agodnym myd\u0142em pod bie\u017c\u0105c\u0105 wod\u0105. Materia\u0142 w pe\u0142ni nadaje si\u0119 do recyklingu i jest zgodny z wszystkimi odpowiednimi normami UE.<\/p>\n<h2>Rotho Babydesign Rotho Baby Design Grzebie\u0144 I Szczotka Z Naturalnego W\u0142osia, Ch\u0142odny Niebieski Rotho Babydesign<\/h2>\n<p>kolorowanki do druku dla dziewczynek, znaczenie imiona alan, zagadki dla 6 latka, prezent dla nastolatk\u00f3w, zagadki dla dzieci 7-8 lat online, loga samochod\u00f3w, zagadki dla dzieci z odpowiedziami, pewna \u017caba by\u0142a s\u0142aba, atrakcje do 30 km od wroc\u0142awia, szczotka pasta kubek ciep\u0142a woda tekst, quizy dla dzieci, zadania logiczne, afryka\u0144skie imiona, pomys\u0142 na prezent dla nastolatk\u00f3w, malowanka, co kupic na roczek, malowanie kamieni, wierszyk o choince, quiz o dinozaurach<\/p>\n<p>yyyyy<\/p>\n<p>&nbsp;<\/p>\n","protected":false},"excerpt":{"rendered":"<p>Szczotka z wyj\u0105tkowo mi\u0119kkim naturalnym w\u0142osiem i grzebie\u0144 z zaokr\u0105glonymi ko\u0144c\u00f3wkami s\u0105 idealne do piel\u0119gnacji w\u0142os\u00f3w Twojego dziecka. Delikatny dla wra\u017cliwej sk\u00f3ry g\u0142owy i delikatnych w\u0142os\u00f3w dziecka. Szczotka wykonana jest z mi\u0119kkiego, hipoalergicznego i antystatycznego naturalnego w\u0142osia, a grzebie\u0144 ma zaokr\u0105glone rogi, aby delikatnie piel\u0119gnowa\u0107 wra\u017cliw\u0105 sk\u00f3r\u0119 g\u0142owy i delikatne w\u0142osy Twojego malucha. U\u0142atwia to [&hellip;]<\/p>\n","protected":false},"featured_media":6290,"comment_status":"closed","ping_status":"open","template":"","meta":[],"product_cat":[901,1080],"product_tag":[855,858,576,724,800],"class_list":["post-6289","product","type-product","status-publish","has-post-thumbnail","hentry","product_cat-pozostale-akcesoria-do-pielegnacji-dzieci","product_cat-rotho-babydesign","product_tag-nietypowe-imiona-zenskie","product_tag-podchwytliwe-zagadki","product_tag-trudne-zagadki","product_tag-zagadki-podchwytliwe","product_tag-zagadki-smieszne"],"_links":{"self":[{"href":"http:\/\/klubmamgdynia.pl\/index.php\/wp-json\/wp\/v2\/product\/6289","targetHints":{"allow":["GET"]}}],"collection":[{"href":"http:\/\/klubmamgdynia.pl\/index.php\/wp-json\/wp\/v2\/product"}],"about":[{"href":"http:\/\/klubmamgdynia.pl\/index.php\/wp-json\/wp\/v2\/types\/product"}],"replies":[{"embeddable":true,"href":"http:\/\/klubmamgdynia.pl\/index.php\/wp-json\/wp\/v2\/comments?post=6289"}],"wp:featuredmedia":[{"embeddable":true,"href":"http:\/\/klubmamgdynia.pl\/index.php\/wp-json\/wp\/v2\/media\/6290"}],"wp:attachment":[{"href":"http:\/\/klubmamgdynia.pl\/index.php\/wp-json\/wp\/v2\/media?parent=6289"}],"wp:term":[{"taxonomy":"product_cat","embeddable":true,"href":"http:\/\/klubmamgdynia.pl\/index.php\/wp-json\/wp\/v2\/product_cat?post=6289"},{"taxonomy":"product_tag","embeddable":true,"href":"http:\/\/klubmamgdynia.pl\/index.php\/wp-json\/wp\/v2\/product_tag?post=6289"}],"curies":[{"name":"wp","href":"https:\/\/api.w.org\/{rel}","templated":true}]}}