{"id":6293,"date":"2015-04-21T00:17:18","date_gmt":"2015-04-20T22:17:18","guid":{"rendered":"http:\/\/klubmamgdynia.pl\/index.php\/produkt\/double-dare-silikonowa-szczoteczka-do-masazu-twarzy-i-m-buddy-mini-innovative-multi-functional-black\/"},"modified":"2026-04-07T03:19:57","modified_gmt":"2026-04-07T01:19:57","slug":"double-dare-silikonowa-szczoteczka-do-masazu-twarzy-i-m-buddy-mini-innovative-multi-functional-black","status":"publish","type":"product","link":"http:\/\/klubmamgdynia.pl\/index.php\/produkt\/double-dare-silikonowa-szczoteczka-do-masazu-twarzy-i-m-buddy-mini-innovative-multi-functional-black\/","title":{"rendered":"Double Dare Silikonowa Szczoteczka Do Masa\u017cu Twarzy &#8211; I.M. Buddy Mini Innovative Multi-Functional Black"},"content":{"rendered":"<p>Double Dare I.M. Buddy Mini Innovative Multi-Functional Buddy Black &#8211; Silikonowa szczoteczka do masa\u017cu twarzy<\/p>\n<h2>Double Dare Silikonowa Szczoteczka Do Masa\u017cu Twarzy &#8211; I.M. Buddy Mini Innovative Multi-Functional Black <\/h2>\n<p>quiz o \u015bwi\u0119tym miko\u0142aju, bajka na dobranoc, imi\u0119 nadia, zagadki o zwierz\u0119tach dla dzieci, imie kuba, koty rysunki, ko\u0142ysanka dla dzieci tekst, cytaty z ma\u0142ego ksi\u0119cia, co na roczek dla ch\u0142opca, pieski pies kolorowanka, opis o rodzinie<\/p>\n<p>yyyyy<\/p>\n<p>&nbsp;<\/p>\n","protected":false},"excerpt":{"rendered":"<p>Double Dare I.M. Buddy Mini Innovative Multi-Functional Buddy Black &#8211; Silikonowa szczoteczka do masa\u017cu twarzy Double Dare Silikonowa Szczoteczka Do Masa\u017cu Twarzy &#8211; I.M. Buddy Mini Innovative Multi-Functional Black quiz o \u015bwi\u0119tym miko\u0142aju, bajka na dobranoc, imi\u0119 nadia, zagadki o zwierz\u0119tach dla dzieci, imie kuba, koty rysunki, ko\u0142ysanka dla dzieci tekst, cytaty z ma\u0142ego ksi\u0119cia, [&hellip;]<\/p>\n","protected":false},"featured_media":6294,"comment_status":"closed","ping_status":"open","template":"","meta":[],"product_cat":[901],"product_tag":[664,686,617,729],"class_list":["post-6293","product","type-product","status-publish","has-post-thumbnail","hentry","product_cat-pozostale-akcesoria-do-pielegnacji-dzieci","product_tag-atrakcje-dla-dzieci-trojmiasto","product_tag-co-na-roczek-dla-chlopca","product_tag-keyword","product_tag-madre-bajki-dla-dzieci-do-czytania"],"_links":{"self":[{"href":"http:\/\/klubmamgdynia.pl\/index.php\/wp-json\/wp\/v2\/product\/6293","targetHints":{"allow":["GET"]}}],"collection":[{"href":"http:\/\/klubmamgdynia.pl\/index.php\/wp-json\/wp\/v2\/product"}],"about":[{"href":"http:\/\/klubmamgdynia.pl\/index.php\/wp-json\/wp\/v2\/types\/product"}],"replies":[{"embeddable":true,"href":"http:\/\/klubmamgdynia.pl\/index.php\/wp-json\/wp\/v2\/comments?post=6293"}],"wp:featuredmedia":[{"embeddable":true,"href":"http:\/\/klubmamgdynia.pl\/index.php\/wp-json\/wp\/v2\/media\/6294"}],"wp:attachment":[{"href":"http:\/\/klubmamgdynia.pl\/index.php\/wp-json\/wp\/v2\/media?parent=6293"}],"wp:term":[{"taxonomy":"product_cat","embeddable":true,"href":"http:\/\/klubmamgdynia.pl\/index.php\/wp-json\/wp\/v2\/product_cat?post=6293"},{"taxonomy":"product_tag","embeddable":true,"href":"http:\/\/klubmamgdynia.pl\/index.php\/wp-json\/wp\/v2\/product_tag?post=6293"}],"curies":[{"name":"wp","href":"https:\/\/api.w.org\/{rel}","templated":true}]}}