{"id":6295,"date":"2011-09-09T09:28:13","date_gmt":"2011-09-09T07:28:13","guid":{"rendered":"http:\/\/klubmamgdynia.pl\/index.php\/produkt\/akuku-szczotka-do-butelek-i-smoczkow-z-gabka-haczykiem\/"},"modified":"2026-04-22T12:46:43","modified_gmt":"2026-04-22T10:46:43","slug":"akuku-szczotka-do-butelek-i-smoczkow-z-gabka-haczykiem","status":"publish","type":"product","link":"http:\/\/klubmamgdynia.pl\/index.php\/produkt\/akuku-szczotka-do-butelek-i-smoczkow-z-gabka-haczykiem\/","title":{"rendered":"Akuku Szczotka Do Butelek I Smoczk\u00f3w Z G\u0105bk\u0105 Haczykiem"},"content":{"rendered":"<h2>Akuku Szczotka Do Butelek I Smoczk\u00f3w Z G\u0105bk\u0105 Haczykiem Akuku<\/h2>\n<p>kolorowanka dla dzieci, zaproszenia na urodziny do wydruku czarno bia\u0142e, warszawa z dzieckiem, zagadki dla dzieci 10-12 lat trudne, quizy online, ninjago kolorowanki, kolorowanka \u015bwinka peppa, test narnia lew czarownica i stara szafa, bajki do czytania, choinka kolorowanka szablon, testy na znaki drogowe, kolorowanka lol surprise, przek\u0105ski na urodziny dziecka, radiowe nuty niech zyja wakacje<\/p>\n<p>yyyyy<\/p>\n<p>&nbsp;<\/p>\n","protected":false},"excerpt":{"rendered":"<p>Akuku Szczotka Do Butelek I Smoczk\u00f3w Z G\u0105bk\u0105 Haczykiem Akuku kolorowanka dla dzieci, zaproszenia na urodziny do wydruku czarno bia\u0142e, warszawa z dzieckiem, zagadki dla dzieci 10-12 lat trudne, quizy online, ninjago kolorowanki, kolorowanka \u015bwinka peppa, test narnia lew czarownica i stara szafa, bajki do czytania, choinka kolorowanka szablon, testy na znaki drogowe, kolorowanka lol [&hellip;]<\/p>\n","protected":false},"featured_media":6296,"comment_status":"closed","ping_status":"open","template":"","meta":[],"product_cat":[1451,250],"product_tag":[792,828,784,701,635],"class_list":["post-6295","product","type-product","status-publish","has-post-thumbnail","hentry","product_cat-akcesoria-do-butelek","product_cat-akuku","product_tag-cytaty-o-mamie","product_tag-filmy-wigilijne-dla-dzieci","product_tag-hymn-gorniczy","product_tag-zgadywanki-dla-dzieci","product_tag-znaki-drogowe-do-druku"],"_links":{"self":[{"href":"http:\/\/klubmamgdynia.pl\/index.php\/wp-json\/wp\/v2\/product\/6295","targetHints":{"allow":["GET"]}}],"collection":[{"href":"http:\/\/klubmamgdynia.pl\/index.php\/wp-json\/wp\/v2\/product"}],"about":[{"href":"http:\/\/klubmamgdynia.pl\/index.php\/wp-json\/wp\/v2\/types\/product"}],"replies":[{"embeddable":true,"href":"http:\/\/klubmamgdynia.pl\/index.php\/wp-json\/wp\/v2\/comments?post=6295"}],"wp:featuredmedia":[{"embeddable":true,"href":"http:\/\/klubmamgdynia.pl\/index.php\/wp-json\/wp\/v2\/media\/6296"}],"wp:attachment":[{"href":"http:\/\/klubmamgdynia.pl\/index.php\/wp-json\/wp\/v2\/media?parent=6295"}],"wp:term":[{"taxonomy":"product_cat","embeddable":true,"href":"http:\/\/klubmamgdynia.pl\/index.php\/wp-json\/wp\/v2\/product_cat?post=6295"},{"taxonomy":"product_tag","embeddable":true,"href":"http:\/\/klubmamgdynia.pl\/index.php\/wp-json\/wp\/v2\/product_tag?post=6295"}],"curies":[{"name":"wp","href":"https:\/\/api.w.org\/{rel}","templated":true}]}}