{"id":6297,"date":"2012-05-03T03:50:06","date_gmt":"2012-05-03T01:50:06","guid":{"rendered":"http:\/\/klubmamgdynia.pl\/index.php\/produkt\/nuk-butelka-nature-sense-ze-wskaznikiem-temperatury-fioletowa-s-150ml\/"},"modified":"2026-05-17T22:03:48","modified_gmt":"2026-05-17T20:03:48","slug":"nuk-butelka-nature-sense-ze-wskaznikiem-temperatury-fioletowa-s-150ml","status":"publish","type":"product","link":"http:\/\/klubmamgdynia.pl\/index.php\/produkt\/nuk-butelka-nature-sense-ze-wskaznikiem-temperatury-fioletowa-s-150ml\/","title":{"rendered":"Nuk Butelka Nature Sense Ze Wska\u017anikiem Temperatury Fioletowa S 150Ml"},"content":{"rendered":"<p>NUK Nature SenseButelka antykolkowa ze wska\u017anikiem temperatury 150ml Soptymalne \u0142\u0105czenie karmienia piersi\u0105 i butelk\u0105naturalne odczucie podczas ssanianaturalny wyp\u0142yw pokarmu, kt\u00f3ry nie zaburza karmienia piersi\u0105kszta\u0142t smoczka korzystny dla rozwoju jamy ustnej dzieckakilka ma\u0142ych otwor\u00f3w, kt\u00f3re s\u0105 wzorowane na kanalikach mlecznych w piersi, zapewnia swobodny i naturalny wyp\u0142yw pokarmuszerokie, elastyczne oparcie dla warg i wyj\u0105tkowo mi\u0119kka ko\u0144c\u00f3wka smoczka &#8211; podobne do piersi mamyinnowacyjny antykolkowy odpowietrzacz pomaga zapobiega\u0107 po\u0142ykaniu powietrzaSprytne rozwi\u0105zanie!Butelka NUK Nature Sense jest przemy\u015blana w ka\u017cdym calu.Dzi\u0119ki wyj\u0105tkowej budowie nie potrzebujesz dodatkowego zabezpieczenia przed wylewaniem.Wystarczy w\u0142a\u015bciwie na\u0142o\u017cy\u0107 os\u0142onk\u0119 na smoczek i z butelki nie wyleje si\u0119 p\u0142yn.Dzi\u0119ki temu mo\u017cesz z jeszcze wi\u0119ksz\u0105 swobod\u0105 korzysta\u0107 z butelek NUK podczas spacer\u00f3w, zabawy, wyjazd\u00f3w.Nowe rozmiary smoczk\u00f3w Nature sense!Smoczki do butelek NUK Nature Sense s\u0105 dopasowane do indywidualnej si\u0142y ssania dziecka, 3 r\u00f3\u017cne warianty otwor\u00f3w pozwalaj\u0105 na dobranie optymalnego wyp\u0142ywu pokarmu.Smoczki maj\u0105 te\u017c r\u00f3\u017cn\u0105 liczb\u0119 ma\u0142ych otwor\u00f3w przep\u0142ywowych:S &#8211; do p\u0142yn\u00f3w (mleko mamy, herbatka, woda)M &#8211; do mleka modyfikowanegoL &#8211; do papekRozmiar smoczka powinien by\u0107 zawsze dostosowany do indywidualnego rozwoju dziecka.Wska\u017anik temperatury!Aby mie\u0107 pewno\u015b\u0107, \u017ce pokarm podawany niemowl\u0119ciu nie b\u0119dzie zbyt gor\u0105cy, butelki NUK First Choice+* posiadaj\u0105 wska\u017anik temperatury NUK.Wska\u017anik wygl\u0105da jak termometr i jest umieszczony pomi\u0119dzy kreskami podzia\u0142ki.Wska\u017anik zmienia kolor pod wp\u0142ywem zmiany temperatury zawarto\u015bci butelki.Je\u017celi pokarm jest zbyt gor\u0105cy, wska\u017anik zmienia kolor z niebieskiego na bia\u0142y.Pokarm powinien by\u0107 podawany niemowl\u0119ciu w temperaturze cia\u0142a (37\u00b0= kolor b\u0142\u0119kitny).Opakowanie zawiera:1x butelka plastikowa Nature sense1x smoczek silikonowy S (3 ma\u0142e otwory &#8211; do mleka mamy, herbatki, wody)<\/p>\n<h2>Nuk Butelka Nature Sense Ze Wska\u017anikiem Temperatury Fioletowa S 150Ml NUK<\/h2>\n<p>co kupi\u0107 nastolatkowi, quiz o akademii pana kleksa, test z lektury asiunia, psikusy na prima aprilis, \u0142amig\u0142owki do druku, pch\u0142y na noc, prezent na roczek od babci, piosenka przyjed\u017a do nas miko\u0142aju, prezent dla nastolatek, zabawy dla 5 latka, \u0142amig\u0142\u00f3wki logiczne, iwo, nauka literek do druku, prezent dla 17 latka, zagadki logiczne matematyczne dla dzieci, m\u0105dra my\u015bl na dobranoc, trudne zagadki, przyja\u017a\u0144, pomys\u0142 na prezent na roczek<\/p>\n<p>yyyyy<\/p>\n<p>&nbsp;<\/p>\n","protected":false},"excerpt":{"rendered":"<p>NUK Nature SenseButelka antykolkowa ze wska\u017anikiem temperatury 150ml Soptymalne \u0142\u0105czenie karmienia piersi\u0105 i butelk\u0105naturalne odczucie podczas ssanianaturalny wyp\u0142yw pokarmu, kt\u00f3ry nie zaburza karmienia piersi\u0105kszta\u0142t smoczka korzystny dla rozwoju jamy ustnej dzieckakilka ma\u0142ych otwor\u00f3w, kt\u00f3re s\u0105 wzorowane na kanalikach mlecznych w piersi, zapewnia swobodny i naturalny wyp\u0142yw pokarmuszerokie, elastyczne oparcie dla warg i wyj\u0105tkowo mi\u0119kka ko\u0144c\u00f3wka [&hellip;]<\/p>\n","protected":false},"featured_media":6298,"comment_status":"closed","ping_status":"open","template":"","meta":[],"product_cat":[195,251],"product_tag":[707,749,609,577],"class_list":["post-6297","product","type-product","status-publish","has-post-thumbnail","hentry","product_cat-butelki","product_cat-nuk","product_tag-karty-pracy-dla-dzieci-z-ukrainy","product_tag-najlepsze-zarty-na-prima-aprilis","product_tag-quiz-flagi-europy","product_tag-znaki-drogowe-test"],"_links":{"self":[{"href":"http:\/\/klubmamgdynia.pl\/index.php\/wp-json\/wp\/v2\/product\/6297","targetHints":{"allow":["GET"]}}],"collection":[{"href":"http:\/\/klubmamgdynia.pl\/index.php\/wp-json\/wp\/v2\/product"}],"about":[{"href":"http:\/\/klubmamgdynia.pl\/index.php\/wp-json\/wp\/v2\/types\/product"}],"replies":[{"embeddable":true,"href":"http:\/\/klubmamgdynia.pl\/index.php\/wp-json\/wp\/v2\/comments?post=6297"}],"wp:featuredmedia":[{"embeddable":true,"href":"http:\/\/klubmamgdynia.pl\/index.php\/wp-json\/wp\/v2\/media\/6298"}],"wp:attachment":[{"href":"http:\/\/klubmamgdynia.pl\/index.php\/wp-json\/wp\/v2\/media?parent=6297"}],"wp:term":[{"taxonomy":"product_cat","embeddable":true,"href":"http:\/\/klubmamgdynia.pl\/index.php\/wp-json\/wp\/v2\/product_cat?post=6297"},{"taxonomy":"product_tag","embeddable":true,"href":"http:\/\/klubmamgdynia.pl\/index.php\/wp-json\/wp\/v2\/product_tag?post=6297"}],"curies":[{"name":"wp","href":"https:\/\/api.w.org\/{rel}","templated":true}]}}