{"id":6299,"date":"2024-03-22T09:29:05","date_gmt":"2024-03-22T08:29:05","guid":{"rendered":"http:\/\/klubmamgdynia.pl\/?post_type=product&#038;p=6299"},"modified":"2026-04-04T20:47:14","modified_gmt":"2026-04-04T18:47:14","slug":"pilch-cemento-szary-60x60","status":"publish","type":"product","link":"http:\/\/klubmamgdynia.pl\/index.php\/produkt\/pilch-cemento-szary-60x60\/","title":{"rendered":"Pilch Cemento Szary 60&#215;60"},"content":{"rendered":"<p>Pilch Cemento p\u0142ytka pod\u0142ogowa Gatunek: 1Cena za jeden m2 Sprzeda\u017c tylko na pe\u0142ne opakowaniaKolor: szary Wymiary: 59,6&#215;59,6 cmGrubo\u015b\u0107: -Powierzchnia: lapatoRektyfikacja: takMrozoodporno\u015b\u0107: takZastosowanie: wewn\u0105trzKlasa \u015bcieralno\u015bci: -Antypo\u015blizgowo\u015b\u0107: -Pakowanie \/szt.: 4Pakowanie \/m2: 1,42Pilch to polski producent ceramiki wysokiej jako\u015bci. W ofercie znajd\u0105 Pa\u0144stwo p\u0142ytki ceramiczne do \u0142azienek, kuchni i salon\u00f3w; a tak\u017ce mozaiki i dekoracje.Odbi\u00f3r osobisty mo\u017cliwy tylko w Opocznie po wcze\u015bniejszych ustaleniach. &#8230;<\/p>\n<h2>Pilch Cemento Szary 60&#215;60 Pilch<\/h2>\n<p>dinozaury kolorowanki, zagadki s\u0142owne, trudne zagadki logiczne z odpowiedziami, atrakcje dla nastolatk\u00f3w, ma\u0142y ksi\u0105\u017ce cytaty, irma, mia imie<\/p>\n<p>yyyyy<\/p>\n<p>&nbsp;<\/p>\n","protected":false},"excerpt":{"rendered":"<p>Pilch Cemento p\u0142ytka pod\u0142ogowa Gatunek: 1Cena za jeden m2 Sprzeda\u017c tylko na pe\u0142ne opakowaniaKolor: szary Wymiary: 59,6&#215;59,6 cmGrubo\u015b\u0107: -Powierzchnia: lapatoRektyfikacja: takMrozoodporno\u015b\u0107: takZastosowanie: wewn\u0105trzKlasa \u015bcieralno\u015bci: -Antypo\u015blizgowo\u015b\u0107: -Pakowanie \/szt.: 4Pakowanie \/m2: 1,42Pilch to polski producent ceramiki wysokiej jako\u015bci. W ofercie znajd\u0105 Pa\u0144stwo p\u0142ytki ceramiczne do \u0142azienek, kuchni i salon\u00f3w; a tak\u017ce mozaiki i dekoracje.Odbi\u00f3r osobisty mo\u017cliwy tylko [&hellip;]<\/p>\n","protected":false},"featured_media":6300,"comment_status":"closed","ping_status":"open","template":"","meta":[],"product_cat":[1442,889],"product_tag":[845,752],"class_list":["post-6299","product","type-product","status-publish","has-post-thumbnail","hentry","product_cat-pilch","product_cat-plytki","product_tag-ach-spij-kochanie-tekst","product_tag-kuba-imie"],"_links":{"self":[{"href":"http:\/\/klubmamgdynia.pl\/index.php\/wp-json\/wp\/v2\/product\/6299","targetHints":{"allow":["GET"]}}],"collection":[{"href":"http:\/\/klubmamgdynia.pl\/index.php\/wp-json\/wp\/v2\/product"}],"about":[{"href":"http:\/\/klubmamgdynia.pl\/index.php\/wp-json\/wp\/v2\/types\/product"}],"replies":[{"embeddable":true,"href":"http:\/\/klubmamgdynia.pl\/index.php\/wp-json\/wp\/v2\/comments?post=6299"}],"wp:featuredmedia":[{"embeddable":true,"href":"http:\/\/klubmamgdynia.pl\/index.php\/wp-json\/wp\/v2\/media\/6300"}],"wp:attachment":[{"href":"http:\/\/klubmamgdynia.pl\/index.php\/wp-json\/wp\/v2\/media?parent=6299"}],"wp:term":[{"taxonomy":"product_cat","embeddable":true,"href":"http:\/\/klubmamgdynia.pl\/index.php\/wp-json\/wp\/v2\/product_cat?post=6299"},{"taxonomy":"product_tag","embeddable":true,"href":"http:\/\/klubmamgdynia.pl\/index.php\/wp-json\/wp\/v2\/product_tag?post=6299"}],"curies":[{"name":"wp","href":"https:\/\/api.w.org\/{rel}","templated":true}]}}