{"id":6301,"date":"2018-09-24T12:16:29","date_gmt":"2018-09-24T10:16:29","guid":{"rendered":"http:\/\/klubmamgdynia.pl\/index.php\/produkt\/termobuty-dzieciece-ocieplane-czarne\/"},"modified":"2026-04-21T04:59:06","modified_gmt":"2026-04-21T02:59:06","slug":"termobuty-dzieciece-ocieplane-czarne","status":"publish","type":"product","link":"http:\/\/klubmamgdynia.pl\/index.php\/produkt\/termobuty-dzieciece-ocieplane-czarne\/","title":{"rendered":"TermoButy dzieci\u0119ce ocieplane &#8211; czarne"},"content":{"rendered":"<p>Opis produktu:\u2022 wykonano z 3M Thinsulate\u2022 posiada elementy odblaskowe\u2022 ocieplane polarem\u2022 podeszwa mi\u0119kka antypo\u015blizgowa\u2022 zapinane na rzepy\u2022 wyko\u0144czono gumeczk\u0105Materia\u0142 wierzchni to 3M THINSULATE<\/p>\n<h2>TermoButy dzieci\u0119ce ocieplane &#8211; czarne Playshoes<\/h2>\n<p>zagadki o dinozaurach, ch\u0142opcy z placu broni &#8211; test z odpowiedziami, zabawy miko\u0142ajkowe dla dzieci, cytaty o rodzicach<\/p>\n<p>yyyyy<\/p>\n<p>&nbsp;<\/p>\n","protected":false},"excerpt":{"rendered":"<p>Opis produktu:\u2022 wykonano z 3M Thinsulate\u2022 posiada elementy odblaskowe\u2022 ocieplane polarem\u2022 podeszwa mi\u0119kka antypo\u015blizgowa\u2022 zapinane na rzepy\u2022 wyko\u0144czono gumeczk\u0105Materia\u0142 wierzchni to 3M THINSULATE TermoButy dzieci\u0119ce ocieplane &#8211; czarne Playshoes zagadki o dinozaurach, ch\u0142opcy z placu broni &#8211; test z odpowiedziami, zabawy miko\u0142ajkowe dla dzieci, cytaty o rodzicach yyyyy &nbsp;<\/p>\n","protected":false},"featured_media":6302,"comment_status":"closed","ping_status":"open","template":"","meta":[],"product_cat":[1454,1447],"product_tag":[630,620,606,661],"class_list":["post-6301","product","type-product","status-publish","has-post-thumbnail","hentry","product_cat-buty-zimowe-dzieciece","product_cat-playshoes","product_tag-podchwytliwe-zagadki-z-odpowiedziami","product_tag-quiz-opowiesci-z-narnii","product_tag-stala-pod-sniegiem","product_tag-swinka-peppa-kolorowanka"],"_links":{"self":[{"href":"http:\/\/klubmamgdynia.pl\/index.php\/wp-json\/wp\/v2\/product\/6301","targetHints":{"allow":["GET"]}}],"collection":[{"href":"http:\/\/klubmamgdynia.pl\/index.php\/wp-json\/wp\/v2\/product"}],"about":[{"href":"http:\/\/klubmamgdynia.pl\/index.php\/wp-json\/wp\/v2\/types\/product"}],"replies":[{"embeddable":true,"href":"http:\/\/klubmamgdynia.pl\/index.php\/wp-json\/wp\/v2\/comments?post=6301"}],"wp:featuredmedia":[{"embeddable":true,"href":"http:\/\/klubmamgdynia.pl\/index.php\/wp-json\/wp\/v2\/media\/6302"}],"wp:attachment":[{"href":"http:\/\/klubmamgdynia.pl\/index.php\/wp-json\/wp\/v2\/media?parent=6301"}],"wp:term":[{"taxonomy":"product_cat","embeddable":true,"href":"http:\/\/klubmamgdynia.pl\/index.php\/wp-json\/wp\/v2\/product_cat?post=6301"},{"taxonomy":"product_tag","embeddable":true,"href":"http:\/\/klubmamgdynia.pl\/index.php\/wp-json\/wp\/v2\/product_tag?post=6301"}],"curies":[{"name":"wp","href":"https:\/\/api.w.org\/{rel}","templated":true}]}}