{"id":6303,"date":"2015-11-09T09:30:35","date_gmt":"2015-11-09T08:30:35","guid":{"rendered":"http:\/\/klubmamgdynia.pl\/index.php\/produkt\/nuk-freestyle-0-6m-rozowy-2-szt\/"},"modified":"2026-04-24T03:21:28","modified_gmt":"2026-04-24T01:21:28","slug":"nuk-freestyle-0-6m-rozowy-2-szt","status":"publish","type":"product","link":"http:\/\/klubmamgdynia.pl\/index.php\/produkt\/nuk-freestyle-0-6m-rozowy-2-szt\/","title":{"rendered":"Nuk Freestyle 0-6M r\u00f3\u017cowy 2 szt."},"content":{"rendered":"<p>Smoczek uspokajaj\u0105cy Freestyle, NUK, 2 szt.Silikonowy smoczek uspokajaj\u0105cy Freestyle marki NUK stanowi doskona\u0142e akcesorium dla dzieci w r\u00f3\u017cnym wieku, pocz\u0105wszy od pierwszych chwil \u017cycia \u017cycia. Pomaga mu si\u0119 zrelaksowa\u0107 i uspokoi\u0107. Smoczek wykonany zosta\u0142 z bezpiecznego dla dziecka silikonu.Smoczek Freestyle posiada anatomiczny kszta\u0142t zbli\u017cony do brodawki sutkowej mamy, optymalnie dopasowuj\u0105c si\u0119 do jamy ustnej dziecka podczas ssania. Smoczek zmniejsza nacisk na szcz\u0119k\u0119 i z\u0119by dzi\u0119ki cienkiej i w\u0105skiej szyjce. Bardziej sp\u0142aszczona i g\u0142adka od spodu gumka pozwala na zachowanie wystarczaj\u0105cej ilo\u015bci miejsca dla naturalnych ruch\u00f3w ss\u0105cych i powoduje przyjemne uczucie w buzi.Cechy produktu:smoczek silikonowy,wspiera prawid\u0142owy rozw\u00f3j jamy ustnej dziecka,posiada anatomiczny kszta\u0142t,wykonany z bezpiecznych materia\u0142\u00f3w, nie uczula,w zestawie pude\u0142ko do przechowywania smoczk\u00f3w.<\/p>\n<h2>Nuk Freestyle 0-6M r\u00f3\u017cowy 2 szt. NUK<\/h2>\n<p>prezent na roczek nie zabawka, hobbit, malowanki dla dziewczynek, pikachu kolorowanka, imie nadia, mandale do druku, wierszyk o marzannie, quiz dzieci z bullerbyn, szablon zaproszenia na urodziny do wydruku czarno bia\u0142e<\/p>\n<p>yyyyy<\/p>\n<p>&nbsp;<\/p>\n","protected":false},"excerpt":{"rendered":"<p>Smoczek uspokajaj\u0105cy Freestyle, NUK, 2 szt.Silikonowy smoczek uspokajaj\u0105cy Freestyle marki NUK stanowi doskona\u0142e akcesorium dla dzieci w r\u00f3\u017cnym wieku, pocz\u0105wszy od pierwszych chwil \u017cycia \u017cycia. Pomaga mu si\u0119 zrelaksowa\u0107 i uspokoi\u0107. Smoczek wykonany zosta\u0142 z bezpiecznego dla dziecka silikonu.Smoczek Freestyle posiada anatomiczny kszta\u0142t zbli\u017cony do brodawki sutkowej mamy, optymalnie dopasowuj\u0105c si\u0119 do jamy ustnej dziecka [&hellip;]<\/p>\n","protected":false},"featured_media":6304,"comment_status":"closed","ping_status":"open","template":"","meta":[],"product_cat":[251,255],"product_tag":[781,858,735],"class_list":["post-6303","product","type-product","status-publish","has-post-thumbnail","hentry","product_cat-nuk","product_cat-smoczki-uspokajajace","product_tag-cytaty-o-wychowaniu-dzieci","product_tag-podchwytliwe-zagadki","product_tag-prezent-na-roczek-dziewczynka"],"_links":{"self":[{"href":"http:\/\/klubmamgdynia.pl\/index.php\/wp-json\/wp\/v2\/product\/6303","targetHints":{"allow":["GET"]}}],"collection":[{"href":"http:\/\/klubmamgdynia.pl\/index.php\/wp-json\/wp\/v2\/product"}],"about":[{"href":"http:\/\/klubmamgdynia.pl\/index.php\/wp-json\/wp\/v2\/types\/product"}],"replies":[{"embeddable":true,"href":"http:\/\/klubmamgdynia.pl\/index.php\/wp-json\/wp\/v2\/comments?post=6303"}],"wp:featuredmedia":[{"embeddable":true,"href":"http:\/\/klubmamgdynia.pl\/index.php\/wp-json\/wp\/v2\/media\/6304"}],"wp:attachment":[{"href":"http:\/\/klubmamgdynia.pl\/index.php\/wp-json\/wp\/v2\/media?parent=6303"}],"wp:term":[{"taxonomy":"product_cat","embeddable":true,"href":"http:\/\/klubmamgdynia.pl\/index.php\/wp-json\/wp\/v2\/product_cat?post=6303"},{"taxonomy":"product_tag","embeddable":true,"href":"http:\/\/klubmamgdynia.pl\/index.php\/wp-json\/wp\/v2\/product_tag?post=6303"}],"curies":[{"name":"wp","href":"https:\/\/api.w.org\/{rel}","templated":true}]}}