{"id":6305,"date":"2017-02-09T13:58:37","date_gmt":"2017-02-09T12:58:37","guid":{"rendered":"http:\/\/klubmamgdynia.pl\/index.php\/produkt\/dr-best-best-szczoteczka-do-zebow-dla-dzieci-1szt\/"},"modified":"2026-04-25T04:44:47","modified_gmt":"2026-04-25T02:44:47","slug":"dr-best-best-szczoteczka-do-zebow-dla-dzieci-1szt","status":"publish","type":"product","link":"http:\/\/klubmamgdynia.pl\/index.php\/produkt\/dr-best-best-szczoteczka-do-zebow-dla-dzieci-1szt\/","title":{"rendered":"Dr. Best Best Szczoteczka Do Z\u0119b\u00f3w Dla Dzieci 1Szt."},"content":{"rendered":"<p>Szczoteczka ochroni jeszcze mi\u0119kkie szkliwo nowych &#8211; sta\u0142ych z\u0119b\u00f3w. Sta\u0142e z\u0119by u dzieci s\u0105 do 50% bardziej podatne na pr\u00f3chnic\u0119 ni\u017c z\u0119by doros\u0142e i osi\u0105gni\u0119cie pe\u0142nej wytrzyma\u0142o\u015bci zajmuje do 3 lat.Mi\u0119kkie, zaokr\u0105glone w\u0142osie do delikatnego czyszczenia. W\u0142osie o r\u00f3\u017cnej d\u0142ugo\u015bci wspomaga czyszczenie przestrzeni mi\u0119dzyz\u0119bowych. Ergonomiczna r\u0105czka szczoteczki.<\/p>\n<h2>Dr. Best Best Szczoteczka Do Z\u0119b\u00f3w Dla Dzieci 1Szt. <\/h2>\n<p>wierszyki na dobranoc dla dzieci, sky kolorowanka, ahmed, zagadki dla 7 latk\u00f3w, kolorowanka prezent, postacie z bajek kolorowanki, darmowe bajki dla dzieci, atrakcje dla dzieci mazowieckie, \u017cyczenia na lany poniedzia\u0142ek wielkanocny, najlepsze zarty na prima aprilis<\/p>\n<p>yyyyy<\/p>\n<p>&nbsp;<\/p>\n","protected":false},"excerpt":{"rendered":"<p>Szczoteczka ochroni jeszcze mi\u0119kkie szkliwo nowych &#8211; sta\u0142ych z\u0119b\u00f3w. Sta\u0142e z\u0119by u dzieci s\u0105 do 50% bardziej podatne na pr\u00f3chnic\u0119 ni\u017c z\u0119by doros\u0142e i osi\u0105gni\u0119cie pe\u0142nej wytrzyma\u0142o\u015bci zajmuje do 3 lat.Mi\u0119kkie, zaokr\u0105glone w\u0142osie do delikatnego czyszczenia. W\u0142osie o r\u00f3\u017cnej d\u0142ugo\u015bci wspomaga czyszczenie przestrzeni mi\u0119dzyz\u0119bowych. Ergonomiczna r\u0105czka szczoteczki. Dr. Best Best Szczoteczka Do Z\u0119b\u00f3w Dla Dzieci [&hellip;]<\/p>\n","protected":false},"featured_media":6306,"comment_status":"closed","ping_status":"open","template":"","meta":[],"product_cat":[901],"product_tag":[765,852,853,652,806,693],"class_list":["post-6305","product","type-product","status-publish","has-post-thumbnail","hentry","product_cat-pozostale-akcesoria-do-pielegnacji-dzieci","product_tag-atrakcje-dla-dzieci-warszawa","product_tag-jak-zrobic-samolot-z-papieru","product_tag-kolorowanki-do-druku-dla-doroslych","product_tag-otto","product_tag-prezent-dla-dziecka-na-roczek","product_tag-zagadki-dla-doroslych"],"_links":{"self":[{"href":"http:\/\/klubmamgdynia.pl\/index.php\/wp-json\/wp\/v2\/product\/6305","targetHints":{"allow":["GET"]}}],"collection":[{"href":"http:\/\/klubmamgdynia.pl\/index.php\/wp-json\/wp\/v2\/product"}],"about":[{"href":"http:\/\/klubmamgdynia.pl\/index.php\/wp-json\/wp\/v2\/types\/product"}],"replies":[{"embeddable":true,"href":"http:\/\/klubmamgdynia.pl\/index.php\/wp-json\/wp\/v2\/comments?post=6305"}],"wp:featuredmedia":[{"embeddable":true,"href":"http:\/\/klubmamgdynia.pl\/index.php\/wp-json\/wp\/v2\/media\/6306"}],"wp:attachment":[{"href":"http:\/\/klubmamgdynia.pl\/index.php\/wp-json\/wp\/v2\/media?parent=6305"}],"wp:term":[{"taxonomy":"product_cat","embeddable":true,"href":"http:\/\/klubmamgdynia.pl\/index.php\/wp-json\/wp\/v2\/product_cat?post=6305"},{"taxonomy":"product_tag","embeddable":true,"href":"http:\/\/klubmamgdynia.pl\/index.php\/wp-json\/wp\/v2\/product_tag?post=6305"}],"curies":[{"name":"wp","href":"https:\/\/api.w.org\/{rel}","templated":true}]}}