{"id":6307,"date":"2014-02-18T18:48:25","date_gmt":"2014-02-18T17:48:25","guid":{"rendered":"http:\/\/klubmamgdynia.pl\/index.php\/produkt\/klein-zestaw-narzedzi-bosch-36el-8418-zabawka\/"},"modified":"2026-04-07T19:13:25","modified_gmt":"2026-04-07T17:13:25","slug":"klein-zestaw-narzedzi-bosch-36el-8418-zabawka","status":"publish","type":"product","link":"http:\/\/klubmamgdynia.pl\/index.php\/produkt\/klein-zestaw-narzedzi-bosch-36el-8418-zabawka\/","title":{"rendered":"Klein Zestaw narz\u0119dzi Bosch 36el. 8418 &#8211; Zabawka"},"content":{"rendered":"<p>Mega zestaw narz\u0119dzi Bosch, 36 element\u00f3wZestaw majsterkowicza 8418, wyprodukowany przez powszechnie znan\u0105 i cenion\u0105 firm\u0119 Klein, na licencji Bosch, to wspania\u0142a zabawka dla ka\u017cdego ma\u0142ego majsterkowicza.Zestaw sk\u0142ada si\u0119 z \u017c\u00f3\u0142tego, plastikowego kasku ochronnego (kask jest zabawk\u0105, nie stanowi rzeczywistej ochrony), 4 plastikowych imitacji desek z otworami do wkr\u0119cania \u015brub, 9 du\u017cych, czarnych \u015brub z czerwonymi nakr\u0119tkami, 4 gwo\u017adzi, kombinerek, m\u0142otka, \u015brubokr\u0119tu, pi\u0142y z ciemno-zielon\u0105 r\u0105czk\u0105, klucza szwedzkiego oraz z czarno-zielonej, bezprzewodowej wkr\u0119tarki Bosch z trzema wymienialnymi ko\u0144c\u00f3wkami.Wszystkie narz\u0119dzia s\u0105 wykonane z plastiku i bezpieczne dla dziecka. Wkr\u0119tarka wyposa\u017cona zosta\u0142a w regulowane obroty w lewo lub prawo oraz efekty d\u017awi\u0119kowe imituj\u0105ce dzia\u0142anie rzeczywistego urz\u0105dzenia.Zestaw majsterkowicza 8418 od Kleina zapewni d\u0142ugie godziny \u015bwietnej zabawy, kt\u00f3ra przy okazji rozwija koordynacj\u0119 wzrokowo-ruchow\u0105 oraz motoryk\u0119 dziecka.Informacje o produkcieNr katalogowy8418Marka (Zabawki) BrakTematyka (Zawody) MajsterkowiczWymagania wiekowe od 3 latP\u0142e\u0107 (zabawki) Ch\u0142opcyKolor (wyliczeniowy) WielokolorowyWymiaryKask: 20 x 17,5 cmAkcesoria w zestawie KaskWkr\u0119tarka BoschKlucz szwedzkiKombinerki\u015arubokr\u0119tM\u0142otekPi\u0142a9 \u015brub4 gwo\u017adzie3 wymienialne ko\u0144c\u00f3wki do wkr\u0119tarki + jedna we wkr\u0119tarcePozosta\u0142e informacje Kask jest zabawk\u0105 i nie stanowi faktycznej ochronyWszystkie narz\u0119dzia s\u0105 wykonane z plastiku i s\u0105 bezpieczne dla dzieckaWkr\u0119tarka wyposa\u017cona w efekty d\u017awi\u0119koweZabawka wymaga u\u017cycia 3 baterii AA \/ R6 (brak w zestawie)Pozosta\u0142e parametryWymiary opakowania: 51 x 35,7 x 7,2 cm<\/p>\n<h2>Klein Zestaw narz\u0119dzi Bosch 36el. 8418 &#8211; Zabawka Klein<\/h2>\n<p>koty kolorowanki do druku, jak zrobi\u0107 samolot z papieru, quiz o bajkach, mini zoo \u015bl\u0105sk, zabawy ruchowe dla dzieci w wieku szkolnym<\/p>\n<p>yyyyy<\/p>\n<p>&nbsp;<\/p>\n","protected":false},"excerpt":{"rendered":"<p>Mega zestaw narz\u0119dzi Bosch, 36 element\u00f3wZestaw majsterkowicza 8418, wyprodukowany przez powszechnie znan\u0105 i cenion\u0105 firm\u0119 Klein, na licencji Bosch, to wspania\u0142a zabawka dla ka\u017cdego ma\u0142ego majsterkowicza.Zestaw sk\u0142ada si\u0119 z \u017c\u00f3\u0142tego, plastikowego kasku ochronnego (kask jest zabawk\u0105, nie stanowi rzeczywistej ochrony), 4 plastikowych imitacji desek z otworami do wkr\u0119cania \u015brub, 9 du\u017cych, czarnych \u015brub z czerwonymi [&hellip;]<\/p>\n","protected":false},"featured_media":6308,"comment_status":"closed","ping_status":"open","template":"","meta":[],"product_cat":[53,52],"product_tag":[865,808,640,846],"class_list":["post-6307","product","type-product","status-publish","has-post-thumbnail","hentry","product_cat-kaciki-zabaw","product_cat-klein","product_tag-cytaty-o-dzieciach","product_tag-imie-mia","product_tag-prezent-dla-rocznej-dziewczynki","product_tag-rysowanki"],"_links":{"self":[{"href":"http:\/\/klubmamgdynia.pl\/index.php\/wp-json\/wp\/v2\/product\/6307","targetHints":{"allow":["GET"]}}],"collection":[{"href":"http:\/\/klubmamgdynia.pl\/index.php\/wp-json\/wp\/v2\/product"}],"about":[{"href":"http:\/\/klubmamgdynia.pl\/index.php\/wp-json\/wp\/v2\/types\/product"}],"replies":[{"embeddable":true,"href":"http:\/\/klubmamgdynia.pl\/index.php\/wp-json\/wp\/v2\/comments?post=6307"}],"wp:featuredmedia":[{"embeddable":true,"href":"http:\/\/klubmamgdynia.pl\/index.php\/wp-json\/wp\/v2\/media\/6308"}],"wp:attachment":[{"href":"http:\/\/klubmamgdynia.pl\/index.php\/wp-json\/wp\/v2\/media?parent=6307"}],"wp:term":[{"taxonomy":"product_cat","embeddable":true,"href":"http:\/\/klubmamgdynia.pl\/index.php\/wp-json\/wp\/v2\/product_cat?post=6307"},{"taxonomy":"product_tag","embeddable":true,"href":"http:\/\/klubmamgdynia.pl\/index.php\/wp-json\/wp\/v2\/product_tag?post=6307"}],"curies":[{"name":"wp","href":"https:\/\/api.w.org\/{rel}","templated":true}]}}