{"id":6309,"date":"2016-12-03T08:16:44","date_gmt":"2016-12-03T07:16:44","guid":{"rendered":"http:\/\/klubmamgdynia.pl\/index.php\/produkt\/anex-air-x-black-spacerowy\/"},"modified":"2026-04-04T14:31:23","modified_gmt":"2026-04-04T12:31:23","slug":"anex-air-x-black-spacerowy","status":"publish","type":"product","link":"http:\/\/klubmamgdynia.pl\/index.php\/produkt\/anex-air-x-black-spacerowy\/","title":{"rendered":"Anex Air-X Black Spacerowy"},"content":{"rendered":"<p>Anex Air-X to lekki (wa\u017c\u0105cy tylko 8,7 kg) w\u00f3zek spacerowy zaprojektowany dla rodzic\u00f3w kt\u00f3rzy s\u0105 zawsze w ruchu. D\u0142ugi spacer, podr\u00f3\u017c samochodem lub samolotem nie jest z Air-X \u017cadnym problemem. Ta przeznaczona ju\u017c dla noworodk\u00f3w (dzieci w wieku 0+) spacer\u00f3wka rozk\u0142ada i sk\u0142ada si\u0119 za pomoc\u0105 jednej r\u0119ki. Uk\u0142ad jezdny wyposa\u017cony w system \u0142agodzenia wstrz\u0105s\u00f3w i amortyzacj\u0119 wszystkich k\u00f3\u0142 gwarantuje p\u0142ynn\u0105 jazd\u0119 i komfort ma\u0142emu podr\u00f3\u017cnikowi. Charakterystyka produktu: \u2022 lekka aluminiowa rama \u2022 system szybkiego i wygodnego sk\u0142adania za pomoc\u0105 jednej r\u0119ki \u2022 automatyczna blokada przed przypadkowym z\u0142o\u017ceniem si\u0119 ramy (system X-Lock) \u2022 du\u017ce ko\u0142a bezobs\u0142ugowe i amortyzowane \u2022 ko\u0142a przednie obrotowe \u2022 system antydrganiowy zapobiegaj\u0105cy wibracjom k\u00f3\u0142 podczas jazdy \u2022 hamulec centralny na ko\u0142a tylne (system Comfy Stop) \u2022 regulowana budka z du\u017cym daszkiem przeciws\u0142onecznym \u2022 regulowane oparcie i podn\u00f3\u017cek do uzyskania pozycji le\u017c\u0105cej w\u0142\u0105cznie (przeznaczony dla dzieci od urodzenia) \u2022 5-punktowe pasy bezpiecze\u0144stwa z wygodnymi os\u0142onkami \u2022 barierka ochronna z mo\u017cliwo\u015bci\u0105 wypi\u0119cia \u2022 zastosowanie tkanin wodoodpornych (specjalna impregnacja) \u2022 zamki wykonane ze specjalnego odblaskowego materia\u0142u (dobra widoczno\u015b\u0107) \u2022 dwa okienka w budce umo\u017cliwiaj\u0105ce obserwacj\u0119 dziecka podczas spaceru i wentylacj\u0119 \u2022 dwa uchwyty na kubek lub butelk\u0119 (po prawej i lewej stronie stela\u017ca) \u2022 kieszonka na drobiazgi umiejscowiona z ty\u0142u budki \u2022 obszerny kosz na zakupy \u2022 w zestawie praktyczna torba do zapakowania z\u0142o\u017conego w\u00f3zka Regulowana budka z du\u017cym daszkiem przeciws\u0142onecznym. Ko\u0142a bezobs\u0142ugowe, amortyzowane z systemem antydrganiowym. Regulacja oparcia i podn\u00f3\u017cka do pozycji le\u017c\u0105cej w\u0142\u0105cznie. 5-punktowe pasy bezpiecze\u0144stwa z wygodnymi os\u0142onkami. Barierka ochronna z mo\u017cliwo\u015bci\u0105 wypi\u0119cia. Du\u017cy kosz zakupowy na spodzie w\u00f3zka o no\u015bno\u015bci do 5 kg. Szybki i wygodny system sk\u0142adania za pomoc\u0105 jednej r\u0119ki. Kompaktowe rozmiary po z\u0142o\u017ceniu umo\u017cliwiaj\u0105ce transport w samochodzie lub samolocie. W komplecie pokrowiec u\u0142atwiaj\u0105cy transport z\u0142o\u017conego w\u00f3zka. Specyfikacja techniczna: \u2022 waga: 8,7 kg \u2022 wymiary: 87cm x 49cm x 111cm \u2022 w\u00f3zek z\u0142o\u017cony wymiary: 55cm x 45cm x 25cm \u2022 zgodno\u015b\u0107 z norm\u0105 EN 1888:2012 Uwaga: przed z\u0142o\u017ceniem zam\u00f3wienia zalecamy kontakt telefoniczny lub mailowy w sprawie dost\u0119pno\u015bci wybranej wersji. W przypadku braku dost\u0119pno\u015bci czas oczekiwania mo\u017ce si\u0119 przed\u0142u\u017cy\u0107 o czym Pa\u0144stwa poinformujemy.<\/p>\n<h2>Anex Air-X Black Spacerowy Anex<\/h2>\n<p>zagadki o zwierz\u0119tach, zagadki dla dzieci 9-10 lat z odpowiedziami, opis o dziecku, testy na znaki drogowe, opisy o rodzinie, kr\u00f3tkie zagadki dla doros\u0142ych, warszawa dla dzieci, imi\u0119 marcel, zaproszenie na urodziny do druku, prezent na roczek dla chrze\u015bniaka, cytat o przyja\u017ani, lol surprise kolorowanki<\/p>\n<p>yyyyy<\/p>\n<p>&nbsp;<\/p>\n","protected":false},"excerpt":{"rendered":"<p>Anex Air-X to lekki (wa\u017c\u0105cy tylko 8,7 kg) w\u00f3zek spacerowy zaprojektowany dla rodzic\u00f3w kt\u00f3rzy s\u0105 zawsze w ruchu. D\u0142ugi spacer, podr\u00f3\u017c samochodem lub samolotem nie jest z Air-X \u017cadnym problemem. Ta przeznaczona ju\u017c dla noworodk\u00f3w (dzieci w wieku 0+) spacer\u00f3wka rozk\u0142ada i sk\u0142ada si\u0119 za pomoc\u0105 jednej r\u0119ki. Uk\u0142ad jezdny wyposa\u017cony w system \u0142agodzenia wstrz\u0105s\u00f3w [&hellip;]<\/p>\n","protected":false},"featured_media":6310,"comment_status":"closed","ping_status":"open","template":"","meta":[],"product_cat":[1455,71],"product_tag":[610,792,854,713,746],"class_list":["post-6309","product","type-product","status-publish","has-post-thumbnail","hentry","product_cat-anex","product_cat-wozki-spacerowe","product_tag-co-na-prezent-dla-nastolatkow","product_tag-cytaty-o-mamie","product_tag-cytaty-rodzina","product_tag-zagadki-logiczne-z-odpowiedziami","product_tag-zagadki-typu-co-to-jest"],"_links":{"self":[{"href":"http:\/\/klubmamgdynia.pl\/index.php\/wp-json\/wp\/v2\/product\/6309","targetHints":{"allow":["GET"]}}],"collection":[{"href":"http:\/\/klubmamgdynia.pl\/index.php\/wp-json\/wp\/v2\/product"}],"about":[{"href":"http:\/\/klubmamgdynia.pl\/index.php\/wp-json\/wp\/v2\/types\/product"}],"replies":[{"embeddable":true,"href":"http:\/\/klubmamgdynia.pl\/index.php\/wp-json\/wp\/v2\/comments?post=6309"}],"wp:featuredmedia":[{"embeddable":true,"href":"http:\/\/klubmamgdynia.pl\/index.php\/wp-json\/wp\/v2\/media\/6310"}],"wp:attachment":[{"href":"http:\/\/klubmamgdynia.pl\/index.php\/wp-json\/wp\/v2\/media?parent=6309"}],"wp:term":[{"taxonomy":"product_cat","embeddable":true,"href":"http:\/\/klubmamgdynia.pl\/index.php\/wp-json\/wp\/v2\/product_cat?post=6309"},{"taxonomy":"product_tag","embeddable":true,"href":"http:\/\/klubmamgdynia.pl\/index.php\/wp-json\/wp\/v2\/product_tag?post=6309"}],"curies":[{"name":"wp","href":"https:\/\/api.w.org\/{rel}","templated":true}]}}