{"id":6311,"date":"2018-10-28T12:14:15","date_gmt":"2018-10-28T11:14:15","guid":{"rendered":"http:\/\/klubmamgdynia.pl\/index.php\/produkt\/canal-canal-zestaw-do-manicure-z-filcowym-etui-w-kolorze-dzieciecej-czerwieni\/"},"modified":"2026-05-01T10:29:25","modified_gmt":"2026-05-01T08:29:25","slug":"canal-canal-zestaw-do-manicure-z-filcowym-etui-w-kolorze-dzieciecej-czerwieni","status":"publish","type":"product","link":"http:\/\/klubmamgdynia.pl\/index.php\/produkt\/canal-canal-zestaw-do-manicure-z-filcowym-etui-w-kolorze-dzieciecej-czerwieni\/","title":{"rendered":"Canal Canal Zestaw Do Manicure Z Filcowym Etui W Kolorze Dzieci\u0119cej Czerwieni"},"content":{"rendered":"<p>Szczeg\u00f3\u0142y produktu: Wiek: od 0 miesi\u0119cy Design : czerwony Dekolt w kszta\u0142cie dzieci\u0119cych st\u00f3pek dost\u0119pny w kolorze r\u00f3\u017cowym, niebieskim, szarym lub czerwonym Handmade Wykonane w 100% z filcu pochodz\u0105cego z recyklingu Materia\u0142 i wymiary: Materia\u0142 pilnika do paznokci: Szk\u0142o Materia\u0142owe no\u017cyczki do paznokci: Stal nierdzewna Materia\u0142 obudowy: filc pochodz\u0105cy z recyklingu W zestawie: 1 x no\u017cyczki do paznokci dla dzieci, stal nierdzewna, 9 cm 1 x Szklany pilnik do paznokci dla dzieci<\/p>\n<h2>Canal Canal Zestaw Do Manicure Z Filcowym Etui W Kolorze Dzieci\u0119cej Czerwieni <\/h2>\n<p>kawa\u0142 na prima aprilis, walentynka dla syna, zaproszenia na urodziny do wydruku czarno bia\u0142e, maski karnawa\u0142owe dla dzieci szablony, bajki dla dzieci online, kolorowanki kotki, zagadki dla 3 latka<\/p>\n<p>yyyyy<\/p>\n<p>&nbsp;<\/p>\n","protected":false},"excerpt":{"rendered":"<p>Szczeg\u00f3\u0142y produktu: Wiek: od 0 miesi\u0119cy Design : czerwony Dekolt w kszta\u0142cie dzieci\u0119cych st\u00f3pek dost\u0119pny w kolorze r\u00f3\u017cowym, niebieskim, szarym lub czerwonym Handmade Wykonane w 100% z filcu pochodz\u0105cego z recyklingu Materia\u0142 i wymiary: Materia\u0142 pilnika do paznokci: Szk\u0142o Materia\u0142owe no\u017cyczki do paznokci: Stal nierdzewna Materia\u0142 obudowy: filc pochodz\u0105cy z recyklingu W zestawie: 1 x [&hellip;]<\/p>\n","protected":false},"featured_media":6312,"comment_status":"closed","ping_status":"open","template":"","meta":[],"product_cat":[901],"product_tag":[610,640,718],"class_list":["post-6311","product","type-product","status-publish","has-post-thumbnail","hentry","product_cat-pozostale-akcesoria-do-pielegnacji-dzieci","product_tag-co-na-prezent-dla-nastolatkow","product_tag-prezent-dla-rocznej-dziewczynki","product_tag-prezent-na-roczek-dla-chrzesniaka"],"_links":{"self":[{"href":"http:\/\/klubmamgdynia.pl\/index.php\/wp-json\/wp\/v2\/product\/6311","targetHints":{"allow":["GET"]}}],"collection":[{"href":"http:\/\/klubmamgdynia.pl\/index.php\/wp-json\/wp\/v2\/product"}],"about":[{"href":"http:\/\/klubmamgdynia.pl\/index.php\/wp-json\/wp\/v2\/types\/product"}],"replies":[{"embeddable":true,"href":"http:\/\/klubmamgdynia.pl\/index.php\/wp-json\/wp\/v2\/comments?post=6311"}],"wp:featuredmedia":[{"embeddable":true,"href":"http:\/\/klubmamgdynia.pl\/index.php\/wp-json\/wp\/v2\/media\/6312"}],"wp:attachment":[{"href":"http:\/\/klubmamgdynia.pl\/index.php\/wp-json\/wp\/v2\/media?parent=6311"}],"wp:term":[{"taxonomy":"product_cat","embeddable":true,"href":"http:\/\/klubmamgdynia.pl\/index.php\/wp-json\/wp\/v2\/product_cat?post=6311"},{"taxonomy":"product_tag","embeddable":true,"href":"http:\/\/klubmamgdynia.pl\/index.php\/wp-json\/wp\/v2\/product_tag?post=6311"}],"curies":[{"name":"wp","href":"https:\/\/api.w.org\/{rel}","templated":true}]}}