{"id":6313,"date":"2013-05-05T15:41:19","date_gmt":"2013-05-05T13:41:19","guid":{"rendered":"http:\/\/klubmamgdynia.pl\/index.php\/produkt\/bibs-couture-desert-sand-m-smoczek-anatomiczny-silikonowy\/"},"modified":"2026-04-05T18:15:40","modified_gmt":"2026-04-05T16:15:40","slug":"bibs-couture-desert-sand-m-smoczek-anatomiczny-silikonowy","status":"publish","type":"product","link":"http:\/\/klubmamgdynia.pl\/index.php\/produkt\/bibs-couture-desert-sand-m-smoczek-anatomiczny-silikonowy\/","title":{"rendered":"Bibs Couture Desert Sand M Smoczek Anatomiczny Silikonowy"},"content":{"rendered":"<p>BIBS Couture to najbardziej ekskluzywny smoczek z rodziny BIBS.Smoczki BIBS COUTURE to smoczki anatomiczne, znane r\u00f3wnie\u017c jako smoczki ortodontyczne. S\u0105 sp\u0142aszczone od do\u0142u i wypuk\u0142e od g\u00f3ry co zapewnia ich naturalne dopasowanie do podniebienia dziecka i wymusza prawid\u0142owe umieszczenie j\u0119zyka.Wiek: 6 m+Rozmiar: MEkskluzywny smoczek anatomiczny BIBS COUTURE odpowiedni jest dla Noworodk\u00f3w i Niemowl\u0105t od urodzenia.Smoczki BIBS COUTURE to smoczki anatomiczne. Charakteryzuje je sp\u0142aszczenie po jednej stronie i uwypuklenie z drugiej.Taki smoczek z za\u0142o\u017cenia ma dopasowywa\u0107 si\u0119 do kszta\u0142tu jamy ustnej dziecka (wypuk\u0142y od g\u00f3ry przy podniebieniu, p\u0142aski od do\u0142u). Taki typ smoczka zalecany jest przez ortodont\u00f3w i stomatolog\u00f3w jako wspomaganie prawid\u0142owego rozwoju zgryzu oraz podniebienia. Podczas stosowania smoczka anatomicznego, nale\u017cy zawsze pami\u0119ta\u0107 o w\u0142a\u015bciwym u\u0142o\u017ceniu go w jamie ustnej dziecka &#8211; wypuk\u0142a cz\u0119\u015b\u0107 znajduje si\u0119 u g\u00f3ry, p\u0142aska u do\u0142u.Smoczki BIBS COUTURE dzi\u0119ki lustrzanym skrzyd\u0142om motylka pozwalaj\u0105 zaobserwowa\u0107 czy smoczek jest r\u00f3wno u\u0142o\u017cony w buzi dziecka. A\u017curowa tarczka zapobiega zaczerwienieniom, krostkom, wykwitom, odparzeniom bakteryjnym czy powa\u017cniejszym zaka\u017ceniom sk\u00f3ry.Silikonowy ustnik smoczka ma innowacyjne rze\u017abienie kt\u00f3re wzmacnia materia\u0142, dzi\u0119ki czemu jest bardziej odporny ni\u017c inne smoczki silikonowe.Smoczek posiada specjalny system wentylacyjny, kt\u00f3rym wypuszczane jest powietrze gdy dziecko zamyka usta na smoczku. Smoczek nie ro\u015bnie zatem w buzi dziecka bo powietrze jest wypychane na zewn\u0105trz.W\u0142a\u015bciwo\u015bci anatomicznych smoczk\u00f3w BIBS wykonanych z organicznego kauczuku100% bezpiecznenie zawiera BPA 0%nie zawiera PVC 0%nie zawiera ftalan\u00f3w 0%Made in DenmarkDlaczego warto wybra\u0107 smoczek anatomiczny BIBS COUTURE ?fizjologiczne ssanie, wspomagaj\u0105 prawid\u0142owy rozw\u00f3j trwa\u0142o\u015b\u0107 silikonu, s\u0105 wytrzymalsze od naturalnego kauczuku z drzewa Heveadobrze wyprofilowana, a\u017curowa tarczkaINFORMACJEUstnik wykonany jest z silikonu spo\u017cywczegoProdukt nie zawiera ropopochodnych toksyn np. BPA. Spe\u0142nia wymogi europejskie (EU) No. 321\/2011.Produkt wykonano w DaniiSK\u0141ADSmoczek: 100% silikonOs\u0142onka: polipropylen (PP)WYMIARYwysoko\u015b\u0107 ustnika od tarczki: 28-30 mmwymiary os\u0142onki\/tarczki: 37 x 59 mmINSTRUKCJA U\u017bYTKOWANIAPrzed pierwszym u\u017cyciem nale\u017cy umy\u0107 produkt a nast\u0119pnie zala\u0107 wrz\u0105tkiem na 5 min. a nast\u0119pnie wyci\u0105gn\u0105\u0107 i pozostawi\u0107 do wystudzenia.Przed ka\u017cdym u\u017cyciem nale\u017cy umy\u0107 smoczek w wodzie z myd\u0142em i pozostawi\u0107 do wyschni\u0119cia.Produkt nie nadaje si\u0119 do mycia w zmywarceProdukt nie nadaje si\u0119 do sterylizacji w mikrofal\u00f3wceSmoczek nale\u017cy wymienia\u0107 co 4-6 tygodni lub wcze\u015bniej ze wzgl\u0119d\u00f3w bezpiecze\u0144stwa i higienyNale\u017cy osuszy\u0107 smoczek po ka\u017cdorazowym u\u017cytkowaniuOSTRZE\u017bENIEDLA BEZPIECZE\u0143STWA I ZDROWIA TWOJEGO DZIECKAProdukt mo\u017ce by\u0107 u\u017cywany wy\u0142\u0105cznie pod nadzorem osoby doros\u0142ejNigdy nie pozostawiaj smoczka w miejscu nas\u0142onecznienia (bezpo\u015bredniej propagacji s\u0142onecznej), bezpo\u015bredniego ciep\u0142a lub w p\u0142ynach lub urz\u0105dzenia dezynfekuj\u0105cych d\u0142u\u017cej ni\u017c jest to wskazane (w opisie p\u0142ynu lub urz\u0105dzenia), poniewa\u017c mo\u017ce to skutkowa\u0107 os\u0142abieniem smoczka a w skrajnych przypadkach jego zniszczeniem.Przed ka\u017cdym u\u017cyciem nale\u017cy sprawdzi\u0107 stan smoczka, przekrzywiaj\u0105c go w ka\u017cdym mo\u017cliwym kierunku.Nale\u017cy wyrzuci\u0107 w przypadku jakichkolwiek oznak uszkodzenia lub os\u0142abienia materia\u0142u.<\/p>\n<h2>Bibs Couture Desert Sand M Smoczek Anatomiczny Silikonowy Bibs<\/h2>\n<p>znaczenie imienia alan, krotkie zagadki, ciekawe zagadki, zagadki matematyczne dla przedszkolak\u00f3w, quiz z bajek, znaczenie imiona dawid, zabawki na roczek dla dziewczynki, w\u0142ochy, leonardo imie, hymn g\u00f3rniczy<\/p>\n<p>yyyyy<\/p>\n<p>&nbsp;<\/p>\n","protected":false},"excerpt":{"rendered":"<p>BIBS Couture to najbardziej ekskluzywny smoczek z rodziny BIBS.Smoczki BIBS COUTURE to smoczki anatomiczne, znane r\u00f3wnie\u017c jako smoczki ortodontyczne. S\u0105 sp\u0142aszczone od do\u0142u i wypuk\u0142e od g\u00f3ry co zapewnia ich naturalne dopasowanie do podniebienia dziecka i wymusza prawid\u0142owe umieszczenie j\u0119zyka.Wiek: 6 m+Rozmiar: MEkskluzywny smoczek anatomiczny BIBS COUTURE odpowiedni jest dla Noworodk\u00f3w i Niemowl\u0105t od urodzenia.Smoczki [&hellip;]<\/p>\n","protected":false},"featured_media":6314,"comment_status":"closed","ping_status":"open","template":"","meta":[],"product_cat":[1456,255],"product_tag":[650,655,842,596,579,746,796],"class_list":["post-6313","product","type-product","status-publish","has-post-thumbnail","hentry","product_cat-bibs","product_cat-smoczki-uspokajajace","product_tag-choinka-z-bibuly","product_tag-najlepsze-zagadki","product_tag-plac-zabaw-poznan","product_tag-pomysly-na-prima-aprilis","product_tag-quiz-opowiesci-z-narnii-lew-czarownica-i-stara-szafa","product_tag-zagadki-typu-co-to-jest","product_tag-zagatki"],"_links":{"self":[{"href":"http:\/\/klubmamgdynia.pl\/index.php\/wp-json\/wp\/v2\/product\/6313","targetHints":{"allow":["GET"]}}],"collection":[{"href":"http:\/\/klubmamgdynia.pl\/index.php\/wp-json\/wp\/v2\/product"}],"about":[{"href":"http:\/\/klubmamgdynia.pl\/index.php\/wp-json\/wp\/v2\/types\/product"}],"replies":[{"embeddable":true,"href":"http:\/\/klubmamgdynia.pl\/index.php\/wp-json\/wp\/v2\/comments?post=6313"}],"wp:featuredmedia":[{"embeddable":true,"href":"http:\/\/klubmamgdynia.pl\/index.php\/wp-json\/wp\/v2\/media\/6314"}],"wp:attachment":[{"href":"http:\/\/klubmamgdynia.pl\/index.php\/wp-json\/wp\/v2\/media?parent=6313"}],"wp:term":[{"taxonomy":"product_cat","embeddable":true,"href":"http:\/\/klubmamgdynia.pl\/index.php\/wp-json\/wp\/v2\/product_cat?post=6313"},{"taxonomy":"product_tag","embeddable":true,"href":"http:\/\/klubmamgdynia.pl\/index.php\/wp-json\/wp\/v2\/product_tag?post=6313"}],"curies":[{"name":"wp","href":"https:\/\/api.w.org\/{rel}","templated":true}]}}