{"id":6315,"date":"2014-02-22T18:52:27","date_gmt":"2014-02-22T17:52:27","guid":{"rendered":"http:\/\/klubmamgdynia.pl\/index.php\/produkt\/nosiboo-zestaw-akcesoriow-do-aspiratora-niebieski\/"},"modified":"2026-04-07T13:22:02","modified_gmt":"2026-04-07T11:22:02","slug":"nosiboo-zestaw-akcesoriow-do-aspiratora-niebieski","status":"publish","type":"product","link":"http:\/\/klubmamgdynia.pl\/index.php\/produkt\/nosiboo-zestaw-akcesoriow-do-aspiratora-niebieski\/","title":{"rendered":"Nosiboo Zestaw Akcesori\u00f3w Do Aspiratora Niebieski"},"content":{"rendered":"<p>Zestaw akcesori\u00f3w nosiboo pro sk\u0142ada si\u0119 z cz\u0119\u015bci zamiennych do aspiratora nosiboo Pro. Idealne opakowanie zast\u0119pcze dla rodzin wielodzietnych i do wymiany zagubionej cz\u0119\u015bci. Szczeg\u00f3\u0142y: design: niebieski Zestaw cz\u0119\u015bci zamiennych do aspiratora nosiboo Pro nie zawiera BPA Wysy\u0142ka obejmuje: 1 x g\u0142owa Colibri 2 x elementy ko\u0144cowe 1 x przew\u00f3d 1 x filtr<\/p>\n<h2>Nosiboo Zestaw Akcesori\u00f3w Do Aspiratora Niebieski Nosiboo<\/h2>\n<p>test miko\u0142ajek, cytaty o przyja\u017ani kr\u00f3tkie, zaproszenie na urodziny, magiczne drzewo czerwone krzes\u0142o test, mia imi\u0119, dzien matki cytaty, tabliczka mno\u017cenia do druku, domki nad morzem z atrakcjami dla dzieci, zagadki dla dzieci 9 10 lat z odpowiedziami<\/p>\n<p>yyyyy<\/p>\n<p>&nbsp;<\/p>\n","protected":false},"excerpt":{"rendered":"<p>Zestaw akcesori\u00f3w nosiboo pro sk\u0142ada si\u0119 z cz\u0119\u015bci zamiennych do aspiratora nosiboo Pro. Idealne opakowanie zast\u0119pcze dla rodzin wielodzietnych i do wymiany zagubionej cz\u0119\u015bci. Szczeg\u00f3\u0142y: design: niebieski Zestaw cz\u0119\u015bci zamiennych do aspiratora nosiboo Pro nie zawiera BPA Wysy\u0142ka obejmuje: 1 x g\u0142owa Colibri 2 x elementy ko\u0144cowe 1 x przew\u00f3d 1 x filtr Nosiboo Zestaw [&hellip;]<\/p>\n","protected":false},"featured_media":6316,"comment_status":"closed","ping_status":"open","template":"","meta":[],"product_cat":[953,1457],"product_tag":[658,768,618,748],"class_list":["post-6315","product","type-product","status-publish","has-post-thumbnail","hentry","product_cat-aspiratory-i-gruszki-do-nosa","product_cat-nosiboo","product_tag-alan-znaczenie-imienia","product_tag-krotkie-zagadki-logiczne","product_tag-lato-lato-lato-czeka-tekst","product_tag-okolice-wroclawia-atrakcje"],"_links":{"self":[{"href":"http:\/\/klubmamgdynia.pl\/index.php\/wp-json\/wp\/v2\/product\/6315","targetHints":{"allow":["GET"]}}],"collection":[{"href":"http:\/\/klubmamgdynia.pl\/index.php\/wp-json\/wp\/v2\/product"}],"about":[{"href":"http:\/\/klubmamgdynia.pl\/index.php\/wp-json\/wp\/v2\/types\/product"}],"replies":[{"embeddable":true,"href":"http:\/\/klubmamgdynia.pl\/index.php\/wp-json\/wp\/v2\/comments?post=6315"}],"wp:featuredmedia":[{"embeddable":true,"href":"http:\/\/klubmamgdynia.pl\/index.php\/wp-json\/wp\/v2\/media\/6316"}],"wp:attachment":[{"href":"http:\/\/klubmamgdynia.pl\/index.php\/wp-json\/wp\/v2\/media?parent=6315"}],"wp:term":[{"taxonomy":"product_cat","embeddable":true,"href":"http:\/\/klubmamgdynia.pl\/index.php\/wp-json\/wp\/v2\/product_cat?post=6315"},{"taxonomy":"product_tag","embeddable":true,"href":"http:\/\/klubmamgdynia.pl\/index.php\/wp-json\/wp\/v2\/product_tag?post=6315"}],"curies":[{"name":"wp","href":"https:\/\/api.w.org\/{rel}","templated":true}]}}