{"id":6317,"date":"2011-01-20T06:14:25","date_gmt":"2011-01-20T05:14:25","guid":{"rendered":"http:\/\/klubmamgdynia.pl\/index.php\/produkt\/baby-born-surprise-minis-plaza-904749\/"},"modified":"2026-05-01T14:33:21","modified_gmt":"2026-05-01T12:33:21","slug":"baby-born-surprise-minis-plaza-904749","status":"publish","type":"product","link":"http:\/\/klubmamgdynia.pl\/index.php\/produkt\/baby-born-surprise-minis-plaza-904749\/","title":{"rendered":"Baby Born Surprise Minis Pla\u017ca 904749"},"content":{"rendered":"<p>Czy w kokonie ukrywa si\u0119 dwoje lub troje dzieci? Bocian wnosi do domu jeszcze wi\u0119cej dzieci\u0119cej rado\u015bci. Jej wielokrotne narodziny zapewniaj\u0105 zaskakuj\u0105ce b\u0142ogos\u0142awie\u0144stwo dzieci. Czy w twoim kokonie ukrywaj\u0105 si\u0119 dwa lub trzy sze\u015bciocentymetrowe Mini Baby? Bli\u017aniaki i trojaczki ciesz\u0105 si\u0119 swobodnym \u017cyciem na pla\u017cy. Przytulaj\u0105 si\u0119 w rozgwiazdy, muszle i wszelkiego rodzaju torby z przek\u0105skami, kt\u00f3re zabierasz ze sob\u0105 na wycieczk\u0119 na pla\u017c\u0119. Ubranka, czapeczki i w\u0142osy dzieci s\u0105 specjalnie kszta\u0142towane i drukowane, aby pasowa\u0142y do motywu ich kocyka. Niespodzianka w postaci paczki wielokrotno\u015bci mie\u015bci si\u0119 w pi\u0119trowym \u0142\u00f3\u017cku. Mistrz Adebar ju\u017c cieszy si\u0119 na przytulne bocianie \u0142\u00f3\u017cko &#8211; er, pi\u0119trowe \u0142\u00f3\u017cko. Szczeg\u00f3\u0142y produktu: BABY born\u00ae Niespodzianka Do zabawy i zbierania Urozmaicona zabawa (role) z BABY born\u00ae Surprise pobudza wyobra\u017ani\u0119 i jak udowodniono wspiera rozw\u00f3j umiej\u0119tno\u015bci spo\u0142ecznych i warto\u015bci takich jak odpowiedzialno\u015b\u0107, komunikacja i empatia. Dwoje lub troje niemowl\u0105t w kokonie z \u0142\u00f3\u017ceczkiem, aktem urodzenia i przegl\u0105dem niemowl\u0105t 9 r\u00f3\u017cnych pakiet\u00f3w niespodzianek Wiek: od 3 lat Uwaga Nieodpowiednie dla dzieci poni\u017cej 3 lat. Zawiera ma\u0142e cz\u0119\u015bci, kt\u00f3re mog\u0105 zosta\u0107 po\u0142kni\u0119te. Niebezpiecze\u0144stwo zad\u0142awienia! Ten artyku\u0142 jest dost\u0119pny w r\u00f3\u017cnych wersjach. Nie ma mo\u017cliwo\u015bci wst\u0119pnego wyboru konkretnego Design lub koloru podczas sk\u0142adania zam\u00f3wienia. Otrzymasz przedmiot z tego asortymentu.<\/p>\n<h2>Baby Born Surprise Minis Pla\u017ca 904749 BABY BORN<\/h2>\n<p>znaki drogowe quizy, bajka terapeutyczna o z\u0142o\u015bci pdf, imie paula, zaproszenia do druku, postacie z bajek, znaczenie imienia gabriel, dyplomy szablony pdf, imi\u0119 kostek<\/p>\n<p>yyyyy<\/p>\n<p>&nbsp;<\/p>\n","protected":false},"excerpt":{"rendered":"<p>Czy w kokonie ukrywa si\u0119 dwoje lub troje dzieci? Bocian wnosi do domu jeszcze wi\u0119cej dzieci\u0119cej rado\u015bci. Jej wielokrotne narodziny zapewniaj\u0105 zaskakuj\u0105ce b\u0142ogos\u0142awie\u0144stwo dzieci. Czy w twoim kokonie ukrywaj\u0105 si\u0119 dwa lub trzy sze\u015bciocentymetrowe Mini Baby? Bli\u017aniaki i trojaczki ciesz\u0105 si\u0119 swobodnym \u017cyciem na pla\u017cy. Przytulaj\u0105 si\u0119 w rozgwiazdy, muszle i wszelkiego rodzaju torby z [&hellip;]<\/p>\n","protected":false},"featured_media":6318,"comment_status":"closed","ping_status":"open","template":"","meta":[],"product_cat":[176,65],"product_tag":[776,694,635],"class_list":["post-6317","product","type-product","status-publish","has-post-thumbnail","hentry","product_cat-baby-born","product_cat-lalki","product_tag-dobrej-nocy","product_tag-zagadki-swiateczne-dla-dzieci","product_tag-znaki-drogowe-do-druku"],"_links":{"self":[{"href":"http:\/\/klubmamgdynia.pl\/index.php\/wp-json\/wp\/v2\/product\/6317","targetHints":{"allow":["GET"]}}],"collection":[{"href":"http:\/\/klubmamgdynia.pl\/index.php\/wp-json\/wp\/v2\/product"}],"about":[{"href":"http:\/\/klubmamgdynia.pl\/index.php\/wp-json\/wp\/v2\/types\/product"}],"replies":[{"embeddable":true,"href":"http:\/\/klubmamgdynia.pl\/index.php\/wp-json\/wp\/v2\/comments?post=6317"}],"wp:featuredmedia":[{"embeddable":true,"href":"http:\/\/klubmamgdynia.pl\/index.php\/wp-json\/wp\/v2\/media\/6318"}],"wp:attachment":[{"href":"http:\/\/klubmamgdynia.pl\/index.php\/wp-json\/wp\/v2\/media?parent=6317"}],"wp:term":[{"taxonomy":"product_cat","embeddable":true,"href":"http:\/\/klubmamgdynia.pl\/index.php\/wp-json\/wp\/v2\/product_cat?post=6317"},{"taxonomy":"product_tag","embeddable":true,"href":"http:\/\/klubmamgdynia.pl\/index.php\/wp-json\/wp\/v2\/product_tag?post=6317"}],"curies":[{"name":"wp","href":"https:\/\/api.w.org\/{rel}","templated":true}]}}